{"id":17857,"date":"2024-01-24T12:40:01","date_gmt":"2024-01-24T10:40:01","guid":{"rendered":"https:\/\/www.kartes.lv\/?post_type=product&#038;p=17857"},"modified":"2026-03-24T10:12:12","modified_gmt":"2026-03-24T08:12:12","slug":"globuss-gipsy-30cm-latviesu-valoda-pasaules-dzivnieki","status":"publish","type":"product","link":"https:\/\/www.kartes.lv\/lv\/product\/globuss-gipsy-30cm-latviesu-valoda-pasaules-dzivnieki\/","title":{"rendered":"Globuss Gipsy &#8220;Pasaules dz\u012bvnieki&#8221; 30 cm (latvie\u0161u valod\u0101)"},"content":{"rendered":"<p>\u012apa\u0161i b\u0113rniem veidots globuss latvie\u0161u valod\u0101 ar pasaules fizio\u0123eogr\u0101fisko karti, kuru papildina ilustr\u0101cijas ar dz\u012bvniekiem, augiem, iev\u0113rojam\u0101m celtn\u0113m un citiem valstu simboliem.<\/p>\n<p>Iesl\u0113dzot apgaismojumu, iesp\u0113jams iepaz\u012bt ar\u012b pasaules valstu politisk\u0101s robe\u017eas.<\/p>\n<p>Globusa izgaismo\u0161anai tiek izmantota 18 W halog\u0113na spuldze.<\/p>","protected":false},"excerpt":{"rendered":"<p><strong>Latvie\u0161u valod\u0101<\/strong><\/p>\n<p>Plastik\u0101ta pamatne un meridi\u0101ns<br \/>\nDiametrs 30 cm, augstums 42 cm<br \/>\nKastes izm\u0113rs 30 x 30 x 31 cm<br \/>\n18W halog\u0113na spuldze<br \/>\nRa\u017eot\u0101js: Tecnodidattica<\/p>\n<div>EAN: 8007239990098<\/div>\n","protected":false},"featured_media":17951,"comment_status":"closed","ping_status":"closed","template":"","meta":[],"product_brand":[],"product_cat":[113,32,86],"product_tag":[],"class_list":{"0":"post-17857","1":"product","2":"type-product","3":"status-publish","4":"has-post-thumbnail","6":"product_cat-skoleniem","7":"product_cat-globusi","8":"product_cat-davanas","10":"first","11":"outofstock","12":"taxable","13":"shipping-taxable","14":"purchasable","15":"product-type-simple"},"_links":{"self":[{"href":"https:\/\/www.kartes.lv\/lv\/wp-json\/wp\/v2\/product\/17857","targetHints":{"allow":["GET"]}}],"collection":[{"href":"https:\/\/www.kartes.lv\/lv\/wp-json\/wp\/v2\/product"}],"about":[{"href":"https:\/\/www.kartes.lv\/lv\/wp-json\/wp\/v2\/types\/product"}],"replies":[{"embeddable":true,"href":"https:\/\/www.kartes.lv\/lv\/wp-json\/wp\/v2\/comments?post=17857"}],"wp:featuredmedia":[{"embeddable":true,"href":"https:\/\/www.kartes.lv\/lv\/wp-json\/wp\/v2\/media\/17951"}],"wp:attachment":[{"href":"https:\/\/www.kartes.lv\/lv\/wp-json\/wp\/v2\/media?parent=17857"}],"wp:term":[{"taxonomy":"product_brand","embeddable":true,"href":"https:\/\/www.kartes.lv\/lv\/wp-json\/wp\/v2\/product_brand?post=17857"},{"taxonomy":"product_cat","embeddable":true,"href":"https:\/\/www.kartes.lv\/lv\/wp-json\/wp\/v2\/product_cat?post=17857"},{"taxonomy":"product_tag","embeddable":true,"href":"https:\/\/www.kartes.lv\/lv\/wp-json\/wp\/v2\/product_tag?post=17857"}],"curies":[{"name":"wp","href":"https:\/\/api.w.org\/{rel}","templated":true}]}}