{"id":17963,"date":"2024-02-14T12:01:28","date_gmt":"2024-02-14T10:01:28","guid":{"rendered":"https:\/\/www.kartes.lv\/?post_type=product&#038;p=17963"},"modified":"2025-08-31T15:23:36","modified_gmt":"2025-08-31T12:23:36","slug":"latvijas-administrativa-sienas-karte-uz-magnetiskas-tafeles","status":"publish","type":"product","link":"https:\/\/www.kartes.lv\/lv\/product\/latvijas-administrativa-sienas-karte-uz-magnetiskas-tafeles\/","title":{"rendered":"Latvijas administrat\u012bv\u0101 sienas karte uz magn\u0113tisk\u0101s t\u0101feles (nocenots)"},"content":{"rendered":"<p>\u2022 Karte ar magn\u0113tisku pamatni<br \/>\n\u2022 Lamin\u0113ta virsma rakst\u012b\u0161anai ar mar\u0137ieriem kas paredz\u0113ti baltaj\u0101m t\u0101fel\u0113m un inform\u0101cijas atz\u012bm\u0113\u0161anai ar magn\u0113tiem<br \/>\n\u2022 Iztur\u012bgs alum\u012bnija r\u0101mis ar plastmasas st\u016br\u012b\u0161iem<br \/>\n\u2022 \u010cetri sl\u0113ptie stiprin\u0101jumi t\u0101feles st\u016bros piestiprin\u0101\u0161anai pie sienas<br \/>\n\u2022 Komplekts mont\u0101\u017eai<\/p>\n<p><strong>*Z\u012bm\u0113\u0161anai uz kartes dr\u012bkst izmantot tikai nepermanentos mar\u0137ierus!<\/strong><\/p>\n<p>Par pieg\u0101des izmaks\u0101m j\u0101vienojas atsevi\u0161\u0137i!<\/p>","protected":false},"excerpt":{"rendered":"<p>NB! <strong>Magn\u0113tisk\u0101 t\u0101fele ir viegli sav\u0113rpusies!<\/strong><\/p>\n","protected":false},"featured_media":5309,"comment_status":"closed","ping_status":"closed","template":"","meta":[],"product_brand":[],"product_cat":[111],"product_tag":[],"class_list":{"0":"post-17963","1":"product","2":"type-product","3":"status-publish","4":"has-post-thumbnail","6":"product_cat-nocenots","8":"first","9":"instock","10":"sale","11":"taxable","12":"shipping-taxable","13":"purchasable","14":"product-type-simple"},"_links":{"self":[{"href":"https:\/\/www.kartes.lv\/lv\/wp-json\/wp\/v2\/product\/17963","targetHints":{"allow":["GET"]}}],"collection":[{"href":"https:\/\/www.kartes.lv\/lv\/wp-json\/wp\/v2\/product"}],"about":[{"href":"https:\/\/www.kartes.lv\/lv\/wp-json\/wp\/v2\/types\/product"}],"replies":[{"embeddable":true,"href":"https:\/\/www.kartes.lv\/lv\/wp-json\/wp\/v2\/comments?post=17963"}],"wp:featuredmedia":[{"embeddable":true,"href":"https:\/\/www.kartes.lv\/lv\/wp-json\/wp\/v2\/media\/5309"}],"wp:attachment":[{"href":"https:\/\/www.kartes.lv\/lv\/wp-json\/wp\/v2\/media?parent=17963"}],"wp:term":[{"taxonomy":"product_brand","embeddable":true,"href":"https:\/\/www.kartes.lv\/lv\/wp-json\/wp\/v2\/product_brand?post=17963"},{"taxonomy":"product_cat","embeddable":true,"href":"https:\/\/www.kartes.lv\/lv\/wp-json\/wp\/v2\/product_cat?post=17963"},{"taxonomy":"product_tag","embeddable":true,"href":"https:\/\/www.kartes.lv\/lv\/wp-json\/wp\/v2\/product_tag?post=17963"}],"curies":[{"name":"wp","href":"https:\/\/api.w.org\/{rel}","templated":true}]}}