{"id":18026,"date":"2024-02-29T11:19:51","date_gmt":"2024-02-29T09:19:51","guid":{"rendered":"https:\/\/www.kartes.lv\/?post_type=product&#038;p=18026"},"modified":"2026-02-27T12:21:46","modified_gmt":"2026-02-27T10:21:46","slug":"sarkans-automobilis-melna-nakti-kolbergs","status":"publish","type":"product","link":"https:\/\/www.kartes.lv\/lv\/product\/sarkans-automobilis-melna-nakti-kolbergs\/","title":{"rendered":"Sarkans automobilis meln\u0101 nakt\u012b"},"content":{"rendered":"<p><em>&#8220;Es nerakstu par m\u012blest\u012bbu. Es nerakstu par noziegumiem. Neviens neraksta. Rakstnieku vien\u012bgais izp\u0113tes objekts ir Dz\u012bve. T\u0101 ir raiba un kr\u0101saina, ne vienm\u0113r spo\u017ea, bet taj\u0101 noteikti sak\u0146ojas ar\u012b m\u012blest\u012bba un noziedz\u012bba.&#8221;<\/em> A.Kolbergs<\/p>\n<p>Pension\u0113ts krimin\u0101lizmekl\u0113\u0161anas inspektors r\u0101mi vada savas dienas J\u016brmalas m\u0101j\u0101, v\u0113rojot \u0161odienas pasauli un kav\u0113joties atmi\u0146\u0101s &#8211; liet\u0101s, kas vi\u0146am joproj\u0101m nedod miera. Tik\u0101m recid\u012bvists Kims Ponopoliss, kur\u0161 re\u0123istros savulaik palicis k\u0101 nenotverts, nok\u013cuvis policijas dienask\u0101rt\u012bb\u0101 k\u0101 iesp\u0113jamais aizdom\u0101s turamais arvien bie\u017e\u0101kaj\u0101s b\u0113rnu pazu\u0161an\u0101s. Policijas \u0161efs bezcer\u012bg\u0101s lietas \u0161\u0137etin\u0101\u0161an\u0101 nolemj neofici\u0101li pieaicin\u0101t veco kol\u0113\u0123i, pat nenojau\u0161ot, pie k\u0101 tas izmekl\u0113\u0161anu noved\u012bs.<\/p>","protected":false},"excerpt":{"rendered":"<p>2008. gada izdevums<br \/>\nAutors: A. Kolbergs<br \/>\nV\u0101ka z\u012bm\u0113jums un ekslibri: Imants Ozoli\u0146\u0161<br \/>\nIzdevniec\u012bba: Fonds AKA J\u016brmal\u0101<\/p>\n<p>EAN: 9789984548128<\/p>\n","protected":false},"featured_media":18033,"comment_status":"closed","ping_status":"closed","template":"","meta":[],"product_brand":[],"product_cat":[12,132],"product_tag":[],"class_list":{"0":"post-18026","1":"product","2":"type-product","3":"status-publish","4":"has-post-thumbnail","6":"product_cat-gramatas","7":"product_cat-pedejie-eksemplari","9":"first","10":"instock","11":"sale","12":"taxable","13":"shipping-taxable","14":"purchasable","15":"product-type-simple"},"_links":{"self":[{"href":"https:\/\/www.kartes.lv\/lv\/wp-json\/wp\/v2\/product\/18026","targetHints":{"allow":["GET"]}}],"collection":[{"href":"https:\/\/www.kartes.lv\/lv\/wp-json\/wp\/v2\/product"}],"about":[{"href":"https:\/\/www.kartes.lv\/lv\/wp-json\/wp\/v2\/types\/product"}],"replies":[{"embeddable":true,"href":"https:\/\/www.kartes.lv\/lv\/wp-json\/wp\/v2\/comments?post=18026"}],"wp:featuredmedia":[{"embeddable":true,"href":"https:\/\/www.kartes.lv\/lv\/wp-json\/wp\/v2\/media\/18033"}],"wp:attachment":[{"href":"https:\/\/www.kartes.lv\/lv\/wp-json\/wp\/v2\/media?parent=18026"}],"wp:term":[{"taxonomy":"product_brand","embeddable":true,"href":"https:\/\/www.kartes.lv\/lv\/wp-json\/wp\/v2\/product_brand?post=18026"},{"taxonomy":"product_cat","embeddable":true,"href":"https:\/\/www.kartes.lv\/lv\/wp-json\/wp\/v2\/product_cat?post=18026"},{"taxonomy":"product_tag","embeddable":true,"href":"https:\/\/www.kartes.lv\/lv\/wp-json\/wp\/v2\/product_tag?post=18026"}],"curies":[{"name":"wp","href":"https:\/\/api.w.org\/{rel}","templated":true}]}}