{"id":18028,"date":"2024-02-29T11:40:10","date_gmt":"2024-02-29T09:40:10","guid":{"rendered":"https:\/\/www.kartes.lv\/?post_type=product&#038;p=18028"},"modified":"2025-08-04T10:49:22","modified_gmt":"2025-08-04T07:49:22","slug":"latvijas-ipasi-aizsargajamo-teritoriju-karte","status":"publish","type":"product","link":"https:\/\/www.kartes.lv\/lv\/product\/latvijas-ipasi-aizsargajamo-teritoriju-karte\/","title":{"rendered":"Latvijas \u012bpa\u0161i aizsarg\u0101jamo dabas teritoriju sienas karte"},"content":{"rendered":"<p>Latvijas \u012bpa\u0161i aizsarg\u0101jamo dabas teritoriju kart\u0113 ir att\u0113lotas visas Natura 2000 t\u012bkl\u0101 iek\u013cauto \u012bpa\u0161i aizsarg\u0101jamo dabas teritoriju kategorijas: biosf\u0113ras rezerv\u0101ts, dabas rezerv\u0101ti, nacion\u0101lie parki, dabas liegumi, dabas parki, aizsarg\u0101jamo ainavu apvidi, aizsarg\u0101jam\u0101s j\u016bras teritorijas, mikroliegumi, dabas pieminek\u013ci, aizsarg\u0101jamie dendrolo\u0123iskie st\u0101d\u012bjumi un aizsarg\u0101jam\u0101s alejas.<\/p>\n<p>Karti papildina tabula ar visu atz\u012bm\u0113to aizsarg\u0101jamo dabas objektu uzskait\u012bjumu un novietojumu kart\u0113.<\/p>\n<p>2024. gada izdevums<br \/>\nM\u0113rogs 1: 500 000<br \/>\nIzdrukas izm\u0113rs 96 x 69 cm<\/p>\n<p><strong>Pieejama p\u0113c pas\u016bt\u012bjuma.<\/strong> Izgatavojam 2-3 darba dienu laik\u0101.<\/p>\n<p><!--StartFragment --><\/p>\n<p class=\"pf0\"><em><span class=\"cf0\">Ja v\u0113laties \u0161o karti cit\u0101 izm\u0113r\u0101 vai uz cita veida materi\u0101la (abpus\u0113ji lamin\u0113tu, uzdruk\u0101tu uz plastik\u0101ta, ier\u0101m\u0113tu), papildu inform\u0101cijai l\u016bdzam zvan\u012bt pa t\u0101lruni\u00a0<\/span><strong><span class=\"cf1\">67317540<\/span><\/strong><span class=\"cf0\"><strong>\u00a0<\/strong>vai rakst\u012bt uz e-pastu:\u00a0<\/span><strong><span class=\"cf1\">kartes@kartes.lv<\/span><\/strong><span class=\"cf0\">.<\/span><\/em><\/p>\n<p><!--EndFragment --><\/p>","protected":false},"excerpt":{"rendered":"<p>2024. gada izdevums<br \/>\nM\u0113rogs 1: 500 000<br \/>\nIzdrukas izm\u0113rs 96 x 69 cm<\/p>\n<p><strong>Pieejama p\u0113c pas\u016bt\u012bjuma.<\/strong> Izgatavojam 2-3 darba dienu laik\u0101.<\/p>\n","protected":false},"featured_media":20393,"comment_status":"closed","ping_status":"closed","template":"","meta":[],"product_brand":[],"product_cat":[13,113],"product_tag":[],"class_list":{"0":"post-18028","1":"product","2":"type-product","3":"status-publish","4":"has-post-thumbnail","6":"product_cat-sienas-kartes","7":"product_cat-skoleniem","8":"product_shipping_class-slug","10":"first","11":"instock","12":"taxable","13":"shipping-taxable","14":"purchasable","15":"product-type-simple"},"_links":{"self":[{"href":"https:\/\/www.kartes.lv\/lv\/wp-json\/wp\/v2\/product\/18028","targetHints":{"allow":["GET"]}}],"collection":[{"href":"https:\/\/www.kartes.lv\/lv\/wp-json\/wp\/v2\/product"}],"about":[{"href":"https:\/\/www.kartes.lv\/lv\/wp-json\/wp\/v2\/types\/product"}],"replies":[{"embeddable":true,"href":"https:\/\/www.kartes.lv\/lv\/wp-json\/wp\/v2\/comments?post=18028"}],"wp:featuredmedia":[{"embeddable":true,"href":"https:\/\/www.kartes.lv\/lv\/wp-json\/wp\/v2\/media\/20393"}],"wp:attachment":[{"href":"https:\/\/www.kartes.lv\/lv\/wp-json\/wp\/v2\/media?parent=18028"}],"wp:term":[{"taxonomy":"product_brand","embeddable":true,"href":"https:\/\/www.kartes.lv\/lv\/wp-json\/wp\/v2\/product_brand?post=18028"},{"taxonomy":"product_cat","embeddable":true,"href":"https:\/\/www.kartes.lv\/lv\/wp-json\/wp\/v2\/product_cat?post=18028"},{"taxonomy":"product_tag","embeddable":true,"href":"https:\/\/www.kartes.lv\/lv\/wp-json\/wp\/v2\/product_tag?post=18028"}],"curies":[{"name":"wp","href":"https:\/\/api.w.org\/{rel}","templated":true}]}}