{"id":18072,"date":"2024-03-06T10:15:12","date_gmt":"2024-03-06T08:15:12","guid":{"rendered":"https:\/\/www.kartes.lv\/?post_type=product&#038;p=18072"},"modified":"2025-08-04T10:37:23","modified_gmt":"2025-08-04T07:37:23","slug":"pasaules-politiska-sienas-karte-lietuviesu-valoda","status":"publish","type":"product","link":"https:\/\/www.kartes.lv\/lv\/product\/pasaules-politiska-sienas-karte-lietuviesu-valoda\/","title":{"rendered":"Pasaules politisk\u0101 sienas karte (lietuvie\u0161u valod\u0101)"},"content":{"rendered":"<p>Pasaules sienas karte pieejama ar jaun\u0101ko politisko dal\u012bjumu. Papildin\u0101ta ar visu valstu, pa\u0161pasludin\u0101to valstu, vald\u012bjumu un noz\u012bm\u012bg\u0101ko starptautisko organiz\u0101ciju karogi, Arktikas un Antarktikas kartes.<\/p>\n<p>\u0112rtais iepakojums plastmasas tubus\u0101 nodro\u0161ina dro\u0161u kartes uzglab\u0101\u0161anu un p\u0101rvieto\u0161anu.<\/p>\n<p>Karte\u00a0<strong>lietuvie\u0161u valod\u0101<\/strong>.<\/p>\n<p><!--StartFragment --><\/p>\n<p class=\"pf0\"><em><span class=\"cf0\">Ja v\u0113laties \u0161o karti cit\u0101 izm\u0113r\u0101 vai uz cita veida materi\u0101la (abpus\u0113ji lamin\u0113tu, uzdruk\u0101tu uz plastik\u0101ta, ier\u0101m\u0113tu), papildu inform\u0101cijai l\u016bdzam zvan\u012bt pa t\u0101lruni\u00a0<\/span><strong><span class=\"cf1\">67317540<\/span><\/strong><span class=\"cf0\"><strong>\u00a0<\/strong>vai rakst\u012bt uz e-pastu:\u00a0<\/span><strong><span class=\"cf1\">kartes@kartes.lv<\/span><\/strong><span class=\"cf0\">.<\/span><\/em><\/p>\n<p><!--EndFragment --><\/p>","protected":false},"excerpt":{"rendered":"<p>M\u0113rogs: 1: 32 000 000<\/p>\n<p>Izdrukas izm\u0113rs: 109,5 x 85 cm<\/p>\n<p><strong>Lietuvie\u0161u valod\u0101<\/strong><\/p>\n","protected":false},"featured_media":5468,"comment_status":"closed","ping_status":"closed","template":"","meta":[],"product_brand":[],"product_cat":[13],"product_tag":[],"class_list":{"0":"post-18072","1":"product","2":"type-product","3":"status-publish","4":"has-post-thumbnail","6":"product_cat-sienas-kartes","7":"product_shipping_class-slug","9":"first","10":"instock","11":"taxable","12":"shipping-taxable","13":"purchasable","14":"product-type-simple"},"_links":{"self":[{"href":"https:\/\/www.kartes.lv\/lv\/wp-json\/wp\/v2\/product\/18072","targetHints":{"allow":["GET"]}}],"collection":[{"href":"https:\/\/www.kartes.lv\/lv\/wp-json\/wp\/v2\/product"}],"about":[{"href":"https:\/\/www.kartes.lv\/lv\/wp-json\/wp\/v2\/types\/product"}],"replies":[{"embeddable":true,"href":"https:\/\/www.kartes.lv\/lv\/wp-json\/wp\/v2\/comments?post=18072"}],"wp:featuredmedia":[{"embeddable":true,"href":"https:\/\/www.kartes.lv\/lv\/wp-json\/wp\/v2\/media\/5468"}],"wp:attachment":[{"href":"https:\/\/www.kartes.lv\/lv\/wp-json\/wp\/v2\/media?parent=18072"}],"wp:term":[{"taxonomy":"product_brand","embeddable":true,"href":"https:\/\/www.kartes.lv\/lv\/wp-json\/wp\/v2\/product_brand?post=18072"},{"taxonomy":"product_cat","embeddable":true,"href":"https:\/\/www.kartes.lv\/lv\/wp-json\/wp\/v2\/product_cat?post=18072"},{"taxonomy":"product_tag","embeddable":true,"href":"https:\/\/www.kartes.lv\/lv\/wp-json\/wp\/v2\/product_tag?post=18072"}],"curies":[{"name":"wp","href":"https:\/\/api.w.org\/{rel}","templated":true}]}}