{"id":18236,"date":"2024-04-15T10:09:00","date_gmt":"2024-04-15T07:09:00","guid":{"rendered":"https:\/\/www.kartes.lv\/?post_type=product&#038;p=18236"},"modified":"2025-07-23T16:50:57","modified_gmt":"2025-07-23T13:50:57","slug":"lielais-latvijas-atlants-2","status":"publish","type":"product","link":"https:\/\/www.kartes.lv\/lv\/product\/lielais-latvijas-atlants-2\/","title":{"rendered":"Lielais Latvijas atlants"},"content":{"rendered":"<p>Lielais Latvijas atlants ir jaun\u0101kais kar\u0161u kr\u0101jums par visu Latvijas teritoriju. Teju 400 lappu\u0161u biezaj\u0101 atlant\u0101 visa valsts apskat\u0101ma m\u0113rog\u0101 1:80 000. Atlanta viena no liel\u0101kaj\u0101m v\u0113rt\u012bb\u0101m ir Latvijas teritorijas prec\u012bzais att\u0113lojums. Detaliz\u0113t\u0101k\u0101 m\u0113rog\u0101 1:20 000 atlant\u0101 iek\u013cauti 45 Latvijas pils\u0113tu un divu ciemu pl\u0101ni. Pils\u0113tas atlas\u012btas p\u0113c apskates objektu koncentr\u0101cijas taj\u0101s.<\/p>\n<p>Atlant\u0101 iek\u013cauti vair\u0101k nek\u0101 100 000 vietv\u0101rdu. L\u012bdz\u0101s liel\u0101ku apdz\u012bvotu vietu nosaukumiem atlant\u0101 atrodami ar\u012b vair\u0101k nek\u0101 55 000 m\u0101jv\u0101rdu.<\/p>\n<p>Latvijas apce\u013cot\u0101jus iepriecin\u0101s bag\u0101t\u012bgais dabas un kult\u016brv\u0113sturisko objektu kl\u0101sts, kas att\u0113lots atlanta kart\u0113s. Taj\u0101 atrodama inform\u0101cija par di\u017ekokiem, al\u0101m, di\u017eakme\u0146iem, pilskalniem, kaps\u0113t\u0101m, bazn\u012bc\u0101m un da\u017e\u0101diem citiem objektiem. Atlant\u0101 \u012bpa\u0161a vieta atv\u0113l\u0113ta t\u016brisma ce\u013cvedim, kas pla\u0161\u0101k v\u0113sta par R\u012bgas, Pier\u012bgas, Kurzemes, Vidzemes, Latgales, Zemgales un S\u0113lijas iev\u0113rojam\u0101kaj\u0101m apskates viet\u0101m.<\/p>\n<p>P\u0101rg\u0101jienu cien\u012bt\u0101jiem par prieku Lielaj\u0101 Latvijas atlant\u0101 iek\u013cauta J\u016brtakas, Me\u017etakas, Ezertakas, Sv. J\u0113kaba ce\u013ca un Za\u013co dzelzce\u013cu mar\u0161ruti, savuk\u0101rt laivot\u0101jiem atz\u012bm\u0113ti piem\u0113rotie upju posmi.<\/p>\n<p>Lielais Latvijas atlants tiek izdots 12 gadus p\u0113c tam, kad izn\u0101ca iepriek\u0161\u0113jais Latvijas atlants. Izdevums noder\u0113s mar\u0161rutu pl\u0101not\u0101jiem, kar\u0161u entuziastiem, k\u0101 ar\u012b k\u0101 v\u0113rt\u012bga \u0101rk\u0101rtas gad\u012bjumu ekip\u0113juma sast\u0101vda\u013ca, noderot br\u012bd\u012b, kad paz\u016bd iesp\u0113ja tikt pie elektroniskaj\u0101m kart\u0113m.<\/p>\n<p>Atlants ir J\u0101\u0146a s\u0113tas kartogr\u0101fu r\u016bp\u012bgs ori\u0123in\u0101ldarbs un uz\u0146\u0113muma 30 gadu darb\u012bbas laik\u0101 g\u016bt\u0101s pieredzes un uzkr\u0101to datu vainagojums.<\/p>","protected":false},"excerpt":{"rendered":"<p>Izdo\u0161anas gads: 2024<br \/>\nCietie v\u0101ki<br \/>\n384 lpp.<br \/>\nIzm\u0113rs 20.8 x 30 cm x 2.6 cm<br \/>\nM\u0113rogs 1:80 000<br \/>\nGalvenais redaktors: D\u0101vis Valters Immurs<br \/>\nRedaktori: J\u0101nis Barbans, Mareks Kilups, Agris Puri\u0146\u0161<br \/>\nProjekta vad\u012bt\u0101ja: Ilona Kilupa<\/p>\n<p>Kartogr\u0101fija: Ren\u0101rs Leiskins, Ieva Ozoli\u0146a, Ing\u016bna P\u016bkaine, Edmunds Gvido Zvaigzne<br \/>\nM\u0101ksliniece: L\u012bga Dubrovska<\/p>\n<p>EAN: 9789984077741<\/p>\n","protected":false},"featured_media":18243,"comment_status":"closed","ping_status":"closed","template":"","meta":[],"product_brand":[],"product_cat":[7,10,11,86],"product_tag":[],"class_list":{"0":"post-18236","1":"product","2":"type-product","3":"status-publish","4":"has-post-thumbnail","6":"product_cat-kartes-atlanti-celvezi","7":"product_cat-celu-kartes-atlanti","8":"product_cat-baltijas-kartes","9":"product_cat-davanas","11":"first","12":"instock","13":"taxable","14":"shipping-taxable","15":"purchasable","16":"product-type-simple"},"_links":{"self":[{"href":"https:\/\/www.kartes.lv\/lv\/wp-json\/wp\/v2\/product\/18236","targetHints":{"allow":["GET"]}}],"collection":[{"href":"https:\/\/www.kartes.lv\/lv\/wp-json\/wp\/v2\/product"}],"about":[{"href":"https:\/\/www.kartes.lv\/lv\/wp-json\/wp\/v2\/types\/product"}],"replies":[{"embeddable":true,"href":"https:\/\/www.kartes.lv\/lv\/wp-json\/wp\/v2\/comments?post=18236"}],"wp:featuredmedia":[{"embeddable":true,"href":"https:\/\/www.kartes.lv\/lv\/wp-json\/wp\/v2\/media\/18243"}],"wp:attachment":[{"href":"https:\/\/www.kartes.lv\/lv\/wp-json\/wp\/v2\/media?parent=18236"}],"wp:term":[{"taxonomy":"product_brand","embeddable":true,"href":"https:\/\/www.kartes.lv\/lv\/wp-json\/wp\/v2\/product_brand?post=18236"},{"taxonomy":"product_cat","embeddable":true,"href":"https:\/\/www.kartes.lv\/lv\/wp-json\/wp\/v2\/product_cat?post=18236"},{"taxonomy":"product_tag","embeddable":true,"href":"https:\/\/www.kartes.lv\/lv\/wp-json\/wp\/v2\/product_tag?post=18236"}],"curies":[{"name":"wp","href":"https:\/\/api.w.org\/{rel}","templated":true}]}}