{"id":18358,"date":"2024-04-25T11:50:24","date_gmt":"2024-04-25T08:50:24","guid":{"rendered":"https:\/\/www.kartes.lv\/?post_type=product&#038;p=18358"},"modified":"2025-08-26T18:23:51","modified_gmt":"2025-08-26T15:23:51","slug":"atjauninajums-garmin-karte-ar-lvm-mezu-datiem","status":"publish","type":"product","link":"https:\/\/www.kartes.lv\/lv\/product\/atjauninajums-garmin-karte-ar-lvm-mezu-datiem\/","title":{"rendered":"Atjaunin\u0101jums Garmin kartei ar valsts me\u017eu datiem"},"content":{"rendered":"<p>Lejupiel\u0101d\u0113jamais atjaunin\u0101jums ir paredz\u0113ts speci\u0101lajai Latvijas kartes versijai ar valsts me\u017eu datiem, kas ir ierakst\u012bta lietot\u0101ja r\u012bc\u012bb\u0101 eso\u0161\u0101 microSD karti\u0146\u0101. Kartes ir piem\u0113rotas tikai Garmin GPS ier\u012bc\u0113m.<\/p>\n<p>Pirms aug\u0161upiel\u0101des ieg\u0101des aicin\u0101m p\u0101rliecin\u0101ties, vai j\u016bsu Garmin GPS ier\u012bce sp\u0113j palaist kartes \u0161\u0101d\u0101 form\u0101t\u0101 (skatiet GPS ier\u012bces rokasgr\u0101matu un www.garmin.com). L\u016bdzu, p\u0101rbaudiet, vai j\u016bsu microSD karti\u0146\u0101 ir speci\u0101l\u0101s Latvijas kartes ar valsts me\u017eu datiem iepriek\u0161\u0113j\u0101 versija (versija 3.3, 3.4, 3.5 vai 3.6) ar licences failiem (gmapsupp.unl un gmapsupp.gma). Ja \u0161\u0101du failu nav nav, tad jums vispirms j\u0101ieg\u0101d\u0101jas Latvijas kartes ar valsts me\u017eu datiem microSD karti\u0146a.<\/p>\n<p>Ieg\u0101des nosac\u012bjumi:<\/p>\n<ul>\n<li style=\"list-style-type: none;\">\n<ul>\n<li>Atjaunin\u0101jums nav atmaks\u0101jams.<\/li>\n<li>Atjaunin\u0101jums ir paredz\u0113ts lieto\u0161anai tikai vien\u0101 ier\u012bc\u0113.<\/li>\n<\/ul>\n<\/li>\n<\/ul>\n<h3>Instrukcija<\/h3>\n<p><a href=\"https:\/\/www.kartes.lv\/wp-content\/uploads\/2024\/04\/20230619142119_Instrukcija_MIZ_Garmin_versijas_ieladei.pdf\">LIETO\u0160ANAS PAM\u0100C\u012aBA GARMIN KARTES ar valsts me\u017eu datiem atjauno\u0161anai<\/a><\/p>","protected":false},"excerpt":{"rendered":"<p>Lejupiel\u0101d\u0113jams atjaunin\u0101jums speci\u0101lajai Latvijas kartes versijai ar valsts me\u017eu datiem Garmin navig\u0101cijas ier\u012bc\u0113m.<br \/>\nPieejama 2025. gada j\u016blija versija.<\/p>\n","protected":false},"featured_media":18359,"comment_status":"closed","ping_status":"closed","template":"","meta":[],"product_brand":[],"product_cat":[16],"product_tag":[],"class_list":{"0":"post-18358","1":"product","2":"type-product","3":"status-publish","4":"has-post-thumbnail","6":"product_cat-it-produkti","8":"first","9":"instock","10":"virtual","11":"taxable","12":"purchasable","13":"product-type-simple"},"_links":{"self":[{"href":"https:\/\/www.kartes.lv\/lv\/wp-json\/wp\/v2\/product\/18358","targetHints":{"allow":["GET"]}}],"collection":[{"href":"https:\/\/www.kartes.lv\/lv\/wp-json\/wp\/v2\/product"}],"about":[{"href":"https:\/\/www.kartes.lv\/lv\/wp-json\/wp\/v2\/types\/product"}],"replies":[{"embeddable":true,"href":"https:\/\/www.kartes.lv\/lv\/wp-json\/wp\/v2\/comments?post=18358"}],"wp:featuredmedia":[{"embeddable":true,"href":"https:\/\/www.kartes.lv\/lv\/wp-json\/wp\/v2\/media\/18359"}],"wp:attachment":[{"href":"https:\/\/www.kartes.lv\/lv\/wp-json\/wp\/v2\/media?parent=18358"}],"wp:term":[{"taxonomy":"product_brand","embeddable":true,"href":"https:\/\/www.kartes.lv\/lv\/wp-json\/wp\/v2\/product_brand?post=18358"},{"taxonomy":"product_cat","embeddable":true,"href":"https:\/\/www.kartes.lv\/lv\/wp-json\/wp\/v2\/product_cat?post=18358"},{"taxonomy":"product_tag","embeddable":true,"href":"https:\/\/www.kartes.lv\/lv\/wp-json\/wp\/v2\/product_tag?post=18358"}],"curies":[{"name":"wp","href":"https:\/\/api.w.org\/{rel}","templated":true}]}}