{"id":18539,"date":"2024-05-27T10:55:13","date_gmt":"2024-05-27T07:55:13","guid":{"rendered":"https:\/\/www.kartes.lv\/?post_type=product&#038;p=18539"},"modified":"2025-07-28T16:36:13","modified_gmt":"2025-07-28T13:36:13","slug":"autocelu-karte-latvija","status":"publish","type":"product","link":"https:\/\/www.kartes.lv\/lv\/product\/autocelu-karte-latvija\/","title":{"rendered":"Latvija. Autoce\u013cu karte"},"content":{"rendered":"<p>Latvijas autoce\u013cu karte m\u0113rog\u0101 1:500 000 ir pati popul\u0101r\u0101k\u0101 no J\u0101\u0146a s\u0113tas ce\u013cu kart\u0113m, un t\u0101s praktisk\u0101 pielieto\u0161ana aizvien liel\u0101 m\u0113r\u0101 ir tie\u0161i navig\u0101cijas uzdevumu risin\u0101\u0161ana \u2013 \u0161\u012b karte visbie\u017e\u0101k atrodama automa\u0161\u012bn\u0101s. Pat, ja ikdienas navig\u0101cijas m\u0113r\u0137iem izmantojam da\u017e\u0101da veida digit\u0101los navig\u0101cijas risin\u0101jumus, tad pap\u012bra karte labi noder\u0113s kop\u0113jai mar\u0161ruta pl\u0101no\u0161nai, k\u0101 ar\u012b izv\u0113l\u0113t\u0101 mar\u0161ruta kontrolei. V\u0113l viens aspekts, kas ir j\u0101\u0146em v\u0113r\u0101 laik\u0101, kur\u0101 m\u0113s dz\u012bvojam \u2013 pap\u012bra karte var k\u013c\u016bt piln\u012bgi neaizst\u0101jama situ\u0101cij\u0101, kur\u0101 nav pieejams mobilais internets vai GPS sign\u0101ls. T\u0101d\u0113\u013c ar\u012b Aizsardz\u012bbas ministrijas ieteikumos par 72 stundu somas saturu ietilpst kartes. Tie\u0161i \u0161\u012b Latvijas karte ir visatbilsto\u0161\u0101k\u0101 min\u0113tajam m\u0113r\u0137im \u2013 pietieko\u0161i det\u0101la, vienlaikus nav p\u0101r\u0101k liela.<\/p>\n<p>2024. gad\u0101 atjaunotaj\u0101 Latvijas autoce\u013cu kartes izdevum\u0101 ir fiks\u0113tas p\u0113d\u0113j\u0101s izmai\u0146as ce\u013cu t\u012bkl\u0101 (piem\u0113ram, \u0136ekavas apvedce\u013c\u0161), kart\u0113 atrodami visi svar\u012bg\u0101kie ce\u013ci, redzami to segumi un att\u0101lumi starp svar\u012bg\u0101kajiem krustojumiem, taj\u0101 ir aktu\u0101lais administrat\u012bvais iedal\u012bjums un apdz\u012bvot\u0101s vietas, cita satiksmes infrastrukt\u016bra (tostarp b\u016bvniec\u012bb\u0101 eso\u0161ais RailBaltica dzelzce\u013ca t\u012bkls), k\u0101 ar\u012b daudzi citi inform\u0101cijas sl\u0101\u0146i, kas atbilst \u0161\u012b m\u0113roga un satura kar\u0161u standartiem.<\/p>\n<p>Latvijas ce\u013cu karti papildina apdz\u012bvoto vietu alfab\u0113tiskais r\u0101d\u012bt\u0101js un att\u0101lumu tabula, k\u0101 ar\u012b R\u012bgas, Daugavpils, Jelgavas, Liep\u0101jas, R\u0113zeknes, Valmieras un Ventspils pils\u0113tu pl\u0101ni, kuru m\u0113rogs ir piem\u0113rots svar\u012bg\u0101ko objektu atra\u0161anai vai izbrauk\u0161anai cauri pils\u0113tai. Det\u0101l\u0101kai to izp\u0113tei un adre\u0161u mekl\u0113\u0161anai gan iesak\u0101m mekl\u0113t s\u012bk\u0101ka m\u0113roga kartes.<\/p>\n<p>Latvijas autoce\u013cu karte ir pieejama ar\u012b sienas kartes form\u0101t\u0101: <a href=\"https:\/\/www.kartes.lv\/lv\/product\/latvijas-autoceli-sienas-karte\/\">Latvijas autoce\u013cu sienas karte<\/a>.<\/p>","protected":false},"excerpt":{"rendered":"<p>2024. gada izdevums<\/p>\n<p>M\u0113rogs 1:500 000<br \/>\nIzm\u0113rs 96 x 55,5 cm \/ 12,5 x 24 cm loc\u012bta<br \/>\nCietais v\u0101ci\u0146\u0161<\/p>\n<p>Apdz\u012bvoto vietu alfab\u0113tiskais r\u0101d\u012bt\u0101js, att\u0101lumu tabula.<br \/>\nR\u012bgas, Daugavpils, Jelgavas, Liep\u0101jas, R\u0113zeknes, Valmieras un Ventspils pils\u0113tu pl\u0101ni.<\/p>\n<p>EAN: 9789984074467<\/p>\n","protected":false},"featured_media":18540,"comment_status":"closed","ping_status":"closed","template":"","meta":[],"product_brand":[],"product_cat":[7,10,11],"product_tag":[],"class_list":{"0":"post-18539","1":"product","2":"type-product","3":"status-publish","4":"has-post-thumbnail","6":"product_cat-kartes-atlanti-celvezi","7":"product_cat-celu-kartes-atlanti","8":"product_cat-baltijas-kartes","10":"first","11":"instock","12":"taxable","13":"shipping-taxable","14":"purchasable","15":"product-type-simple"},"_links":{"self":[{"href":"https:\/\/www.kartes.lv\/lv\/wp-json\/wp\/v2\/product\/18539","targetHints":{"allow":["GET"]}}],"collection":[{"href":"https:\/\/www.kartes.lv\/lv\/wp-json\/wp\/v2\/product"}],"about":[{"href":"https:\/\/www.kartes.lv\/lv\/wp-json\/wp\/v2\/types\/product"}],"replies":[{"embeddable":true,"href":"https:\/\/www.kartes.lv\/lv\/wp-json\/wp\/v2\/comments?post=18539"}],"wp:featuredmedia":[{"embeddable":true,"href":"https:\/\/www.kartes.lv\/lv\/wp-json\/wp\/v2\/media\/18540"}],"wp:attachment":[{"href":"https:\/\/www.kartes.lv\/lv\/wp-json\/wp\/v2\/media?parent=18539"}],"wp:term":[{"taxonomy":"product_brand","embeddable":true,"href":"https:\/\/www.kartes.lv\/lv\/wp-json\/wp\/v2\/product_brand?post=18539"},{"taxonomy":"product_cat","embeddable":true,"href":"https:\/\/www.kartes.lv\/lv\/wp-json\/wp\/v2\/product_cat?post=18539"},{"taxonomy":"product_tag","embeddable":true,"href":"https:\/\/www.kartes.lv\/lv\/wp-json\/wp\/v2\/product_tag?post=18539"}],"curies":[{"name":"wp","href":"https:\/\/api.w.org\/{rel}","templated":true}]}}