{"id":18564,"date":"2024-05-31T11:52:26","date_gmt":"2024-05-31T08:52:26","guid":{"rendered":"https:\/\/www.kartes.lv\/?post_type=product&#038;p=18564"},"modified":"2026-04-13T09:54:22","modified_gmt":"2026-04-13T06:54:22","slug":"klimata-parmainas-pasaule-gramata-nocenots","status":"publish","type":"product","link":"https:\/\/www.kartes.lv\/lv\/product\/klimata-parmainas-pasaule-gramata-nocenots\/","title":{"rendered":"Klimata p\u0101rmai\u0146as pasaul\u0113 (nocenots)"},"content":{"rendered":"<p>Gr\u0101mata b\u0113rniem \u201cKlimata p\u0101rmai\u0146as pasaul\u0113. Kas ir klimata p\u0101rmai\u0146as un k\u0101 t\u0101s nov\u0113rst.\u201d atbild\u0113s uz popul\u0101r\u0101kajiem jaut\u0101jumiem \u2013 kas ir klimata p\u0101rmai\u0146as un k\u0101 t\u0101s nov\u0113rst!<\/p>\n<p>Ilgsto\u0161s sausums, siltuma rekordi un ekstr\u0113mi laikapst\u0101k\u013ci \u2013 klimata p\u0101rmai\u0146as k\u013c\u016bst par vienu no liel\u0101kajiem izaicin\u0101jumiem, ar ko cilv\u0113ki saskaras m\u016bsdien\u0101s. Ko m\u0113s varam dar\u012bt, lai to nov\u0113rstu?<\/p>\n<p>Lasot gr\u0101matu, b\u0113rni uzzin\u0101s, k\u0101 klimata p\u0101rmai\u0146as ietekm\u0113 cilv\u0113ku dz\u012bvi uz visas m\u016bsu plan\u0113tas. Katr\u0101 noda\u013c\u0101 ir vienk\u0101r\u0161i un saprotami struktur\u0113ti apraksti, ko papildina kr\u0101sainas ilustr\u0101cijas, inform\u0101cija par pozit\u012bv\u0101m iniciat\u012bv\u0101m, k\u0101das jau notiek, k\u0101 ar\u012b padomi b\u0113rniem, ko dar\u012bt lietas lab\u0101.<\/p>\n<p>Gr\u0101mata dos cer\u012bbu un iedvesmos ar\u012b visjaun\u0101kos las\u012bt\u0101jus piedal\u012bties situ\u0101cijas uzlabo\u0161an\u0101. B\u0113rni g\u016bs izpratni par t\u0101d\u0101m t\u0113m\u0101m k\u0101 glob\u0101l\u0101 sasil\u0161ana, sausuma pastiprin\u0101\u0161an\u0101s, j\u016bras l\u012bme\u0146a cel\u0161an\u0101s, urbaniz\u0101cija, dabas katastrofas un to c\u0113lo\u0146i, pies\u0101r\u0146ojumu un cit\u0101m, vienlaikus uzzinot, k\u0101 tiek p\u0101rstr\u0101d\u0101ti atkritumi, k\u0101p\u0113c j\u0101aptur gaisa pies\u0101r\u0146o\u0161ana, k\u0101 veidojas tropiskais ciklons, k\u0101 klimata p\u0101rmai\u0146as ietekm\u0113 savva\u013cas dz\u012bvniekus un, k\u0101d\u0113\u013c svar\u012bgi saglab\u0101t biolo\u0123isko daudzveid\u012bbu.<\/p>\n<p>\u0160\u012b gr\u0101mata ir viens no so\u013ciem klimata sist\u0113mas izpratnei un iepaz\u012b\u0161anai!<\/p>","protected":false},"excerpt":{"rendered":"<p><strong>Gr\u0101matas ar vizu\u0101liem defektiem!<\/strong><\/p>\n<p>2023.gada izdevums<\/p>\n<p>M\u012bkstie v\u0101ki, 63 lpp.<\/p>\n<p>Teksts: Andrea Minoljo<br \/>\nIlustr\u0101cijas: Laura Fanelli<br \/>\nPriek\u0161v\u0101rda autore un zin\u0101tnisk\u0101 redaktore: Dr.\u0123eogr. Gunta Kalv\u0101ne, vado\u0161\u0101 p\u0113tniece Latvijas Universit\u0101tes \u0122eogr\u0101fijas un Zemes zin\u0101t\u0146u fakult\u0101t\u0113.<br \/>\nLiter\u0101t\u0101 redaktore: El\u012bna Kokarevi\u010da<br \/>\nTulkojums: El\u012bna Gulbe<br \/>\nGrafiskais dizains un izk\u0101rtojums: Kristi\u0101na Mistrali<\/p>\n<p>Gr\u0101mata paredz\u0113ta b\u0113rniem no 8 gadu vecuma<\/p>\n<p>ISBN: 9789984077703<\/p>\n","protected":false},"featured_media":17109,"comment_status":"closed","ping_status":"closed","template":"","meta":[],"product_brand":[],"product_cat":[111],"product_tag":[],"class_list":{"0":"post-18564","1":"product","2":"type-product","3":"status-publish","4":"has-post-thumbnail","6":"product_cat-nocenots","8":"first","9":"instock","10":"sale","11":"taxable","12":"shipping-taxable","13":"purchasable","14":"product-type-simple"},"_links":{"self":[{"href":"https:\/\/www.kartes.lv\/lv\/wp-json\/wp\/v2\/product\/18564","targetHints":{"allow":["GET"]}}],"collection":[{"href":"https:\/\/www.kartes.lv\/lv\/wp-json\/wp\/v2\/product"}],"about":[{"href":"https:\/\/www.kartes.lv\/lv\/wp-json\/wp\/v2\/types\/product"}],"replies":[{"embeddable":true,"href":"https:\/\/www.kartes.lv\/lv\/wp-json\/wp\/v2\/comments?post=18564"}],"wp:featuredmedia":[{"embeddable":true,"href":"https:\/\/www.kartes.lv\/lv\/wp-json\/wp\/v2\/media\/17109"}],"wp:attachment":[{"href":"https:\/\/www.kartes.lv\/lv\/wp-json\/wp\/v2\/media?parent=18564"}],"wp:term":[{"taxonomy":"product_brand","embeddable":true,"href":"https:\/\/www.kartes.lv\/lv\/wp-json\/wp\/v2\/product_brand?post=18564"},{"taxonomy":"product_cat","embeddable":true,"href":"https:\/\/www.kartes.lv\/lv\/wp-json\/wp\/v2\/product_cat?post=18564"},{"taxonomy":"product_tag","embeddable":true,"href":"https:\/\/www.kartes.lv\/lv\/wp-json\/wp\/v2\/product_tag?post=18564"}],"curies":[{"name":"wp","href":"https:\/\/api.w.org\/{rel}","templated":true}]}}