{"id":18565,"date":"2024-05-31T11:54:21","date_gmt":"2024-05-31T08:54:21","guid":{"rendered":"https:\/\/www.kartes.lv\/?post_type=product&#038;p=18565"},"modified":"2026-04-13T09:55:34","modified_gmt":"2026-04-13T06:55:34","slug":"meties-geografija-kartes-uzdevumu-gramata-nocenots","status":"publish","type":"product","link":"https:\/\/www.kartes.lv\/lv\/product\/meties-geografija-kartes-uzdevumu-gramata-nocenots\/","title":{"rendered":"Meties \u0123eogr\u0101fij\u0101! Kartes. Uzdevumu gr\u0101mata (nocenots)"},"content":{"rendered":"<p>Gr\u0101mata \u201cMeties \u0123eogr\u0101fij\u0101! Kartes.\u201d gan b\u0113rniem, gan pieaugu\u0161ajiem atkl\u0101s aizraujo\u0161o \u0123eogr\u0101fijas pasauli, \u012bpa\u0161u uzman\u012bbu v\u0113r\u0161ot kartogr\u0101fijas jomai. Lappusi p\u0113c lappuses, lasot un risinot uzdevumus, b\u0113rni m\u0101c\u012bsies par da\u017e\u0101diem kar\u0161u veidiem un to m\u0113r\u0137iem.<\/p>\n<p>Gr\u0101mata sniedz zin\u0101\u0161anas par orient\u0113\u0161anos, izmantojot telpisk\u0101s koordin\u0101tas un da\u017e\u0101dus r\u012bkus, k\u0101 ar\u012b par dabisko un m\u0101ksl\u012bgo objektu j\u0113dzieniem. \u201cMeties \u0123eogr\u0101fij\u0101! Kartes\u201d las\u012bt\u0101ji, k\u013c\u016bstot par jauno \u0123eogr\u0101fu kluba biedriem, prat\u012bs veidot pa\u0161i savas kartes!<\/p>\n<p>Papildus rado\u0161ajiem uzdevumiem gr\u0101mat\u0101 ir ar\u012b asto\u0146as uzl\u012bmju lapas, bet visu uzdevumu atrisin\u0101jumi ir atrodami p\u0113d\u0113j\u0101s lappus\u0113s.<\/p>\n<ul>\n<li>Sp\u0113les un uzdevumi pak\u0101peniski k\u013c\u016bst arvien gr\u016bt\u0101ki, lai b\u0113rnam neb\u016btu garlaic\u012bgi;<\/li>\n<li>Kr\u0101sainas uzl\u012bmes, izgrie\u017eamie materi\u0101li un vienk\u0101r\u0161as, ta\u010du detaliz\u0113tas instrukcijas t\u0101du r\u012bku izgatavo\u0161anai, kas patie\u0161\u0101m darbojas;<\/li>\n<li>Interesanti fakti un v\u0113sturiska inform\u0101cija par kartogr\u0101fijas pasauli.<\/li>\n<\/ul>\n<p>Gr\u0101mata paredz\u0113ta b\u0113rniem no 7 gadu vecuma.<\/p>","protected":false},"excerpt":{"rendered":"<p><strong>Gr\u0101matas ar vizu\u0101liem defektiem!<\/strong><\/p>\n<p>B\u0113rniem no 7 gadu vecuma<\/p>\n<p>2023. gada izdevums<\/p>\n<p>M\u012bkstie v\u0101ki, 55 lpp, 8 uzl\u012bmju lapas<\/p>\n<p>Redaktori: Paola Mizesti, Mi\u0161ela Suhomela-Keisija, J\u0101nis Barbans<\/p>\n<p>Ilustr\u0101ciju autore: Agnese Baruci<\/p>\n<p>Tulkota no it\u0101\u013cu valodas<\/p>\n<p>ISBN: 9789984077659<\/p>\n","protected":false},"featured_media":16540,"comment_status":"closed","ping_status":"closed","template":"","meta":[],"product_brand":[],"product_cat":[111],"product_tag":[],"class_list":{"0":"post-18565","1":"product","2":"type-product","3":"status-publish","4":"has-post-thumbnail","6":"product_cat-nocenots","8":"first","9":"instock","10":"sale","11":"taxable","12":"shipping-taxable","13":"purchasable","14":"product-type-simple"},"_links":{"self":[{"href":"https:\/\/www.kartes.lv\/lv\/wp-json\/wp\/v2\/product\/18565","targetHints":{"allow":["GET"]}}],"collection":[{"href":"https:\/\/www.kartes.lv\/lv\/wp-json\/wp\/v2\/product"}],"about":[{"href":"https:\/\/www.kartes.lv\/lv\/wp-json\/wp\/v2\/types\/product"}],"replies":[{"embeddable":true,"href":"https:\/\/www.kartes.lv\/lv\/wp-json\/wp\/v2\/comments?post=18565"}],"wp:featuredmedia":[{"embeddable":true,"href":"https:\/\/www.kartes.lv\/lv\/wp-json\/wp\/v2\/media\/16540"}],"wp:attachment":[{"href":"https:\/\/www.kartes.lv\/lv\/wp-json\/wp\/v2\/media?parent=18565"}],"wp:term":[{"taxonomy":"product_brand","embeddable":true,"href":"https:\/\/www.kartes.lv\/lv\/wp-json\/wp\/v2\/product_brand?post=18565"},{"taxonomy":"product_cat","embeddable":true,"href":"https:\/\/www.kartes.lv\/lv\/wp-json\/wp\/v2\/product_cat?post=18565"},{"taxonomy":"product_tag","embeddable":true,"href":"https:\/\/www.kartes.lv\/lv\/wp-json\/wp\/v2\/product_tag?post=18565"}],"curies":[{"name":"wp","href":"https:\/\/api.w.org\/{rel}","templated":true}]}}