{"id":18568,"date":"2024-05-31T11:59:09","date_gmt":"2024-05-31T08:59:09","guid":{"rendered":"https:\/\/www.kartes.lv\/?post_type=product&#038;p=18568"},"modified":"2026-03-09T06:50:50","modified_gmt":"2026-03-09T04:50:50","slug":"latvijas-geografijas-atlants-nocenots","status":"publish","type":"product","link":"https:\/\/www.kartes.lv\/lv\/product\/latvijas-geografijas-atlants-nocenots\/","title":{"rendered":"Latvijas \u0123eogr\u0101fijas atlants (nocenots)"},"content":{"rendered":"<p>Piln\u012bg\u0101kais tematisko kar\u0161u kr\u0101jums par Latviju, dom\u0101ts lieto\u0161anai gan pla\u0161a profila speci\u0101listiem, gan cilv\u0113kiem, kas interes\u0113jas par Latvijas \u0123eogr\u0101fiju, iedz\u012bvot\u0101jiem un tautsaimniec\u012bbu. \u0160is izdevums ir neatsverams pal\u012bgs Latvijas \u0123eogr\u0101fijas apguvei skol\u0101s.<\/p>\n<p>70 atlanta kart\u0113s, kas ilustr\u0113tas ar vair\u0101k nek\u0101 200 att\u0113liem un diagramm\u0101m, apl\u016bkotas visda\u017e\u0101d\u0101k\u0101s t\u0113mas \u2013 s\u0101kot no \u0123eolo\u0123ijas, reljefa, klimata un augsn\u0113m un beidzot ar demogr\u0101fiskajiem procesiem, kas p\u0113d\u0113j\u0101 laik\u0101 k\u013cuvu\u0161i \u012bpa\u0161i aktu\u0101li. Atlant\u0101 iek\u013cautas kartes gan par izmai\u0146\u0101m iedz\u012bvot\u0101ju etniskaj\u0101 sast\u0101v\u0101, gan par latvie\u0161u valodas izplat\u012bbu, migr\u0101cijas procesiem un p\u0101rmai\u0146\u0101m dzimumvecumstrukt\u016br\u0101.<\/p>\n<p>Atlanta kar\u0161u uzskat\u0101m\u012bba \u013caus izprast sare\u017e\u0123\u012btus Latvij\u0101 notieko\u0161us procesus ar\u012b ne-speci\u0101listam, bet taj\u0101 atrodamais faktolo\u0123iskais materi\u0101ls neliks vilties pat zino\u0161\u0101kajiem nozaru ekspertiem.<\/p>","protected":false},"excerpt":{"rendered":"<p><strong>Gr\u0101matas ar vizu\u0101liem defektiem!<\/strong><\/p>\n<p>2023. gada izdevums<br \/>\nIzm\u0113rs: 31 cm x 22 cm<br \/>\nSvars: 0.230 g<br \/>\n44 lpp.<\/p>\n<p>ISBN: 9789984074771<\/p>\n","protected":false},"featured_media":11476,"comment_status":"closed","ping_status":"closed","template":"","meta":[],"product_brand":[],"product_cat":[111],"product_tag":[],"class_list":{"0":"post-18568","1":"product","2":"type-product","3":"status-publish","4":"has-post-thumbnail","6":"product_cat-nocenots","8":"first","9":"instock","10":"sale","11":"taxable","12":"shipping-taxable","13":"purchasable","14":"product-type-simple"},"_links":{"self":[{"href":"https:\/\/www.kartes.lv\/lv\/wp-json\/wp\/v2\/product\/18568","targetHints":{"allow":["GET"]}}],"collection":[{"href":"https:\/\/www.kartes.lv\/lv\/wp-json\/wp\/v2\/product"}],"about":[{"href":"https:\/\/www.kartes.lv\/lv\/wp-json\/wp\/v2\/types\/product"}],"replies":[{"embeddable":true,"href":"https:\/\/www.kartes.lv\/lv\/wp-json\/wp\/v2\/comments?post=18568"}],"wp:featuredmedia":[{"embeddable":true,"href":"https:\/\/www.kartes.lv\/lv\/wp-json\/wp\/v2\/media\/11476"}],"wp:attachment":[{"href":"https:\/\/www.kartes.lv\/lv\/wp-json\/wp\/v2\/media?parent=18568"}],"wp:term":[{"taxonomy":"product_brand","embeddable":true,"href":"https:\/\/www.kartes.lv\/lv\/wp-json\/wp\/v2\/product_brand?post=18568"},{"taxonomy":"product_cat","embeddable":true,"href":"https:\/\/www.kartes.lv\/lv\/wp-json\/wp\/v2\/product_cat?post=18568"},{"taxonomy":"product_tag","embeddable":true,"href":"https:\/\/www.kartes.lv\/lv\/wp-json\/wp\/v2\/product_tag?post=18568"}],"curies":[{"name":"wp","href":"https:\/\/api.w.org\/{rel}","templated":true}]}}