{"id":18717,"date":"2024-07-02T10:24:36","date_gmt":"2024-07-02T07:24:36","guid":{"rendered":"https:\/\/www.kartes.lv\/?post_type=product&#038;p=18717"},"modified":"2026-03-02T10:10:31","modified_gmt":"2026-03-02T08:10:31","slug":"globuss-sat-atlantis-30cm-latviesu-valoda","status":"publish","type":"product","link":"https:\/\/www.kartes.lv\/lv\/product\/globuss-sat-atlantis-30cm-latviesu-valoda\/","title":{"rendered":"Globuss Atlantis 30 cm (latvie\u0161u valod\u0101)"},"content":{"rendered":"<p>Globuss latvie\u0161u valod\u0101 ar elegantu, riekstkoka to\u0146a dab\u012bg\u0101 koka pamatni un misi\u0146a p\u0101rkl\u0101juma met\u0101la imit\u0101cijas meridi\u0101nu.<\/p>\n<ul>\n<li>Iesl\u0113dzot apgaismojumu: redzama pasaules politisk\u0101 karte<\/li>\n<li>Izsl\u0113dzot apgaismojumu: redzama pasaules fizio\u0123eogr\u0101fisk\u0101 karte<\/li>\n<\/ul>\n<p>Globusa izgaismo\u0161anai tiek izmantota 18 W halog\u0113na spuldze.<\/p>","protected":false},"excerpt":{"rendered":"<p><strong>Latvie\u0161u valod\u0101<\/strong><\/p>\n<p>Koka pamatne un plastmasas meridi\u0101ns<br \/>\nDiametrs: 30 cm, augstums 42 cm<br \/>\nKastes izm\u0113rs: 30 x 30 x 31cm<br \/>\n18W halog\u0113na spuldze<br \/>\nRa\u017eot\u0101js: Nova Rico<\/p>\n<p>EAN: 8000623002322<\/p>\n","protected":false},"featured_media":18753,"comment_status":"closed","ping_status":"closed","template":"","meta":[],"product_brand":[],"product_cat":[113,32,86],"product_tag":[],"class_list":{"0":"post-18717","1":"product","2":"type-product","3":"status-publish","4":"has-post-thumbnail","6":"product_cat-skoleniem","7":"product_cat-globusi","8":"product_cat-davanas","10":"first","11":"instock","12":"taxable","13":"shipping-taxable","14":"purchasable","15":"product-type-simple"},"_links":{"self":[{"href":"https:\/\/www.kartes.lv\/lv\/wp-json\/wp\/v2\/product\/18717","targetHints":{"allow":["GET"]}}],"collection":[{"href":"https:\/\/www.kartes.lv\/lv\/wp-json\/wp\/v2\/product"}],"about":[{"href":"https:\/\/www.kartes.lv\/lv\/wp-json\/wp\/v2\/types\/product"}],"replies":[{"embeddable":true,"href":"https:\/\/www.kartes.lv\/lv\/wp-json\/wp\/v2\/comments?post=18717"}],"wp:featuredmedia":[{"embeddable":true,"href":"https:\/\/www.kartes.lv\/lv\/wp-json\/wp\/v2\/media\/18753"}],"wp:attachment":[{"href":"https:\/\/www.kartes.lv\/lv\/wp-json\/wp\/v2\/media?parent=18717"}],"wp:term":[{"taxonomy":"product_brand","embeddable":true,"href":"https:\/\/www.kartes.lv\/lv\/wp-json\/wp\/v2\/product_brand?post=18717"},{"taxonomy":"product_cat","embeddable":true,"href":"https:\/\/www.kartes.lv\/lv\/wp-json\/wp\/v2\/product_cat?post=18717"},{"taxonomy":"product_tag","embeddable":true,"href":"https:\/\/www.kartes.lv\/lv\/wp-json\/wp\/v2\/product_tag?post=18717"}],"curies":[{"name":"wp","href":"https:\/\/api.w.org\/{rel}","templated":true}]}}