{"id":18724,"date":"2024-07-02T10:49:59","date_gmt":"2024-07-02T07:49:59","guid":{"rendered":"https:\/\/www.kartes.lv\/?post_type=product&#038;p=18724"},"modified":"2026-03-18T11:40:24","modified_gmt":"2026-03-18T09:40:24","slug":"globuss-relief-uranio-30cm-anglu-valoda","status":"publish","type":"product","link":"https:\/\/www.kartes.lv\/lv\/product\/globuss-relief-uranio-30cm-anglu-valoda\/","title":{"rendered":"Globuss Relief Uranio 30 cm (ang\u013cu valod\u0101)"},"content":{"rendered":"<p>Globuss ang\u013cu valod\u0101 ar reljefu un fizio\u0123eogr\u0101fisko karti, izgaismojot var ieraudz\u012bt politisko karti.<\/p>\n<p>Izgaismo\u0161anai tiek izmantota halog\u0113na spuldze 18W.<\/p>\n<p>&nbsp;<\/p>","protected":false},"excerpt":{"rendered":"<p><strong>Ang\u013cu valod\u0101<\/strong><\/p>\n<p>Plastik\u0101ta pamatne un meridi\u0101ns<br \/>\nDiametrs 30cm, augstums 42cm<br \/>\nKastes izm\u0113rs 30 x 30 x 31cm<br \/>\n18W halog\u0113na spuldze<br \/>\nRa\u017eot\u0101js: Nova Rico<\/p>\n<p>EAN: 8000623000700<\/p>\n","protected":false},"featured_media":18725,"comment_status":"closed","ping_status":"closed","template":"","meta":[],"product_brand":[],"product_cat":[113,32,86],"product_tag":[],"class_list":{"0":"post-18724","1":"product","2":"type-product","3":"status-publish","4":"has-post-thumbnail","6":"product_cat-skoleniem","7":"product_cat-globusi","8":"product_cat-davanas","10":"first","11":"outofstock","12":"taxable","13":"shipping-taxable","14":"purchasable","15":"product-type-simple"},"_links":{"self":[{"href":"https:\/\/www.kartes.lv\/lv\/wp-json\/wp\/v2\/product\/18724","targetHints":{"allow":["GET"]}}],"collection":[{"href":"https:\/\/www.kartes.lv\/lv\/wp-json\/wp\/v2\/product"}],"about":[{"href":"https:\/\/www.kartes.lv\/lv\/wp-json\/wp\/v2\/types\/product"}],"replies":[{"embeddable":true,"href":"https:\/\/www.kartes.lv\/lv\/wp-json\/wp\/v2\/comments?post=18724"}],"wp:featuredmedia":[{"embeddable":true,"href":"https:\/\/www.kartes.lv\/lv\/wp-json\/wp\/v2\/media\/18725"}],"wp:attachment":[{"href":"https:\/\/www.kartes.lv\/lv\/wp-json\/wp\/v2\/media?parent=18724"}],"wp:term":[{"taxonomy":"product_brand","embeddable":true,"href":"https:\/\/www.kartes.lv\/lv\/wp-json\/wp\/v2\/product_brand?post=18724"},{"taxonomy":"product_cat","embeddable":true,"href":"https:\/\/www.kartes.lv\/lv\/wp-json\/wp\/v2\/product_cat?post=18724"},{"taxonomy":"product_tag","embeddable":true,"href":"https:\/\/www.kartes.lv\/lv\/wp-json\/wp\/v2\/product_tag?post=18724"}],"curies":[{"name":"wp","href":"https:\/\/api.w.org\/{rel}","templated":true}]}}