{"id":18732,"date":"2024-07-02T11:05:28","date_gmt":"2024-07-02T08:05:28","guid":{"rendered":"https:\/\/www.kartes.lv\/?post_type=product&#038;p=18732"},"modified":"2026-03-04T10:19:55","modified_gmt":"2026-03-04T08:19:55","slug":"globuss-mini-safari-16-cm-anglu-valoda","status":"publish","type":"product","link":"https:\/\/www.kartes.lv\/lv\/product\/globuss-mini-safari-16-cm-anglu-valoda\/","title":{"rendered":"Globuss Mini Safari 16 cm (ang\u013cu valod\u0101)"},"content":{"rendered":"<p>Ilustr\u0113ts, neizgaismojams 16 cm globuss ar da\u017e\u0101d\u0101m visas pasaules dz\u012bvnieku ilustr\u0101cij\u0101m.<\/p>","protected":false},"excerpt":{"rendered":"<p><strong>Ang\u013cu valod\u0101<\/strong><\/p>\n<p>Plastik\u0101ta pamatne un meridi\u0101ns<br \/>\nDiametrs 16 cm, augstums 22 cm<\/p>\n<p>Kastes izm\u0113rs 30 x 30 x 31 cm<br \/>\nRa\u017eot\u0101js: Tecnodidattica SPA<\/p>\n<p>EAN: 8007239011571<\/p>\n","protected":false},"featured_media":18733,"comment_status":"closed","ping_status":"closed","template":"","meta":[],"product_brand":[],"product_cat":[113,32,86],"product_tag":[],"class_list":{"0":"post-18732","1":"product","2":"type-product","3":"status-publish","4":"has-post-thumbnail","6":"product_cat-skoleniem","7":"product_cat-globusi","8":"product_cat-davanas","10":"first","11":"instock","12":"taxable","13":"shipping-taxable","14":"purchasable","15":"product-type-simple"},"_links":{"self":[{"href":"https:\/\/www.kartes.lv\/lv\/wp-json\/wp\/v2\/product\/18732","targetHints":{"allow":["GET"]}}],"collection":[{"href":"https:\/\/www.kartes.lv\/lv\/wp-json\/wp\/v2\/product"}],"about":[{"href":"https:\/\/www.kartes.lv\/lv\/wp-json\/wp\/v2\/types\/product"}],"replies":[{"embeddable":true,"href":"https:\/\/www.kartes.lv\/lv\/wp-json\/wp\/v2\/comments?post=18732"}],"wp:featuredmedia":[{"embeddable":true,"href":"https:\/\/www.kartes.lv\/lv\/wp-json\/wp\/v2\/media\/18733"}],"wp:attachment":[{"href":"https:\/\/www.kartes.lv\/lv\/wp-json\/wp\/v2\/media?parent=18732"}],"wp:term":[{"taxonomy":"product_brand","embeddable":true,"href":"https:\/\/www.kartes.lv\/lv\/wp-json\/wp\/v2\/product_brand?post=18732"},{"taxonomy":"product_cat","embeddable":true,"href":"https:\/\/www.kartes.lv\/lv\/wp-json\/wp\/v2\/product_cat?post=18732"},{"taxonomy":"product_tag","embeddable":true,"href":"https:\/\/www.kartes.lv\/lv\/wp-json\/wp\/v2\/product_tag?post=18732"}],"curies":[{"name":"wp","href":"https:\/\/api.w.org\/{rel}","templated":true}]}}