{"id":18787,"date":"2024-07-08T10:58:34","date_gmt":"2024-07-08T07:58:34","guid":{"rendered":"https:\/\/www.kartes.lv\/?post_type=product&#038;p=18787"},"modified":"2026-03-26T12:07:53","modified_gmt":"2026-03-26T10:07:53","slug":"eiropas-politiska-sienas-karte-lamineta","status":"publish","type":"product","link":"https:\/\/www.kartes.lv\/lv\/product\/eiropas-politiska-sienas-karte-lamineta\/","title":{"rendered":"Eiropas politisk\u0101 sienas karte. Lamin\u0113ta, ar l\u012bst\u0113m"},"content":{"rendered":"<p>Kart\u0113 ir att\u0113lots Eiropas autoce\u013cu t\u012bkls un pr\u0101mju l\u012bnijas (\u012bpa\u0161a uzman\u012bba v\u0113rsta Baltijas un Melnajai j\u016brai). Att\u0113lota visa Eiropas teritorija l\u012bdz pat Ur\u0101liem.<\/p>\n<p>Dota detaliz\u0113ta autoce\u013cu un apdz\u012bvoto vietu klasifik\u0101cija. Vietv\u0101rdi doti <strong>ori\u0123in\u0101lvalod\u0101s<\/strong>, bet skaidrojumi apz\u012bm\u0113jumiem <strong>6 valod\u0101s<\/strong> &#8211; latvie\u0161u, ang\u013cu, v\u0101cu, lietuvie\u0161u, igau\u0146u un krievu valod\u0101.<\/p>\n<p><!--StartFragment --><\/p>\n<p class=\"pf0\"><em><span class=\"cf0\">Ja v\u0113laties \u0161o karti cit\u0101 izm\u0113r\u0101 vai uz cita veida materi\u0101la (abpus\u0113ji lamin\u0113tu, uzdruk\u0101tu uz plastik\u0101ta, ier\u0101m\u0113tu), papildu inform\u0101cijai l\u016bdzam zvan\u012bt pa t\u0101lruni\u00a0<\/span><strong><span class=\"cf1\">67317540<\/span><\/strong><span class=\"cf0\"><strong>\u00a0<\/strong>vai rakst\u012bt uz e-pastu:\u00a0<\/span><strong><span class=\"cf1\">kartes@kartes.lv<\/span><\/strong><span class=\"cf0\">.<\/span><\/em><\/p>\n<p><\/p>","protected":false},"excerpt":{"rendered":"<p>Lamin\u0113ta ar l\u012bst\u0113m.<\/p>\n<p>2023. gada izdevums<\/p>\n<p>Valoda: <strong>Ori\u0123in\u0101lvaloda<\/strong><br \/>\nM\u0113rogs 1: 5 000 000<br \/>\nIzdrukas izm\u0113rs 108 x 86 cm<\/p>\n<p>Citos izm\u0113ros pieejama p\u0113c pas\u016bt\u012bjuma, izpildes laiks 3-5 darba dienas.<\/p>\n<p>EAN: 9789984074320<\/p>\n","protected":false},"featured_media":16621,"comment_status":"closed","ping_status":"closed","template":"","meta":[],"product_brand":[],"product_cat":[13,113],"product_tag":[],"class_list":{"0":"post-18787","1":"product","2":"type-product","3":"status-publish","4":"has-post-thumbnail","6":"product_cat-sienas-kartes","7":"product_cat-skoleniem","9":"first","10":"instock","11":"taxable","12":"shipping-taxable","13":"purchasable","14":"product-type-simple"},"_links":{"self":[{"href":"https:\/\/www.kartes.lv\/lv\/wp-json\/wp\/v2\/product\/18787","targetHints":{"allow":["GET"]}}],"collection":[{"href":"https:\/\/www.kartes.lv\/lv\/wp-json\/wp\/v2\/product"}],"about":[{"href":"https:\/\/www.kartes.lv\/lv\/wp-json\/wp\/v2\/types\/product"}],"replies":[{"embeddable":true,"href":"https:\/\/www.kartes.lv\/lv\/wp-json\/wp\/v2\/comments?post=18787"}],"wp:featuredmedia":[{"embeddable":true,"href":"https:\/\/www.kartes.lv\/lv\/wp-json\/wp\/v2\/media\/16621"}],"wp:attachment":[{"href":"https:\/\/www.kartes.lv\/lv\/wp-json\/wp\/v2\/media?parent=18787"}],"wp:term":[{"taxonomy":"product_brand","embeddable":true,"href":"https:\/\/www.kartes.lv\/lv\/wp-json\/wp\/v2\/product_brand?post=18787"},{"taxonomy":"product_cat","embeddable":true,"href":"https:\/\/www.kartes.lv\/lv\/wp-json\/wp\/v2\/product_cat?post=18787"},{"taxonomy":"product_tag","embeddable":true,"href":"https:\/\/www.kartes.lv\/lv\/wp-json\/wp\/v2\/product_tag?post=18787"}],"curies":[{"name":"wp","href":"https:\/\/api.w.org\/{rel}","templated":true}]}}