{"id":18817,"date":"2024-07-18T14:44:50","date_gmt":"2024-07-18T11:44:50","guid":{"rendered":"https:\/\/www.kartes.lv\/?post_type=product&#038;p=18817"},"modified":"2026-05-05T11:37:42","modified_gmt":"2026-05-05T08:37:42","slug":"zeme-pedejos-540-miljonos-gadu-gramata","status":"publish","type":"product","link":"https:\/\/www.kartes.lv\/lv\/product\/zeme-pedejos-540-miljonos-gadu-gramata\/","title":{"rendered":"Zeme p\u0113d\u0113jos 540 miljonos gadu"},"content":{"rendered":"<p>\u201cZeme p\u0113d\u0113jos 540 miljonos gadu\u201d ir l\u012bdz \u0161im vispilnv\u0113rt\u012bg\u0101kais popul\u0101rzin\u0101tniskais izdevums paleo\u0123eogr\u0101fij\u0101 latvie\u0161u valod\u0101. Gr\u0101mat\u0101 saisto\u0161\u0101 valod\u0101 skaidrots, k\u0101 fenerozoja eon\u0101 p\u0101rvietoju\u0161ies, apvienoju\u0161ies un sadal\u012bju\u0161ies kontinenti, radu\u0161ies un izzudu\u0161i oke\u0101ni, main\u012bju\u0161ies to apveidi, radu\u0161\u0101s un ar\u012b no\u0101rd\u012bju\u0161\u0101s kaln\u0101ju sist\u0113mas, att\u012bst\u012bjusies un pilnveidojusies organisk\u0101 pasaule, tostarp dz\u012bvajai pasaulei uz Zemes pievienojies ar\u012b cilv\u0113ks. Ar rakstur\u012bgiem piem\u0113riem ieskic\u0113tas izmai\u0146as no cilv\u0113ka dz\u012bvo\u0161anas saska\u0146\u0101 ar dabu l\u012bdz t\u0101 nelabv\u0113l\u012bgai lok\u0101lai, re\u0123ion\u0101lai un pat glob\u0101lai ietekmei.<br \/>\nGr\u0101matas autori ir Latvijas Universit\u0101tes \u0122eogr\u0101fijas un Zemes zin\u0101t\u0146u fakult\u0101tes profesori \u2013 izcil\u0101kie savas jomas p\u0101rst\u0101vji. Tekstu papildina un paskaidro vair\u0101k nek\u0101 170 kr\u0101\u0161\u0146i att\u0113li.<br \/>\nGr\u0101mata ir noder\u012bga visiem, kas interes\u0113jas par Zemes dabas vides att\u012bst\u012bbu, ar\u012b tiem, kam ir tikai virspus\u0113jas zin\u0101\u0161anas \u0123eolo\u0123ij\u0101 un paleontolo\u0123ij\u0101. T\u0101 izmantojama k\u0101 papildu literat\u016bra dabaszin\u0101t\u0146u programmu studentiem, k\u0101 ar\u012b \u0123eogr\u0101fijas un dabaszin\u012bbu skolot\u0101jiem.<\/p>","protected":false},"excerpt":{"rendered":"<p>2024. gads<br \/>\nIzm\u0113rs: 24,5 x 17,5 cm<br \/>\nSvars: 0.800 g<br \/>\n240 lpp.<br \/>\nCietie v\u0101ki<br \/>\nIzdev\u0113js: Latvijas Universit\u0101te<br \/>\nAutori: Oj\u0101rs \u0100bolti\u0146\u0161, Erv\u012bns Luk\u0161evi\u010ds<\/p>\n<p>EAN: 9789934362163<\/p>\n<p>&nbsp;<\/p>\n","protected":false},"featured_media":18829,"comment_status":"closed","ping_status":"closed","template":"","meta":[],"product_brand":[],"product_cat":[12,14,86,132],"product_tag":[],"class_list":{"0":"post-18817","1":"product","2":"type-product","3":"status-publish","4":"has-post-thumbnail","6":"product_cat-gramatas","7":"product_cat-izglitojosie-izdevumi","8":"product_cat-davanas","9":"product_cat-pedejie-eksemplari","11":"first","12":"instock","13":"taxable","14":"shipping-taxable","15":"purchasable","16":"product-type-simple"},"_links":{"self":[{"href":"https:\/\/www.kartes.lv\/lv\/wp-json\/wp\/v2\/product\/18817","targetHints":{"allow":["GET"]}}],"collection":[{"href":"https:\/\/www.kartes.lv\/lv\/wp-json\/wp\/v2\/product"}],"about":[{"href":"https:\/\/www.kartes.lv\/lv\/wp-json\/wp\/v2\/types\/product"}],"replies":[{"embeddable":true,"href":"https:\/\/www.kartes.lv\/lv\/wp-json\/wp\/v2\/comments?post=18817"}],"wp:featuredmedia":[{"embeddable":true,"href":"https:\/\/www.kartes.lv\/lv\/wp-json\/wp\/v2\/media\/18829"}],"wp:attachment":[{"href":"https:\/\/www.kartes.lv\/lv\/wp-json\/wp\/v2\/media?parent=18817"}],"wp:term":[{"taxonomy":"product_brand","embeddable":true,"href":"https:\/\/www.kartes.lv\/lv\/wp-json\/wp\/v2\/product_brand?post=18817"},{"taxonomy":"product_cat","embeddable":true,"href":"https:\/\/www.kartes.lv\/lv\/wp-json\/wp\/v2\/product_cat?post=18817"},{"taxonomy":"product_tag","embeddable":true,"href":"https:\/\/www.kartes.lv\/lv\/wp-json\/wp\/v2\/product_tag?post=18817"}],"curies":[{"name":"wp","href":"https:\/\/api.w.org\/{rel}","templated":true}]}}