{"id":18834,"date":"2024-07-24T09:19:26","date_gmt":"2024-07-24T06:19:26","guid":{"rendered":"https:\/\/www.kartes.lv\/?post_type=product&#038;p=18834"},"modified":"2025-07-31T17:00:35","modified_gmt":"2025-07-31T14:00:35","slug":"kauna-pilsetas-plans-ipasi-izturiga-karte","status":"publish","type":"product","link":"https:\/\/www.kartes.lv\/lv\/product\/kauna-pilsetas-plans-ipasi-izturiga-karte\/","title":{"rendered":"Kau\u0146a. Pils\u0113tas pl\u0101ns. \u012apa\u0161i iztur\u012bga karte!"},"content":{"rendered":"<p>Inform\u0101cija t\u016bristiem par apskates objektiem \u012bsum\u0101 igau\u0146u, latvie\u0161u, ang\u013cu un krievu valod\u0101s.<br \/>\nIelu nosaukumu r\u0101d\u012bt\u0101js.<\/p>\n<p>Lamin\u0113ta, \u016bdensdro\u0161a un nepl\u012bsto\u0161a.<\/p>\n<p>Centra pl\u0101ns 1:10 000.<\/p>","protected":false},"excerpt":{"rendered":"<p>Lamin\u0113ta, \u012bpa\u0161i iztur\u012bga<\/p>\n<p>2012.gada izdevums<br \/>\nM\u0113rogs 1:25 000 \/ centrs 1:10 000<br \/>\nIzm\u0113rs 44 x 48 cm\/ saloc\u012bta 11 x 23,7 cm<\/p>\n<p>EAN: 9789984075976<\/p>\n","protected":false},"featured_media":18841,"comment_status":"closed","ping_status":"closed","template":"","meta":[],"product_brand":[],"product_cat":[7,11,8],"product_tag":[],"class_list":{"0":"post-18834","1":"product","2":"type-product","3":"status-publish","4":"has-post-thumbnail","6":"product_cat-kartes-atlanti-celvezi","7":"product_cat-baltijas-kartes","8":"product_cat-pilsetu-kartes","9":"product_shipping_class-free-shipping","11":"first","12":"instock","13":"taxable","14":"shipping-taxable","15":"purchasable","16":"product-type-simple"},"_links":{"self":[{"href":"https:\/\/www.kartes.lv\/lv\/wp-json\/wp\/v2\/product\/18834","targetHints":{"allow":["GET"]}}],"collection":[{"href":"https:\/\/www.kartes.lv\/lv\/wp-json\/wp\/v2\/product"}],"about":[{"href":"https:\/\/www.kartes.lv\/lv\/wp-json\/wp\/v2\/types\/product"}],"replies":[{"embeddable":true,"href":"https:\/\/www.kartes.lv\/lv\/wp-json\/wp\/v2\/comments?post=18834"}],"wp:featuredmedia":[{"embeddable":true,"href":"https:\/\/www.kartes.lv\/lv\/wp-json\/wp\/v2\/media\/18841"}],"wp:attachment":[{"href":"https:\/\/www.kartes.lv\/lv\/wp-json\/wp\/v2\/media?parent=18834"}],"wp:term":[{"taxonomy":"product_brand","embeddable":true,"href":"https:\/\/www.kartes.lv\/lv\/wp-json\/wp\/v2\/product_brand?post=18834"},{"taxonomy":"product_cat","embeddable":true,"href":"https:\/\/www.kartes.lv\/lv\/wp-json\/wp\/v2\/product_cat?post=18834"},{"taxonomy":"product_tag","embeddable":true,"href":"https:\/\/www.kartes.lv\/lv\/wp-json\/wp\/v2\/product_tag?post=18834"}],"curies":[{"name":"wp","href":"https:\/\/api.w.org\/{rel}","templated":true}]}}