{"id":19013,"date":"2024-09-10T10:54:04","date_gmt":"2024-09-10T07:54:04","guid":{"rendered":"https:\/\/www.kartes.lv\/?post_type=product&#038;p=19013"},"modified":"2026-03-16T09:47:33","modified_gmt":"2026-03-16T07:47:33","slug":"polija-autocelu-karte-polska","status":"publish","type":"product","link":"https:\/\/www.kartes.lv\/lv\/product\/polija-autocelu-karte-polska\/","title":{"rendered":"Polija. Autoce\u013cu karte"},"content":{"rendered":"<p>Polijas autoce\u013cu karte, divpus\u0113ja, m\u0113rog\u0101 1:650 000. Karte ietver: aktu\u0101lo automa\u0123istr\u0101\u013cu, \u0101trgaitas ce\u013cu, valsts un re\u0123ion\u0101lo ce\u013cu t\u012bklu; ce\u013cu numer\u0101ciju, prec\u012bzu att\u0101lumu kilometros. Kart\u0113 atz\u012bm\u0113tas: vair\u0101k nek\u0101 16 000 apdz\u012bvotas vietas, robe\u017e\u0161\u0137\u0113rso\u0161anas punkti, degvielas uzpildes stacijas un naktsm\u012btnes, me\u017eu plat\u012bbas, nacion\u0101lie parki, k\u016brorti, sl\u0113po\u0161anas centri, v\u0113sturiskie objekti un citi t\u016brisma objekti. Le\u0123enda pieejama po\u013cu, ang\u013cu un ukrai\u0146u valod\u0101s.<\/p>\n<p>Karte sadal\u012bta div\u0101s da\u013c\u0101s \u2013 austrumu un rietumu da\u013c\u0101, ar pla\u0161u kop\u012bgu Polijas centr\u0101l\u0101s da\u013cas p\u0101rkl\u0101jumu, t\u0101d\u0113j\u0101di A1 zieme\u013cu-dienvidu automa\u0123istr\u0101le ir redzama ab\u0101s kartes da\u013c\u0101s. Neskatoties uz daudz\u0101m digit\u0101laj\u0101m inov\u0101cij\u0101m, aplik\u0101cij\u0101m un auto navig\u0101cijas sist\u0113m\u0101m, Polijas ce\u013cu karte druk\u0101t\u0101 form\u0101t\u0101 joproj\u0101m ir \u013coti piepras\u012bta.<\/p>","protected":false},"excerpt":{"rendered":"<p>2024. gada izdevums<br \/>\nM\u0113rogs 1: 650 000<br \/>\nIzm\u0113rs: 98 x 68 cm<br \/>\nAbpus\u0113ja karte<br \/>\nM\u012bkstie v\u0101ki<br \/>\nIzdev\u0113js: Compass<\/p>\n<p>EAN: 9788381845762<\/p>\n","protected":false},"featured_media":19014,"comment_status":"closed","ping_status":"closed","template":"","meta":[],"product_brand":[],"product_cat":[7,9],"product_tag":[],"class_list":{"0":"post-19013","1":"product","2":"type-product","3":"status-publish","4":"has-post-thumbnail","6":"product_cat-kartes-atlanti-celvezi","7":"product_cat-eiropas-kartes","9":"first","10":"instock","11":"taxable","12":"shipping-taxable","13":"purchasable","14":"product-type-simple"},"_links":{"self":[{"href":"https:\/\/www.kartes.lv\/lv\/wp-json\/wp\/v2\/product\/19013","targetHints":{"allow":["GET"]}}],"collection":[{"href":"https:\/\/www.kartes.lv\/lv\/wp-json\/wp\/v2\/product"}],"about":[{"href":"https:\/\/www.kartes.lv\/lv\/wp-json\/wp\/v2\/types\/product"}],"replies":[{"embeddable":true,"href":"https:\/\/www.kartes.lv\/lv\/wp-json\/wp\/v2\/comments?post=19013"}],"wp:featuredmedia":[{"embeddable":true,"href":"https:\/\/www.kartes.lv\/lv\/wp-json\/wp\/v2\/media\/19014"}],"wp:attachment":[{"href":"https:\/\/www.kartes.lv\/lv\/wp-json\/wp\/v2\/media?parent=19013"}],"wp:term":[{"taxonomy":"product_brand","embeddable":true,"href":"https:\/\/www.kartes.lv\/lv\/wp-json\/wp\/v2\/product_brand?post=19013"},{"taxonomy":"product_cat","embeddable":true,"href":"https:\/\/www.kartes.lv\/lv\/wp-json\/wp\/v2\/product_cat?post=19013"},{"taxonomy":"product_tag","embeddable":true,"href":"https:\/\/www.kartes.lv\/lv\/wp-json\/wp\/v2\/product_tag?post=19013"}],"curies":[{"name":"wp","href":"https:\/\/api.w.org\/{rel}","templated":true}]}}