{"id":19018,"date":"2024-09-11T10:29:11","date_gmt":"2024-09-11T07:29:11","guid":{"rendered":"https:\/\/www.kartes.lv\/?post_type=product&#038;p=19018"},"modified":"2026-03-02T10:39:31","modified_gmt":"2026-03-02T08:39:31","slug":"latviesu-vesturiskas-zemes-gerboni-karte-a3-formata","status":"publish","type":"product","link":"https:\/\/www.kartes.lv\/lv\/product\/latviesu-vesturiskas-zemes-gerboni-karte-a3-formata\/","title":{"rendered":"Latvie\u0161u v\u0113sturisk\u0101s zemes. Valstspils\u0113tu un novadu \u0123erbo\u0146i. Karte A3 form\u0101t\u0101."},"content":{"rendered":"<p>2021. gad\u0101, p\u0113c toreiz\u0113j\u0101 Valsts prezidenta Egila Levita iniciat\u012bvas, eksperti izstr\u0101d\u0101ja Latvie\u0161u v\u0113sturisko zemju likumu un to pavado\u0161u kartogr\u0101fisko materi\u0101lu, kas preciz\u0113ja Latvijas kult\u016brv\u0113sturisko novadu robe\u017eas, par kur\u0101m iepriek\u0161 bie\u017ei tika diskut\u0113ts. \u0160aj\u0101 kart\u0113 atainotas v\u0113sturisk\u0101s zemes, k\u0101 ar\u012b Latvijas administrat\u012bvais iedal\u012bjums, liel\u0101k\u0101s apdz\u012bvot\u0101s vietas un cita svar\u012bg\u0101k\u0101 inform\u0101cija. Savuk\u0101rt kartes otr\u0101 pus\u0113, balstoties uz jaun\u0101kajiem datiem, att\u0113loti Latvijas valstspils\u0113tu un novadu \u0123erbo\u0146i.<\/p>\n<p>Karte noder\u0113s k\u0101 m\u0101c\u012bbu l\u012bdzeklis gan skolot\u0101jiem, gan skol\u0113niem.<\/p>","protected":false},"excerpt":{"rendered":"<p>2024. gada pirmizdevums<\/p>\n<p>Abpus\u0113ji lamin\u0113ta<br \/>\nIzm\u0113rs: 29.7 \u00d7 42 cm (A3)<\/p>\n<p>EAN: 9789984077840<\/p>\n","protected":false},"featured_media":21598,"comment_status":"closed","ping_status":"closed","template":"","meta":[],"product_brand":[],"product_cat":[113],"product_tag":[],"class_list":{"0":"post-19018","1":"product","2":"type-product","3":"status-publish","4":"has-post-thumbnail","6":"product_cat-skoleniem","8":"first","9":"instock","10":"taxable","11":"shipping-taxable","12":"purchasable","13":"product-type-simple"},"_links":{"self":[{"href":"https:\/\/www.kartes.lv\/lv\/wp-json\/wp\/v2\/product\/19018","targetHints":{"allow":["GET"]}}],"collection":[{"href":"https:\/\/www.kartes.lv\/lv\/wp-json\/wp\/v2\/product"}],"about":[{"href":"https:\/\/www.kartes.lv\/lv\/wp-json\/wp\/v2\/types\/product"}],"replies":[{"embeddable":true,"href":"https:\/\/www.kartes.lv\/lv\/wp-json\/wp\/v2\/comments?post=19018"}],"wp:featuredmedia":[{"embeddable":true,"href":"https:\/\/www.kartes.lv\/lv\/wp-json\/wp\/v2\/media\/21598"}],"wp:attachment":[{"href":"https:\/\/www.kartes.lv\/lv\/wp-json\/wp\/v2\/media?parent=19018"}],"wp:term":[{"taxonomy":"product_brand","embeddable":true,"href":"https:\/\/www.kartes.lv\/lv\/wp-json\/wp\/v2\/product_brand?post=19018"},{"taxonomy":"product_cat","embeddable":true,"href":"https:\/\/www.kartes.lv\/lv\/wp-json\/wp\/v2\/product_cat?post=19018"},{"taxonomy":"product_tag","embeddable":true,"href":"https:\/\/www.kartes.lv\/lv\/wp-json\/wp\/v2\/product_tag?post=19018"}],"curies":[{"name":"wp","href":"https:\/\/api.w.org\/{rel}","templated":true}]}}