{"id":19553,"date":"2024-11-27T15:14:06","date_gmt":"2024-11-27T13:14:06","guid":{"rendered":"https:\/\/www.kartes.lv\/?post_type=product&#038;p=19553"},"modified":"2025-11-04T11:11:54","modified_gmt":"2025-11-04T09:11:54","slug":"kasamplakats-putni-pie-barotavam","status":"publish","type":"product","link":"https:\/\/www.kartes.lv\/lv\/product\/kasamplakats-putni-pie-barotavam\/","title":{"rendered":"Kas\u0101mplak\u0101ts &#8220;Putni pie barotav\u0101m&#8221;"},"content":{"rendered":"<p>Veidojot kas\u0101mplak\u0101tu \u201cPutni pie barotav\u0101m\u201d, izv\u0113l\u0113tas 23 Latvij\u0101 bie\u017ei sastopamas putnu sugas, kuras ir starp t\u0101m, ko visbie\u017e\u0101k var sastapt pie putnu barotav\u0101m. Aicin\u0101m nov\u0113rot putnus pie barotav\u0101m, atpaz\u012bt tos un atkl\u0101t plak\u0101t\u0101. Da\u017eas putnu sugas izdosies atrast jau pirmaj\u0101 dien\u0101, bet citas \u2013 vien paciet\u012bgi v\u0113rojot.<\/p>\n<p>Z\u012bm\u0113jumus veidojusi ilustratore Marta Gotl\u012bba, piev\u0113r\u0161ot uzman\u012bbu putnu rakstur\u012bg\u0101kaj\u0101m paz\u012bm\u0113m dab\u0101. Lai tie b\u016btu izpild\u012bti korekti, att\u0113lojot katras sugas specifisk\u0101s \u012bpatn\u012bbas, m\u0101ksliniece p\u0113t\u012bjusi gan putnu fotogr\u0101fijas, gan vad\u012bjusies p\u0113c izdevniec\u012bbas \u201cJ\u0101\u0146a s\u0113ta\u201d izdevuma &#8220;Putnu noteic\u0113js&#8221; sugu aprakstiem.<\/p>\n<p>Ziema ir labs laiks putnu v\u0113ro\u0161anas uzs\u0101k\u0161anai, jo sastopamo putnu sugu skaits ir krietni maz\u0101ks, bet laba da\u013ca no tiem, kas ir paliku\u0161i pie mums, uzturas cilv\u0113ku m\u012bt\u0146u tuvum\u0101, nereti \u2013 piem\u0101jas barotav\u0101s.<br \/>\nKop\u0101 Latvij\u0101 ir sastapti 375 sugu putni, no tiem aptuveni 100 sugas ir regul\u0101ri ziemojo\u0161as Latvij\u0101, ta\u010du tikai maza da\u013ca no visiem putniem viegli nov\u0113rojamas ziem\u0101 cilv\u0113ka m\u012bt\u0146u tuvum\u0101 un barotav\u0101s, vairumu no t\u0101m atrad\u012bsiet kas\u0101mplak\u0101t\u0101.<\/p>\n<p>Kas\u0101mplak\u0101ts \u201cPutni pie barotav\u0101m\u201d tapis sadarb\u012bb\u0101 ar Latvijas Ornitolo\u0123ijas biedr\u012bbu.<\/p>","protected":false},"excerpt":{"rendered":"<p>Atpaz\u012bsti putnus pie barotav\u0101m!<\/p>\n<p>Plak\u0101ta izm\u0113rs 40 x 70 cm<br \/>\nTubusa izm\u0113rs 54 cm x 7 cm (diametrs)<\/p>\n<p>EAN: 9789984077727<\/p>\n","protected":false},"featured_media":19554,"comment_status":"closed","ping_status":"closed","template":"","meta":[],"product_brand":[],"product_cat":[112,17,86],"product_tag":[],"class_list":{"0":"post-19553","1":"product","2":"type-product","3":"status-publish","4":"has-post-thumbnail","6":"product_cat-jaunumi","7":"product_cat-kasamkartes-un-kasamplakati","8":"product_cat-davanas","10":"first","11":"instock","12":"taxable","13":"shipping-taxable","14":"purchasable","15":"product-type-simple"},"_links":{"self":[{"href":"https:\/\/www.kartes.lv\/lv\/wp-json\/wp\/v2\/product\/19553","targetHints":{"allow":["GET"]}}],"collection":[{"href":"https:\/\/www.kartes.lv\/lv\/wp-json\/wp\/v2\/product"}],"about":[{"href":"https:\/\/www.kartes.lv\/lv\/wp-json\/wp\/v2\/types\/product"}],"replies":[{"embeddable":true,"href":"https:\/\/www.kartes.lv\/lv\/wp-json\/wp\/v2\/comments?post=19553"}],"wp:featuredmedia":[{"embeddable":true,"href":"https:\/\/www.kartes.lv\/lv\/wp-json\/wp\/v2\/media\/19554"}],"wp:attachment":[{"href":"https:\/\/www.kartes.lv\/lv\/wp-json\/wp\/v2\/media?parent=19553"}],"wp:term":[{"taxonomy":"product_brand","embeddable":true,"href":"https:\/\/www.kartes.lv\/lv\/wp-json\/wp\/v2\/product_brand?post=19553"},{"taxonomy":"product_cat","embeddable":true,"href":"https:\/\/www.kartes.lv\/lv\/wp-json\/wp\/v2\/product_cat?post=19553"},{"taxonomy":"product_tag","embeddable":true,"href":"https:\/\/www.kartes.lv\/lv\/wp-json\/wp\/v2\/product_tag?post=19553"}],"curies":[{"name":"wp","href":"https:\/\/api.w.org\/{rel}","templated":true}]}}