{"id":19705,"date":"2024-12-09T12:02:11","date_gmt":"2024-12-09T10:02:11","guid":{"rendered":"https:\/\/www.kartes.lv\/?post_type=product&#038;p=19705"},"modified":"2025-09-15T09:25:38","modified_gmt":"2025-09-15T06:25:38","slug":"davanu-papirs-putni","status":"publish","type":"product","link":"https:\/\/www.kartes.lv\/lv\/product\/davanu-papirs-putni\/","title":{"rendered":"D\u0101vanu pap\u012brs &#8220;Putni&#8221;"},"content":{"rendered":"<p>Latvijas Ornitolo\u0123ijas biedr\u012bba (LOB) kop\u0101 ar m\u0101kslinieci Martu Gotl\u012bbu un dizaineri Annu Lauvu no aprit\u0113 atgriezta pap\u012bra rad\u012bju\u0161i d\u0101vanu pap\u012bru, uz kura ieraug\u0101mas vair\u0101k nek\u0101 20 Latvijas dab\u0101 nov\u0113rojamas putnu sugas.<br \/>\nUnik\u0101lais d\u0101vanu pap\u012brs ir veidots k\u0101 est\u0113tisks un noz\u012bm\u012bgs vides izgl\u012bt\u012bbas r\u012bks, kas vienlaikus atbalsta Latvijas putnu izp\u0113ti un aizsardz\u012bbu. Dizain\u0101 att\u0113loti bie\u017e\u0101k pie barotav\u0101m sastopamie putni \u2013 30 ilustr\u0101cijas no 23 sug\u0101m, piem\u0113ram, z\u012bl\u012btes, zvirbu\u013ci un dze\u0146i, padarot pap\u012bru gan informat\u012bvu, gan skaistu.<br \/>\nPap\u012brs druk\u0101ts uz augstas kvalit\u0101tes <em>Amber Graphic<\/em> 70 g\/m\u00b2 pap\u012bra, kas izce\u013c smalk\u0101s deta\u013cas un ilustr\u0101ciju dz\u012bv\u012bgumu. Drukai izmantots nevis speci\u0101li ieg\u0101d\u0101ts, bet gan aprit\u0113 atgriezts pap\u012brs, t\u0101d\u0101 veid\u0101 mazinot atkritumu daudzumu.<\/p>\n<p>\u0160\u0101ds d\u0101vanu pap\u012brs, ko var izmantot ar\u012b citiem nol\u016bkiem, piem\u0113ram, gr\u0101matu iev\u0101ko\u0161anai, ir lielisks veids, k\u0101 apvienot d\u0101vanu iesai\u0146o\u0161anu ar dabas m\u012blest\u012bbu, vienlaikus atbalstot Latvijas Ornitolo\u0123ijas biedr\u012bbas darbu.<\/p>","protected":false},"excerpt":{"rendered":"<p>Iesai\u0146o d\u0101vanas unik\u0101l\u0101 pap\u012br\u0101 un atbalsti Latvijas putnu izp\u0113ti un aizsardz\u012bbu!<\/p>\n<p><strong>Tubus\u0101 iepakoti 6 gab unik\u0101l\u0101 iesai\u0146ojuma pap\u012bra<\/strong><br \/>\nIzm\u0113rs: 55.8 x 88.6 cm<\/p>\n<p>M\u0101ksliniece: Marta Gotl\u012bba<br \/>\nDizains: Anna Lauva<br \/>\nIdeja un projekta vad\u012bt\u0101js: Agnis Bu\u0161s<br \/>\nRa\u017eot\u0101js: Latvijas Ornitolo\u0123ijas biedr\u012bba<\/p>\n","protected":false},"featured_media":19706,"comment_status":"closed","ping_status":"closed","template":"","meta":[],"product_brand":[],"product_cat":[86],"product_tag":[],"class_list":{"0":"post-19705","1":"product","2":"type-product","3":"status-publish","4":"has-post-thumbnail","6":"product_cat-davanas","8":"first","9":"instock","10":"taxable","11":"shipping-taxable","12":"purchasable","13":"product-type-simple"},"_links":{"self":[{"href":"https:\/\/www.kartes.lv\/lv\/wp-json\/wp\/v2\/product\/19705","targetHints":{"allow":["GET"]}}],"collection":[{"href":"https:\/\/www.kartes.lv\/lv\/wp-json\/wp\/v2\/product"}],"about":[{"href":"https:\/\/www.kartes.lv\/lv\/wp-json\/wp\/v2\/types\/product"}],"replies":[{"embeddable":true,"href":"https:\/\/www.kartes.lv\/lv\/wp-json\/wp\/v2\/comments?post=19705"}],"wp:featuredmedia":[{"embeddable":true,"href":"https:\/\/www.kartes.lv\/lv\/wp-json\/wp\/v2\/media\/19706"}],"wp:attachment":[{"href":"https:\/\/www.kartes.lv\/lv\/wp-json\/wp\/v2\/media?parent=19705"}],"wp:term":[{"taxonomy":"product_brand","embeddable":true,"href":"https:\/\/www.kartes.lv\/lv\/wp-json\/wp\/v2\/product_brand?post=19705"},{"taxonomy":"product_cat","embeddable":true,"href":"https:\/\/www.kartes.lv\/lv\/wp-json\/wp\/v2\/product_cat?post=19705"},{"taxonomy":"product_tag","embeddable":true,"href":"https:\/\/www.kartes.lv\/lv\/wp-json\/wp\/v2\/product_tag?post=19705"}],"curies":[{"name":"wp","href":"https:\/\/api.w.org\/{rel}","templated":true}]}}