{"id":19709,"date":"2024-12-09T15:08:44","date_gmt":"2024-12-09T13:08:44","guid":{"rendered":"https:\/\/www.kartes.lv\/?post_type=product&#038;p=19709"},"modified":"2026-03-02T10:06:40","modified_gmt":"2026-03-02T08:06:40","slug":"koka-puzle-flora-un-fauna","status":"publish","type":"product","link":"https:\/\/www.kartes.lv\/lv\/product\/koka-puzle-flora-un-fauna\/","title":{"rendered":"Pasaules flora un fauna. Koka puzle"},"content":{"rendered":"<p>Koka puzle &#8220;Pasaules flora un fauna&#8221;:<\/p>\n<ul>\n<li style=\"list-style-type: none\">\n<ul>\n<li>uzlabo smalk\u0101s motorikas prasmes<\/li>\n<li>att\u012bsta fant\u0101ziju<\/li>\n<li>sniedz jaunas zin\u0101\u0161anas<\/li>\n<\/ul>\n<\/li>\n<\/ul>\n<p>Saliekot puzli, ir pieejama papla\u0161in\u0101t\u0101 realit\u0101te telefon\u0101. Iel\u0101d\u0113jot aplik\u0101ciju, var redz\u0113t dz\u012bvniekus 3D anim\u0101cij\u0101 ar ska\u0146u.<\/p>","protected":false},"excerpt":{"rendered":"<p>100 gabali\u0146i, liel\u0101k\u0101 da\u013ca no tiem ir dz\u012bvnieku siluetu form\u0101<\/p>\n<p>Izm\u0113rs: 41 x 29 cm<br \/>\nIepakota koka kast\u012bt\u0113<\/p>\n<p>EAN: 0769503440613<\/p>\n","protected":false},"featured_media":20385,"comment_status":"closed","ping_status":"closed","template":"","meta":[],"product_brand":[],"product_cat":[113,15,86],"product_tag":[],"class_list":{"0":"post-19709","1":"product","2":"type-product","3":"status-publish","4":"has-post-thumbnail","6":"product_cat-skoleniem","7":"product_cat-puzles-speles","8":"product_cat-davanas","10":"first","11":"instock","12":"taxable","13":"shipping-taxable","14":"purchasable","15":"product-type-simple"},"_links":{"self":[{"href":"https:\/\/www.kartes.lv\/lv\/wp-json\/wp\/v2\/product\/19709","targetHints":{"allow":["GET"]}}],"collection":[{"href":"https:\/\/www.kartes.lv\/lv\/wp-json\/wp\/v2\/product"}],"about":[{"href":"https:\/\/www.kartes.lv\/lv\/wp-json\/wp\/v2\/types\/product"}],"replies":[{"embeddable":true,"href":"https:\/\/www.kartes.lv\/lv\/wp-json\/wp\/v2\/comments?post=19709"}],"wp:featuredmedia":[{"embeddable":true,"href":"https:\/\/www.kartes.lv\/lv\/wp-json\/wp\/v2\/media\/20385"}],"wp:attachment":[{"href":"https:\/\/www.kartes.lv\/lv\/wp-json\/wp\/v2\/media?parent=19709"}],"wp:term":[{"taxonomy":"product_brand","embeddable":true,"href":"https:\/\/www.kartes.lv\/lv\/wp-json\/wp\/v2\/product_brand?post=19709"},{"taxonomy":"product_cat","embeddable":true,"href":"https:\/\/www.kartes.lv\/lv\/wp-json\/wp\/v2\/product_cat?post=19709"},{"taxonomy":"product_tag","embeddable":true,"href":"https:\/\/www.kartes.lv\/lv\/wp-json\/wp\/v2\/product_tag?post=19709"}],"curies":[{"name":"wp","href":"https:\/\/api.w.org\/{rel}","templated":true}]}}