{"id":19713,"date":"2024-12-09T15:14:38","date_gmt":"2024-12-09T13:14:38","guid":{"rendered":"https:\/\/www.kartes.lv\/?post_type=product&#038;p=19713"},"modified":"2026-03-02T10:06:22","modified_gmt":"2026-03-02T08:06:22","slug":"koka-puzle-saules-sistema","status":"publish","type":"product","link":"https:\/\/www.kartes.lv\/lv\/product\/koka-puzle-saules-sistema\/","title":{"rendered":"Saules sist\u0113ma. Koka puzle"},"content":{"rendered":"<p>Interakt\u012bv\u0101 koka puzle \u201cSaules sist\u0113ma\u201d:<\/p>\n<ul>\n<li style=\"list-style-type: none\">\n<ul>\n<li>uzlabo smalk\u0101s motorikas prasmes<\/li>\n<li>att\u012bsta fant\u0101ziju<\/li>\n<li>sniedz jaunas zin\u0101\u0161anas<\/li>\n<\/ul>\n<\/li>\n<\/ul>\n<p>Saliekot puzli, ir pieejama papla\u0161in\u0101t\u0101s realit\u0101tes aplik\u0101cija telefon\u0101.<\/p>","protected":false},"excerpt":{"rendered":"<p>152 gabali\u0146i<\/p>\n<p>Izm\u0113rs: 41 x 29 cm<br \/>\nIepakota koka kast\u012bt\u0113<\/p>\n<p>EAN: 0769503440620<\/p>\n","protected":false},"featured_media":20386,"comment_status":"closed","ping_status":"closed","template":"","meta":[],"product_brand":[],"product_cat":[113,15,86],"product_tag":[],"class_list":{"0":"post-19713","1":"product","2":"type-product","3":"status-publish","4":"has-post-thumbnail","6":"product_cat-skoleniem","7":"product_cat-puzles-speles","8":"product_cat-davanas","10":"first","11":"instock","12":"taxable","13":"shipping-taxable","14":"purchasable","15":"product-type-simple"},"_links":{"self":[{"href":"https:\/\/www.kartes.lv\/lv\/wp-json\/wp\/v2\/product\/19713","targetHints":{"allow":["GET"]}}],"collection":[{"href":"https:\/\/www.kartes.lv\/lv\/wp-json\/wp\/v2\/product"}],"about":[{"href":"https:\/\/www.kartes.lv\/lv\/wp-json\/wp\/v2\/types\/product"}],"replies":[{"embeddable":true,"href":"https:\/\/www.kartes.lv\/lv\/wp-json\/wp\/v2\/comments?post=19713"}],"wp:featuredmedia":[{"embeddable":true,"href":"https:\/\/www.kartes.lv\/lv\/wp-json\/wp\/v2\/media\/20386"}],"wp:attachment":[{"href":"https:\/\/www.kartes.lv\/lv\/wp-json\/wp\/v2\/media?parent=19713"}],"wp:term":[{"taxonomy":"product_brand","embeddable":true,"href":"https:\/\/www.kartes.lv\/lv\/wp-json\/wp\/v2\/product_brand?post=19713"},{"taxonomy":"product_cat","embeddable":true,"href":"https:\/\/www.kartes.lv\/lv\/wp-json\/wp\/v2\/product_cat?post=19713"},{"taxonomy":"product_tag","embeddable":true,"href":"https:\/\/www.kartes.lv\/lv\/wp-json\/wp\/v2\/product_tag?post=19713"}],"curies":[{"name":"wp","href":"https:\/\/api.w.org\/{rel}","templated":true}]}}