{"id":19717,"date":"2024-12-09T15:30:16","date_gmt":"2024-12-09T13:30:16","guid":{"rendered":"https:\/\/www.kartes.lv\/?post_type=product&#038;p=19717"},"modified":"2026-03-02T10:07:20","modified_gmt":"2026-03-02T08:07:20","slug":"koka-puzle-fiziska-karte-pasaules-puslodes","status":"publish","type":"product","link":"https:\/\/www.kartes.lv\/lv\/product\/koka-puzle-fiziska-karte-pasaules-puslodes\/","title":{"rendered":"Fizisk\u0101 karte. Pasaules puslodes. Koka puzle"},"content":{"rendered":"<p><\/p>\n<div class=\"flex-shrink-0 flex flex-col relative items-end\">\n<div>\n<div class=\"pt-0\">\n<div class=\"gizmo-bot-avatar flex h-8 w-8 items-center justify-center overflow-hidden rounded-full\">\n<div class=\"relative p-1 rounded-sm flex items-center justify-center bg-token-main-surface-primary text-token-text-primary h-8 w-8\">Interakt\u012bv\u0101 koka puzle \u201cFizisk\u0101 karte. Pasaules puslodes\u201d:<\/div>\n<\/div>\n<\/div>\n<\/div>\n<\/div>\n<div class=\"group\/conversation-turn relative flex w-full min-w-0 flex-col agent-turn\">\n<div class=\"flex-col gap-1 md:gap-3\">\n<div class=\"flex max-w-full flex-col flex-grow\">\n<div class=\"min-h-8 text-message flex w-full flex-col items-end gap-2 whitespace-normal break-words text-start [.text-message+&amp;]:mt-5\" dir=\"auto\" data-message-author-role=\"assistant\" data-message-id=\"a8fa837f-c400-448f-8889-62f22fe64b3c\" data-message-model-slug=\"gpt-4o\">\n<div class=\"flex w-full flex-col gap-1 empty:hidden first:pt-[3px]\">\n<div class=\"markdown prose w-full break-words dark:prose-invert light\">\n<ul>\n<li>uzlabo smalk\u0101s motorikas prasmes<\/li>\n<li>att\u012bsta fant\u0101ziju<\/li>\n<li>sniedz jaunas zin\u0101\u0161anas<\/li>\n<\/ul>\n<p>Saliekot puzli, ir iesp\u0113jams papildin\u0101t savas zin\u0101\u0161anas virtu\u0101l\u0101s realit\u0101tes aplik\u0101cij\u0101 telefon\u0101.<\/p>\n<\/div>\n<\/div>\n<\/div>\n<\/div>\n<\/div>\n<\/div>\n<p><\/p>","protected":false},"excerpt":{"rendered":"<p>120 gabali\u0146i<\/p>\n<p>Izm\u0113rs: 41 x 29 cm<br \/>\nIepakota koka kast\u012bt\u0113<\/p>\n<p>EAN: 0769503440637<\/p>\n","protected":false},"featured_media":20384,"comment_status":"closed","ping_status":"closed","template":"","meta":[],"product_brand":[],"product_cat":[113,15,86],"product_tag":[],"class_list":{"0":"post-19717","1":"product","2":"type-product","3":"status-publish","4":"has-post-thumbnail","6":"product_cat-skoleniem","7":"product_cat-puzles-speles","8":"product_cat-davanas","10":"first","11":"instock","12":"taxable","13":"shipping-taxable","14":"purchasable","15":"product-type-simple"},"_links":{"self":[{"href":"https:\/\/www.kartes.lv\/lv\/wp-json\/wp\/v2\/product\/19717","targetHints":{"allow":["GET"]}}],"collection":[{"href":"https:\/\/www.kartes.lv\/lv\/wp-json\/wp\/v2\/product"}],"about":[{"href":"https:\/\/www.kartes.lv\/lv\/wp-json\/wp\/v2\/types\/product"}],"replies":[{"embeddable":true,"href":"https:\/\/www.kartes.lv\/lv\/wp-json\/wp\/v2\/comments?post=19717"}],"wp:featuredmedia":[{"embeddable":true,"href":"https:\/\/www.kartes.lv\/lv\/wp-json\/wp\/v2\/media\/20384"}],"wp:attachment":[{"href":"https:\/\/www.kartes.lv\/lv\/wp-json\/wp\/v2\/media?parent=19717"}],"wp:term":[{"taxonomy":"product_brand","embeddable":true,"href":"https:\/\/www.kartes.lv\/lv\/wp-json\/wp\/v2\/product_brand?post=19717"},{"taxonomy":"product_cat","embeddable":true,"href":"https:\/\/www.kartes.lv\/lv\/wp-json\/wp\/v2\/product_cat?post=19717"},{"taxonomy":"product_tag","embeddable":true,"href":"https:\/\/www.kartes.lv\/lv\/wp-json\/wp\/v2\/product_tag?post=19717"}],"curies":[{"name":"wp","href":"https:\/\/api.w.org\/{rel}","templated":true}]}}