{"id":19993,"date":"2025-01-29T13:22:39","date_gmt":"2025-01-29T11:22:39","guid":{"rendered":"https:\/\/www.kartes.lv\/?post_type=product&#038;p=19993"},"modified":"2025-07-28T09:58:56","modified_gmt":"2025-07-28T06:58:56","slug":"rigas-apkartne-karte","status":"publish","type":"product","link":"https:\/\/www.kartes.lv\/lv\/product\/rigas-apkartne-karte\/","title":{"rendered":"R\u012bgas apk\u0101rtne. Karte."},"content":{"rendered":"<p>2025. gada izdevums!<\/p>\n<p>R\u012bgas apk\u0101rtnes karte m\u0113rog\u0101 1:100 000. Karte b\u016bs piem\u0113rota Pier\u012bgas apce\u013co\u0161anai, to papildina liel\u0101k\u0101s R\u012bgas apk\u0101rtnes pils\u0113tas un ciemi \u2013 \u0100da\u017eu, Bab\u012btes, Baldones, Balo\u017eu, Carnikavas, Garkalnes, Jaunm\u0101rupes, \u0136ekavas, M\u0101rupes, Olaines, Pi\u0146\u0137u, Salaspils, Saulkrastu, Ulbrokas un Vanga\u017eu pl\u0101ni m\u0113rog\u0101 1:20 000. Kart\u0113s atrad\u012bsiet R\u012bgai tuv\u0101k\u0101s dabas takas un apmekl\u0113\u0161anas v\u0113rtus dabas un kult\u016brv\u0113stures objektus.<\/p>","protected":false},"excerpt":{"rendered":"<p>2025. gada izdevums<\/p>\n<p>M\u0113rogs 1:100 000<br \/>\nIzm\u0113ri: 100 x 70 cm \/ 12,5 x 24 cm, loc\u012bta<br \/>\nM\u012bkstais v\u0101ci\u0146\u0161<br \/>\nLatvie\u0161u, ang\u013cu valod\u0101<\/p>\n<p>Kart\u0113 ietverti: \u0100da\u017ei, Bab\u012bte, Pi\u0146\u0137i, Baldone, Balo\u017ei, Carnikava, Garkalne, Jaunm\u0101rupe, \u0136ekava, M\u0101rupe, Olaine, Salaspils, Saulkrasti, Ulbroka un Vanga\u017ei m\u0113rog\u0101 1:20 000<br \/>\nIzdev\u0113js: Kar\u0161u veikals &#8220;J\u0101\u0146a s\u0113ta&#8221;<\/p>\n<p>EAN 9789984077871<\/p>\n","protected":false},"featured_media":19994,"comment_status":"closed","ping_status":"closed","template":"","meta":[],"product_brand":[],"product_cat":[7,10,8],"product_tag":[],"class_list":{"0":"post-19993","1":"product","2":"type-product","3":"status-publish","4":"has-post-thumbnail","6":"product_cat-kartes-atlanti-celvezi","7":"product_cat-celu-kartes-atlanti","8":"product_cat-pilsetu-kartes","10":"first","11":"instock","12":"taxable","13":"shipping-taxable","14":"purchasable","15":"product-type-simple"},"_links":{"self":[{"href":"https:\/\/www.kartes.lv\/lv\/wp-json\/wp\/v2\/product\/19993","targetHints":{"allow":["GET"]}}],"collection":[{"href":"https:\/\/www.kartes.lv\/lv\/wp-json\/wp\/v2\/product"}],"about":[{"href":"https:\/\/www.kartes.lv\/lv\/wp-json\/wp\/v2\/types\/product"}],"replies":[{"embeddable":true,"href":"https:\/\/www.kartes.lv\/lv\/wp-json\/wp\/v2\/comments?post=19993"}],"wp:featuredmedia":[{"embeddable":true,"href":"https:\/\/www.kartes.lv\/lv\/wp-json\/wp\/v2\/media\/19994"}],"wp:attachment":[{"href":"https:\/\/www.kartes.lv\/lv\/wp-json\/wp\/v2\/media?parent=19993"}],"wp:term":[{"taxonomy":"product_brand","embeddable":true,"href":"https:\/\/www.kartes.lv\/lv\/wp-json\/wp\/v2\/product_brand?post=19993"},{"taxonomy":"product_cat","embeddable":true,"href":"https:\/\/www.kartes.lv\/lv\/wp-json\/wp\/v2\/product_cat?post=19993"},{"taxonomy":"product_tag","embeddable":true,"href":"https:\/\/www.kartes.lv\/lv\/wp-json\/wp\/v2\/product_tag?post=19993"}],"curies":[{"name":"wp","href":"https:\/\/api.w.org\/{rel}","templated":true}]}}