{"id":20004,"date":"2025-01-29T12:13:20","date_gmt":"2025-01-29T10:13:20","guid":{"rendered":"https:\/\/www.kartes.lv\/?post_type=product&#038;p=20004"},"modified":"2025-12-15T10:36:17","modified_gmt":"2025-12-15T08:36:17","slug":"pasaules-politiska-karte-puzle","status":"publish","type":"product","link":"https:\/\/www.kartes.lv\/lv\/product\/pasaules-politiska-karte-puzle\/","title":{"rendered":"Pasaules politisk\u0101 karte. Puzle (ang\u013cu valod\u0101)"},"content":{"rendered":"<p>Saliec pasauli no 1000 gabali\u0146iem!<\/p>\n<p>Puzle\u00a0<em>Pasaules politisk\u0101 karte<\/em> att\u012bsta smalko motoriku, telpisko dom\u0101\u0161anu, k\u0101 ar\u012b \u0123eogr\u0101fisk\u0101s zin\u0101\u0161anas. T\u0101 sniedz iesp\u0113ju pa\u0161am salikt detaliz\u0113tu pasaules politisko karti no 1000 gabali\u0146iem!<\/p>\n<p>Liekot \u0161o puzli, piln\u012bgi noteikti var\u0113siet izbaud\u012bt t\u0101s augsto kvalit\u0101ti un g\u016bt v\u0113rt\u012bgu, izgl\u012btojo\u0161u pieredzi.<\/p>\n<p>&nbsp;<\/p>","protected":false},"excerpt":{"rendered":"<p><strong>Ang\u013cu valod\u0101<\/strong><\/p>\n<p>1000 gabali\u0146i<br \/>\nSaliktas puzles izm\u0113rs: 48 x 68 cm<br \/>\nKastes izm\u0113rs: 36 x 26 x 6 cm<br \/>\nRa\u017eot\u0101js: Eurographics Canada<br \/>\nImport\u0113t\u0101js: JSC Sumanus pasaulis<br \/>\nPiem\u0113rota no 9 gadu vecuma<\/p>\n<p>EAN: 628136612715<\/p>\n","protected":false},"featured_media":20377,"comment_status":"closed","ping_status":"closed","template":"","meta":[],"product_brand":[],"product_cat":[15,86],"product_tag":[],"class_list":{"0":"post-20004","1":"product","2":"type-product","3":"status-publish","4":"has-post-thumbnail","6":"product_cat-puzles-speles","7":"product_cat-davanas","9":"first","10":"instock","11":"taxable","12":"shipping-taxable","13":"purchasable","14":"product-type-simple"},"_links":{"self":[{"href":"https:\/\/www.kartes.lv\/lv\/wp-json\/wp\/v2\/product\/20004","targetHints":{"allow":["GET"]}}],"collection":[{"href":"https:\/\/www.kartes.lv\/lv\/wp-json\/wp\/v2\/product"}],"about":[{"href":"https:\/\/www.kartes.lv\/lv\/wp-json\/wp\/v2\/types\/product"}],"replies":[{"embeddable":true,"href":"https:\/\/www.kartes.lv\/lv\/wp-json\/wp\/v2\/comments?post=20004"}],"wp:featuredmedia":[{"embeddable":true,"href":"https:\/\/www.kartes.lv\/lv\/wp-json\/wp\/v2\/media\/20377"}],"wp:attachment":[{"href":"https:\/\/www.kartes.lv\/lv\/wp-json\/wp\/v2\/media?parent=20004"}],"wp:term":[{"taxonomy":"product_brand","embeddable":true,"href":"https:\/\/www.kartes.lv\/lv\/wp-json\/wp\/v2\/product_brand?post=20004"},{"taxonomy":"product_cat","embeddable":true,"href":"https:\/\/www.kartes.lv\/lv\/wp-json\/wp\/v2\/product_cat?post=20004"},{"taxonomy":"product_tag","embeddable":true,"href":"https:\/\/www.kartes.lv\/lv\/wp-json\/wp\/v2\/product_tag?post=20004"}],"curies":[{"name":"wp","href":"https:\/\/api.w.org\/{rel}","templated":true}]}}