{"id":20121,"date":"2025-02-17T13:58:39","date_gmt":"2025-02-17T11:58:39","guid":{"rendered":"https:\/\/www.kartes.lv\/?post_type=product&#038;p=20121"},"modified":"2025-12-04T10:43:42","modified_gmt":"2025-12-04T08:43:42","slug":"puzle-1000-map-of-the-world-miniature-educa","status":"publish","type":"product","link":"https:\/\/www.kartes.lv\/lv\/product\/puzle-1000-map-of-the-world-miniature-educa\/","title":{"rendered":"Politisk\u0101 pasaules karte &#8220;Miniat\u016bra&#8221;. Puzle (ang\u013cu valod\u0101)"},"content":{"rendered":"<p>Maz\u0101k\u0101 1000 gabali\u0146u puzle pasaul\u0113!<\/p>\n<p>Educa\u00ae pied\u0101v\u0101 vienu no pla\u0161\u0101kaj\u0101m pieaugu\u0161o puz\u013cu kolekcij\u0101m tirg\u016b \u2013 no 300 l\u012bdz pat iespaid\u012bgiem 42 000 gabali\u0146iem, ar aizraujo\u0161\u0101m un kvalitat\u012bv\u0101m ilustr\u0101cij\u0101m.<\/p>","protected":false},"excerpt":{"rendered":"<p><strong>Ang\u013cu valod\u0101<\/strong><\/p>\n<p>1000 gabali\u0146i<br \/>\nSaliktas puzles izm\u0113rs 46 x 30 cm<br \/>\nKastes izm\u0113rs 25 x 16 x 6 cm<br \/>\nRa\u017eot\u0101js Educa Borra<br \/>\nPiem\u0113rota no 14 gadu vecuma<\/p>\n<p>EAN: 8412668167643<\/p>\n","protected":false},"featured_media":20372,"comment_status":"closed","ping_status":"closed","template":"","meta":[],"product_brand":[],"product_cat":[15,86],"product_tag":[],"class_list":{"0":"post-20121","1":"product","2":"type-product","3":"status-publish","4":"has-post-thumbnail","6":"product_cat-puzles-speles","7":"product_cat-davanas","9":"first","10":"instock","11":"taxable","12":"shipping-taxable","13":"purchasable","14":"product-type-simple"},"_links":{"self":[{"href":"https:\/\/www.kartes.lv\/lv\/wp-json\/wp\/v2\/product\/20121","targetHints":{"allow":["GET"]}}],"collection":[{"href":"https:\/\/www.kartes.lv\/lv\/wp-json\/wp\/v2\/product"}],"about":[{"href":"https:\/\/www.kartes.lv\/lv\/wp-json\/wp\/v2\/types\/product"}],"replies":[{"embeddable":true,"href":"https:\/\/www.kartes.lv\/lv\/wp-json\/wp\/v2\/comments?post=20121"}],"wp:featuredmedia":[{"embeddable":true,"href":"https:\/\/www.kartes.lv\/lv\/wp-json\/wp\/v2\/media\/20372"}],"wp:attachment":[{"href":"https:\/\/www.kartes.lv\/lv\/wp-json\/wp\/v2\/media?parent=20121"}],"wp:term":[{"taxonomy":"product_brand","embeddable":true,"href":"https:\/\/www.kartes.lv\/lv\/wp-json\/wp\/v2\/product_brand?post=20121"},{"taxonomy":"product_cat","embeddable":true,"href":"https:\/\/www.kartes.lv\/lv\/wp-json\/wp\/v2\/product_cat?post=20121"},{"taxonomy":"product_tag","embeddable":true,"href":"https:\/\/www.kartes.lv\/lv\/wp-json\/wp\/v2\/product_tag?post=20121"}],"curies":[{"name":"wp","href":"https:\/\/api.w.org\/{rel}","templated":true}]}}