{"id":20205,"date":"2025-02-25T13:38:44","date_gmt":"2025-02-25T11:38:44","guid":{"rendered":"https:\/\/www.kartes.lv\/?post_type=product&#038;p=20205"},"modified":"2025-12-04T10:44:20","modified_gmt":"2025-12-04T08:44:20","slug":"antikas-pasaules-kartes-puzle","status":"publish","type":"product","link":"https:\/\/www.kartes.lv\/lv\/product\/antikas-pasaules-kartes-puzle\/","title":{"rendered":"Ant\u012bk\u0101s pasaules karte. Puzle (ang\u013cu valod\u0101)"},"content":{"rendered":"<p>Augstas kvalit\u0101tes<em> Scmidt Puzzle<\/em> ra\u017eojuma 3000 gabali\u0146u ant\u012bk\u0101s pasaules kartes puzle.<\/p>","protected":false},"excerpt":{"rendered":"<p><strong>Ang\u013cu valod\u0101<\/strong><\/p>\n<p>3000 gabali\u0146i<br \/>\nSaliktas puzles izm\u0113rs 117,6 x 83,6 cm<br \/>\nKastes izm\u0113rs 37,3 x 27,2 x 5,7 cm<br \/>\nRa\u017eot\u0101js Schmidt Puzzle<br \/>\nPiem\u0113rota no 14 gadu vecuma<\/p>\n<p>EAN: 4001504583286<\/p>\n","protected":false},"featured_media":20368,"comment_status":"closed","ping_status":"closed","template":"","meta":[],"product_brand":[],"product_cat":[15,86],"product_tag":[],"class_list":{"0":"post-20205","1":"product","2":"type-product","3":"status-publish","4":"has-post-thumbnail","6":"product_cat-puzles-speles","7":"product_cat-davanas","9":"first","10":"instock","11":"taxable","12":"shipping-taxable","13":"purchasable","14":"product-type-simple"},"_links":{"self":[{"href":"https:\/\/www.kartes.lv\/lv\/wp-json\/wp\/v2\/product\/20205","targetHints":{"allow":["GET"]}}],"collection":[{"href":"https:\/\/www.kartes.lv\/lv\/wp-json\/wp\/v2\/product"}],"about":[{"href":"https:\/\/www.kartes.lv\/lv\/wp-json\/wp\/v2\/types\/product"}],"replies":[{"embeddable":true,"href":"https:\/\/www.kartes.lv\/lv\/wp-json\/wp\/v2\/comments?post=20205"}],"wp:featuredmedia":[{"embeddable":true,"href":"https:\/\/www.kartes.lv\/lv\/wp-json\/wp\/v2\/media\/20368"}],"wp:attachment":[{"href":"https:\/\/www.kartes.lv\/lv\/wp-json\/wp\/v2\/media?parent=20205"}],"wp:term":[{"taxonomy":"product_brand","embeddable":true,"href":"https:\/\/www.kartes.lv\/lv\/wp-json\/wp\/v2\/product_brand?post=20205"},{"taxonomy":"product_cat","embeddable":true,"href":"https:\/\/www.kartes.lv\/lv\/wp-json\/wp\/v2\/product_cat?post=20205"},{"taxonomy":"product_tag","embeddable":true,"href":"https:\/\/www.kartes.lv\/lv\/wp-json\/wp\/v2\/product_tag?post=20205"}],"curies":[{"name":"wp","href":"https:\/\/api.w.org\/{rel}","templated":true}]}}