{"id":20208,"date":"2025-02-25T13:52:12","date_gmt":"2025-02-25T11:52:12","guid":{"rendered":"https:\/\/www.kartes.lv\/?post_type=product&#038;p=20208"},"modified":"2025-12-04T10:45:48","modified_gmt":"2025-12-04T08:45:48","slug":"musu-pasaule-puzle","status":"publish","type":"product","link":"https:\/\/www.kartes.lv\/lv\/product\/musu-pasaule-puzle\/","title":{"rendered":"M\u016bsu pasaule. Puzle (ang\u013cu valod\u0101)"},"content":{"rendered":"<p>Augstas kvalit\u0101tes <em>Scmidt Puzzle<\/em> ra\u017eojuma 2000 gabali\u0146u politisk\u0101s pasaules kartes puzle.<\/p>\n<p>Saliekot apk\u0101rt puzlei veidojas r\u0101m\u012btis ar visiem pasaules valstu karogiem.<\/p>","protected":false},"excerpt":{"rendered":"<p><strong>Ang\u013cu valod\u0101<\/strong><\/p>\n<p>2000 gabali\u0146i<br \/>\nSaliktas puzles izm\u0113rs 96,8 x 69,2 cm<br \/>\nKastes izm\u0113rs 37,3 x 27,2 x 5,7 cm<br \/>\nRa\u017eot\u0101js Schmidt Puzzle<br \/>\nPiem\u0113rota no 14 gadu vecuma<\/p>\n<p>EAN: 4001504570415<\/p>\n","protected":false},"featured_media":20367,"comment_status":"closed","ping_status":"closed","template":"","meta":[],"product_brand":[],"product_cat":[15,86],"product_tag":[],"class_list":{"0":"post-20208","1":"product","2":"type-product","3":"status-publish","4":"has-post-thumbnail","6":"product_cat-puzles-speles","7":"product_cat-davanas","9":"first","10":"instock","11":"taxable","12":"shipping-taxable","13":"purchasable","14":"product-type-simple"},"_links":{"self":[{"href":"https:\/\/www.kartes.lv\/lv\/wp-json\/wp\/v2\/product\/20208","targetHints":{"allow":["GET"]}}],"collection":[{"href":"https:\/\/www.kartes.lv\/lv\/wp-json\/wp\/v2\/product"}],"about":[{"href":"https:\/\/www.kartes.lv\/lv\/wp-json\/wp\/v2\/types\/product"}],"replies":[{"embeddable":true,"href":"https:\/\/www.kartes.lv\/lv\/wp-json\/wp\/v2\/comments?post=20208"}],"wp:featuredmedia":[{"embeddable":true,"href":"https:\/\/www.kartes.lv\/lv\/wp-json\/wp\/v2\/media\/20367"}],"wp:attachment":[{"href":"https:\/\/www.kartes.lv\/lv\/wp-json\/wp\/v2\/media?parent=20208"}],"wp:term":[{"taxonomy":"product_brand","embeddable":true,"href":"https:\/\/www.kartes.lv\/lv\/wp-json\/wp\/v2\/product_brand?post=20208"},{"taxonomy":"product_cat","embeddable":true,"href":"https:\/\/www.kartes.lv\/lv\/wp-json\/wp\/v2\/product_cat?post=20208"},{"taxonomy":"product_tag","embeddable":true,"href":"https:\/\/www.kartes.lv\/lv\/wp-json\/wp\/v2\/product_tag?post=20208"}],"curies":[{"name":"wp","href":"https:\/\/api.w.org\/{rel}","templated":true}]}}