{"id":20211,"date":"2025-02-26T08:42:17","date_gmt":"2025-02-26T06:42:17","guid":{"rendered":"https:\/\/www.kartes.lv\/?post_type=product&#038;p=20211"},"modified":"2026-03-02T10:05:53","modified_gmt":"2026-03-02T08:05:53","slug":"spele-magnetiska-pasaules-karte","status":"publish","type":"product","link":"https:\/\/www.kartes.lv\/lv\/product\/spele-magnetiska-pasaules-karte\/","title":{"rendered":"Magn\u0113tisk\u0101 pasaules karte b\u0113rniem (ang\u013cu valod\u0101)"},"content":{"rendered":"<p><\/p>\n<p id=\"tw-target-text\" class=\"tw-data-text tw-text-large tw-ta\" dir=\"ltr\" data-placeholder=\"Tulkojums\" data-ved=\"2ahUKEwjmmu-z3uCLAxXLGRAIHeycBS0Q3ewLegQIBxAV\" aria-label=\"Tulkotais teksts: 70\u00a0x\u00a038\u00a0cm liela pasaules karte pasaules valstu izzin\u0101\u0161anai. Pateicoties t\u0101s molbertu sist\u0113mai, karti var piek\u0101rt pie sienas vai novietot uz galda. Kart\u0113 var novietot 40 magn\u0113tiskos gabalus, kas att\u0113lo galven\u0101s \u0123eogr\u0101fisk\u0101s zonas. Ir ar\u012b 50 magn\u0113tiski karodzi\u0146i un piespraudes, kuras varat izmantot, lai atz\u012bm\u0113tu valstis, kuras esat apmekl\u0113jis vai v\u0113l\u0113tos apmekl\u0113t. Izmantojot fotoatt\u0113lus un ilustr\u0113to ce\u013ca gr\u0101matu, varat izp\u0113t\u012bt skaist\u0101kos pieminek\u013cus, ce\u013cus un ainavas vis\u0101 pasaul\u0113.\"><span class=\"Y2IQFc\" lang=\"lv\">70 x 38 cm liela magn\u0113tisk\u0101 pasaules karte pasaules valstu izzin\u0101\u0161anai. <\/span><\/p>\n<p class=\"tw-data-text tw-text-large tw-ta\" dir=\"ltr\" data-placeholder=\"Tulkojums\" data-ved=\"2ahUKEwjmmu-z3uCLAxXLGRAIHeycBS0Q3ewLegQIBxAV\" aria-label=\"Tulkotais teksts: 70\u00a0x\u00a038\u00a0cm liela pasaules karte pasaules valstu izzin\u0101\u0161anai. Pateicoties t\u0101s molbertu sist\u0113mai, karti var piek\u0101rt pie sienas vai novietot uz galda. Kart\u0113 var novietot 40 magn\u0113tiskos gabalus, kas att\u0113lo galven\u0101s \u0123eogr\u0101fisk\u0101s zonas. Ir ar\u012b 50 magn\u0113tiski karodzi\u0146i un piespraudes, kuras varat izmantot, lai atz\u012bm\u0113tu valstis, kuras esat apmekl\u0113jis vai v\u0113l\u0113tos apmekl\u0113t. Izmantojot fotoatt\u0113lus un ilustr\u0113to ce\u013ca gr\u0101matu, varat izp\u0113t\u012bt skaist\u0101kos pieminek\u013cus, ce\u013cus un ainavas vis\u0101 pasaul\u0113.\"><span class=\"Y2IQFc\" lang=\"lv\">Pateicoties t\u0101s molberta sist\u0113mai, karti var piek\u0101rt pie sienas vai novietot uz galda. Kart\u0113 var novietot 40 magn\u0113tiskos gabalus, kas att\u0113lo galven\u0101s \u0123eogr\u0101fisk\u0101s zonas un politisko valstu sadal\u012bjumu.<\/span><\/p>\n<p class=\"tw-data-text tw-text-large tw-ta\" dir=\"ltr\" data-placeholder=\"Tulkojums\" data-ved=\"2ahUKEwjmmu-z3uCLAxXLGRAIHeycBS0Q3ewLegQIBxAV\" aria-label=\"Tulkotais teksts: 70\u00a0x\u00a038\u00a0cm liela pasaules karte pasaules valstu izzin\u0101\u0161anai. Pateicoties t\u0101s molbertu sist\u0113mai, karti var piek\u0101rt pie sienas vai novietot uz galda. Kart\u0113 var novietot 40 magn\u0113tiskos gabalus, kas att\u0113lo galven\u0101s \u0123eogr\u0101fisk\u0101s zonas. Ir ar\u012b 50 magn\u0113tiski karodzi\u0146i un piespraudes, kuras varat izmantot, lai atz\u012bm\u0113tu valstis, kuras esat apmekl\u0113jis vai v\u0113l\u0113tos apmekl\u0113t. Izmantojot fotoatt\u0113lus un ilustr\u0113to ce\u013ca gr\u0101matu, varat izp\u0113t\u012bt skaist\u0101kos pieminek\u013cus, ce\u013cus un ainavas vis\u0101 pasaul\u0113.\"><span class=\"Y2IQFc\" lang=\"lv\">Ir ar\u012b 50 magn\u0113tiski karodzi\u0146i un piespraudes, kuras varat izmantot, lai atz\u012bm\u0113tu valstis, kuras esat apmekl\u0113jis vai v\u0113l\u0113tos apmekl\u0113t. Izmantojot fotoatt\u0113lus un ilustr\u0113to ce\u013ca gr\u0101matu, varat izp\u0113t\u012bt skaist\u0101kos pieminek\u013cus, ce\u013cus un ainavas vis\u0101 pasaul\u0113.<\/span><\/p>\n<p dir=\"ltr\" data-placeholder=\"Tulkojums\" data-ved=\"2ahUKEwjmmu-z3uCLAxXLGRAIHeycBS0Q3ewLegQIBxAV\" aria-label=\"Tulkotais teksts: 70\u00a0x\u00a038\u00a0cm liela pasaules karte pasaules valstu izzin\u0101\u0161anai. Pateicoties t\u0101s molbertu sist\u0113mai, karti var piek\u0101rt pie sienas vai novietot uz galda. Kart\u0113 var novietot 40 magn\u0113tiskos gabalus, kas att\u0113lo galven\u0101s \u0123eogr\u0101fisk\u0101s zonas. Ir ar\u012b 50 magn\u0113tiski karodzi\u0146i un piespraudes, kuras varat izmantot, lai atz\u012bm\u0113tu valstis, kuras esat apmekl\u0113jis vai v\u0113l\u0113tos apmekl\u0113t. Izmantojot fotoatt\u0113lus un ilustr\u0113to ce\u013ca gr\u0101matu, varat izp\u0113t\u012bt skaist\u0101kos pieminek\u013cus, ce\u013cus un ainavas vis\u0101 pasaul\u0113.\">Produkts ir ang\u013cu valod\u0101.<\/p>\n<p><\/p>","protected":false},"excerpt":{"rendered":"<p><strong>Ang\u013cu valod\u0101<\/strong><\/p>\n<p>Piem\u0113rots vecumam: 8+<\/p>\n<p><strong>Komplekt\u0101 ietilpst:<\/strong><br \/>\nMagn\u0113tisk\u0101 karte 70 x 38 cm<br \/>\n10 piespraudes<br \/>\n40 magn\u0113ti &#8211; valstu kont\u016bras<br \/>\n50 magn\u0113ti &#8211; valstu karogi<br \/>\n20 fotogr\u0101fijas ar aprakstiem<br \/>\n5 ce\u013cojumu gr\u0101matas ang\u013cu valod\u0101<br \/>\nPlastmasas stiprin\u0101jumi novieto\u0161anai uz galda vai pie sienas<\/p>\n<p>Kastes izm\u0113rs 36cm x 21,5cm<\/p>\n<p>EAN: 3700802104438<\/p>\n","protected":false},"featured_media":20350,"comment_status":"closed","ping_status":"closed","template":"","meta":[],"product_brand":[],"product_cat":[113,15,86],"product_tag":[],"class_list":{"0":"post-20211","1":"product","2":"type-product","3":"status-publish","4":"has-post-thumbnail","6":"product_cat-skoleniem","7":"product_cat-puzles-speles","8":"product_cat-davanas","10":"first","11":"instock","12":"taxable","13":"shipping-taxable","14":"purchasable","15":"product-type-simple"},"_links":{"self":[{"href":"https:\/\/www.kartes.lv\/lv\/wp-json\/wp\/v2\/product\/20211","targetHints":{"allow":["GET"]}}],"collection":[{"href":"https:\/\/www.kartes.lv\/lv\/wp-json\/wp\/v2\/product"}],"about":[{"href":"https:\/\/www.kartes.lv\/lv\/wp-json\/wp\/v2\/types\/product"}],"replies":[{"embeddable":true,"href":"https:\/\/www.kartes.lv\/lv\/wp-json\/wp\/v2\/comments?post=20211"}],"wp:featuredmedia":[{"embeddable":true,"href":"https:\/\/www.kartes.lv\/lv\/wp-json\/wp\/v2\/media\/20350"}],"wp:attachment":[{"href":"https:\/\/www.kartes.lv\/lv\/wp-json\/wp\/v2\/media?parent=20211"}],"wp:term":[{"taxonomy":"product_brand","embeddable":true,"href":"https:\/\/www.kartes.lv\/lv\/wp-json\/wp\/v2\/product_brand?post=20211"},{"taxonomy":"product_cat","embeddable":true,"href":"https:\/\/www.kartes.lv\/lv\/wp-json\/wp\/v2\/product_cat?post=20211"},{"taxonomy":"product_tag","embeddable":true,"href":"https:\/\/www.kartes.lv\/lv\/wp-json\/wp\/v2\/product_tag?post=20211"}],"curies":[{"name":"wp","href":"https:\/\/api.w.org\/{rel}","templated":true}]}}