{"id":20240,"date":"2025-03-01T10:27:10","date_gmt":"2025-03-01T08:27:10","guid":{"rendered":"https:\/\/www.kartes.lv\/?post_type=product&#038;p=20240"},"modified":"2026-04-15T09:53:19","modified_gmt":"2026-04-15T06:53:19","slug":"globuss-mini-antico-16cm-anglu-valoda","status":"publish","type":"product","link":"https:\/\/www.kartes.lv\/lv\/product\/globuss-mini-antico-16cm-anglu-valoda\/","title":{"rendered":"Globuss Mini Antico 16 cm (ang\u013cu valod\u0101)"},"content":{"rendered":"<p>Neizgaismojams 16 cm globuss ar pasaules ant\u012bko politisko karti.<\/p>","protected":false},"excerpt":{"rendered":"<p><strong>Ang\u013cu valod\u0101<\/strong><\/p>\n<p>Plastik\u0101ta pamatne un meridi\u0101ns<br \/>\nDiametrs 16 cm, augstums 22cm<br \/>\nKastes izm\u0113rs 30 x 30 x 31 cm<\/p>\n<p>Ra\u017eot\u0101js: Tecnodidattica SPA<\/p>\n<p>EAN: 8007239011724<\/p>\n","protected":false},"featured_media":20241,"comment_status":"closed","ping_status":"closed","template":"","meta":[],"product_brand":[],"product_cat":[113,32,86],"product_tag":[],"class_list":{"0":"post-20240","1":"product","2":"type-product","3":"status-publish","4":"has-post-thumbnail","6":"product_cat-skoleniem","7":"product_cat-globusi","8":"product_cat-davanas","10":"first","11":"instock","12":"taxable","13":"shipping-taxable","14":"purchasable","15":"product-type-simple"},"_links":{"self":[{"href":"https:\/\/www.kartes.lv\/lv\/wp-json\/wp\/v2\/product\/20240","targetHints":{"allow":["GET"]}}],"collection":[{"href":"https:\/\/www.kartes.lv\/lv\/wp-json\/wp\/v2\/product"}],"about":[{"href":"https:\/\/www.kartes.lv\/lv\/wp-json\/wp\/v2\/types\/product"}],"replies":[{"embeddable":true,"href":"https:\/\/www.kartes.lv\/lv\/wp-json\/wp\/v2\/comments?post=20240"}],"wp:featuredmedia":[{"embeddable":true,"href":"https:\/\/www.kartes.lv\/lv\/wp-json\/wp\/v2\/media\/20241"}],"wp:attachment":[{"href":"https:\/\/www.kartes.lv\/lv\/wp-json\/wp\/v2\/media?parent=20240"}],"wp:term":[{"taxonomy":"product_brand","embeddable":true,"href":"https:\/\/www.kartes.lv\/lv\/wp-json\/wp\/v2\/product_brand?post=20240"},{"taxonomy":"product_cat","embeddable":true,"href":"https:\/\/www.kartes.lv\/lv\/wp-json\/wp\/v2\/product_cat?post=20240"},{"taxonomy":"product_tag","embeddable":true,"href":"https:\/\/www.kartes.lv\/lv\/wp-json\/wp\/v2\/product_tag?post=20240"}],"curies":[{"name":"wp","href":"https:\/\/api.w.org\/{rel}","templated":true}]}}