{"id":20242,"date":"2025-03-01T10:37:56","date_gmt":"2025-03-01T08:37:56","guid":{"rendered":"https:\/\/www.kartes.lv\/?post_type=product&#038;p=20242"},"modified":"2026-04-04T11:24:55","modified_gmt":"2026-04-04T08:24:55","slug":"pasaule-gimenes-liela-puzle-2","status":"publish","type":"product","link":"https:\/\/www.kartes.lv\/lv\/product\/pasaule-gimenes-liela-puzle-2\/","title":{"rendered":"Pasaule. \u0122imenes liel\u0101 puzle"},"content":{"rendered":"<p>&#8221;Pasaule&#8221; ir pirm\u0101 liel\u0101 (izm\u0113rs 85 x 58 cm, kas j\u0101saliek no 1500 gabali\u0146iem) pasaules kartes puzle latvie\u0161u valod\u0101, k\u0101 ar\u012b t\u0101 ir pirm\u0101 puzle visai \u0123imenei paredz\u0113to pu\u017e\u013cu s\u0113rij\u0101.<\/p>\n<p>Puzles pamat\u0101 ir detaliz\u0113ta pasaules politisk\u0101 karte, kur\u0101 ir att\u0113loti ne tikai visu valstu nosaukumi, bet ar\u012b atsevi\u0161\u0137a Antarktikas karte ar valstu teritori\u0101laj\u0101m pretenzij\u0101m taj\u0101.<\/p>\n<p>Papildus puzles noform\u0113jum\u0101 izmantoti visu pasaules valstu karogi.<\/p>\n<p>\u0160\u012b ir lieliska iesp\u0113ja \u0123imenei pavad\u012bt laiku kop\u0101, aizraut\u012bgi darbojoties un vienlaikus apg\u016bstot pasaules \u0123eogr\u0101fiju!<\/p>\n<p>Pieejama latvie\u0161u un lietuvie\u0161u valod\u0101.<\/p>","protected":false},"excerpt":{"rendered":"<p>1500 gabali\u0146i<br \/>\nSaliktas puzles izm\u0113rs 85 x 58 cm<br \/>\nKastes izm\u0113rs 33 x 23 x 6 cm<br \/>\nPiem\u0113rota no 9 gadu vecuma<\/p>\n<p>EAN: 9789984076584<\/p>\n","protected":false},"featured_media":20348,"comment_status":"closed","ping_status":"closed","template":"","meta":[],"product_brand":[],"product_cat":[132],"product_tag":[],"class_list":{"0":"post-20242","1":"product","2":"type-product","3":"status-publish","4":"has-post-thumbnail","6":"product_cat-pedejie-eksemplari","8":"first","9":"instock","10":"taxable","11":"shipping-taxable","12":"purchasable","13":"product-type-simple"},"_links":{"self":[{"href":"https:\/\/www.kartes.lv\/lv\/wp-json\/wp\/v2\/product\/20242","targetHints":{"allow":["GET"]}}],"collection":[{"href":"https:\/\/www.kartes.lv\/lv\/wp-json\/wp\/v2\/product"}],"about":[{"href":"https:\/\/www.kartes.lv\/lv\/wp-json\/wp\/v2\/types\/product"}],"replies":[{"embeddable":true,"href":"https:\/\/www.kartes.lv\/lv\/wp-json\/wp\/v2\/comments?post=20242"}],"wp:featuredmedia":[{"embeddable":true,"href":"https:\/\/www.kartes.lv\/lv\/wp-json\/wp\/v2\/media\/20348"}],"wp:attachment":[{"href":"https:\/\/www.kartes.lv\/lv\/wp-json\/wp\/v2\/media?parent=20242"}],"wp:term":[{"taxonomy":"product_brand","embeddable":true,"href":"https:\/\/www.kartes.lv\/lv\/wp-json\/wp\/v2\/product_brand?post=20242"},{"taxonomy":"product_cat","embeddable":true,"href":"https:\/\/www.kartes.lv\/lv\/wp-json\/wp\/v2\/product_cat?post=20242"},{"taxonomy":"product_tag","embeddable":true,"href":"https:\/\/www.kartes.lv\/lv\/wp-json\/wp\/v2\/product_tag?post=20242"}],"curies":[{"name":"wp","href":"https:\/\/api.w.org\/{rel}","templated":true}]}}