{"id":20268,"date":"2025-03-13T09:55:55","date_gmt":"2025-03-13T07:55:55","guid":{"rendered":"https:\/\/www.kartes.lv\/?post_type=product&#038;p=20268"},"modified":"2026-02-27T12:35:23","modified_gmt":"2026-02-27T10:35:23","slug":"eiropas-politiska-karte","status":"publish","type":"product","link":"https:\/\/www.kartes.lv\/lv\/product\/eiropas-politiska-karte\/","title":{"rendered":"Eiropas politisk\u0101 karte. Puzle (ang\u013cu valod\u0101)"},"content":{"rendered":"<p>Puzl\u0113 att\u0113lota Eiropas politisk\u0101 karte ar visu valstu un to galvaspils\u0113tu nosaukumiem latvie\u0161u valod\u0101.<\/p>\n<p>Blakus kartei att\u0113loti visi Eiropas valstu karogi.<\/p>","protected":false},"excerpt":{"rendered":"<p>160 gabali\u0146i<br \/>\nSaliktas puzles izm\u0113rs 41 x 27,5cm<br \/>\nKastes izm\u0113rs 28,5 x 19 x 4cm<br \/>\nPiem\u0113rota no 7 gadu vecuma<\/p>\n<p>EAN: 9789984077628<\/p>\n","protected":false},"featured_media":20347,"comment_status":"closed","ping_status":"closed","template":"","meta":[],"product_brand":[],"product_cat":[15,86,132],"product_tag":[],"class_list":{"0":"post-20268","1":"product","2":"type-product","3":"status-publish","4":"has-post-thumbnail","6":"product_cat-puzles-speles","7":"product_cat-davanas","8":"product_cat-pedejie-eksemplari","10":"first","11":"instock","12":"taxable","13":"shipping-taxable","14":"purchasable","15":"product-type-simple"},"_links":{"self":[{"href":"https:\/\/www.kartes.lv\/lv\/wp-json\/wp\/v2\/product\/20268","targetHints":{"allow":["GET"]}}],"collection":[{"href":"https:\/\/www.kartes.lv\/lv\/wp-json\/wp\/v2\/product"}],"about":[{"href":"https:\/\/www.kartes.lv\/lv\/wp-json\/wp\/v2\/types\/product"}],"replies":[{"embeddable":true,"href":"https:\/\/www.kartes.lv\/lv\/wp-json\/wp\/v2\/comments?post=20268"}],"wp:featuredmedia":[{"embeddable":true,"href":"https:\/\/www.kartes.lv\/lv\/wp-json\/wp\/v2\/media\/20347"}],"wp:attachment":[{"href":"https:\/\/www.kartes.lv\/lv\/wp-json\/wp\/v2\/media?parent=20268"}],"wp:term":[{"taxonomy":"product_brand","embeddable":true,"href":"https:\/\/www.kartes.lv\/lv\/wp-json\/wp\/v2\/product_brand?post=20268"},{"taxonomy":"product_cat","embeddable":true,"href":"https:\/\/www.kartes.lv\/lv\/wp-json\/wp\/v2\/product_cat?post=20268"},{"taxonomy":"product_tag","embeddable":true,"href":"https:\/\/www.kartes.lv\/lv\/wp-json\/wp\/v2\/product_tag?post=20268"}],"curies":[{"name":"wp","href":"https:\/\/api.w.org\/{rel}","templated":true}]}}