{"id":20397,"date":"2025-04-09T11:52:18","date_gmt":"2025-04-09T08:52:18","guid":{"rendered":"https:\/\/www.kartes.lv\/?post_type=product&#038;p=20397"},"modified":"2026-03-23T09:55:05","modified_gmt":"2026-03-23T07:55:05","slug":"latvija-gimenes-liela-puzle","status":"publish","type":"product","link":"https:\/\/www.kartes.lv\/lv\/product\/latvija-gimenes-liela-puzle\/","title":{"rendered":"Latvija. \u0122imenes liel\u0101 puzle"},"content":{"rendered":"<p>&#8221;Latvija&#8221; ir pirm\u0101 liel\u0101 (izm\u0113rs 85 x 58 cm, 1500 gabali\u0146i) Latvijas reljefa puzle, k\u0101 ar\u012b otr\u0101 puzle p\u0113c k\u0101rtas visai \u0123imenei paredz\u0113to pu\u017e\u013cu s\u0113rij\u0101.<\/p>\n<p>Puzles pamat\u0101 ir detaliz\u0113ta Latvijas fizio\u0123eogr\u0101fisk\u0101 karte.<\/p>\n<p>\u0160\u012b ir lieliska iesp\u0113ja \u0123imenei pavad\u012bt laiku kop\u0101, aizraut\u012bgi darbojoties un vienlaikus apg\u016bstot \u0123eogr\u0101fiju!<\/p>\n<p>&nbsp;<\/p>","protected":false},"excerpt":{"rendered":"<p>1500 gabali\u0146i<br \/>\nSaliktas puzles izm\u0113rs 85 x 58 cm<br \/>\nKastes izm\u0113rs 33 x 23 x 6 cm<br \/>\nPiem\u0113rota no 9 gadu vecuma<\/p>\n<p>EAN: 9789984076904<\/p>\n","protected":false},"featured_media":20400,"comment_status":"closed","ping_status":"closed","template":"","meta":[],"product_brand":[],"product_cat":[113,15,86,132],"product_tag":[],"class_list":{"0":"post-20397","1":"product","2":"type-product","3":"status-publish","4":"has-post-thumbnail","6":"product_cat-skoleniem","7":"product_cat-puzles-speles","8":"product_cat-davanas","9":"product_cat-pedejie-eksemplari","11":"first","12":"outofstock","13":"taxable","14":"shipping-taxable","15":"purchasable","16":"product-type-simple"},"_links":{"self":[{"href":"https:\/\/www.kartes.lv\/lv\/wp-json\/wp\/v2\/product\/20397","targetHints":{"allow":["GET"]}}],"collection":[{"href":"https:\/\/www.kartes.lv\/lv\/wp-json\/wp\/v2\/product"}],"about":[{"href":"https:\/\/www.kartes.lv\/lv\/wp-json\/wp\/v2\/types\/product"}],"replies":[{"embeddable":true,"href":"https:\/\/www.kartes.lv\/lv\/wp-json\/wp\/v2\/comments?post=20397"}],"wp:featuredmedia":[{"embeddable":true,"href":"https:\/\/www.kartes.lv\/lv\/wp-json\/wp\/v2\/media\/20400"}],"wp:attachment":[{"href":"https:\/\/www.kartes.lv\/lv\/wp-json\/wp\/v2\/media?parent=20397"}],"wp:term":[{"taxonomy":"product_brand","embeddable":true,"href":"https:\/\/www.kartes.lv\/lv\/wp-json\/wp\/v2\/product_brand?post=20397"},{"taxonomy":"product_cat","embeddable":true,"href":"https:\/\/www.kartes.lv\/lv\/wp-json\/wp\/v2\/product_cat?post=20397"},{"taxonomy":"product_tag","embeddable":true,"href":"https:\/\/www.kartes.lv\/lv\/wp-json\/wp\/v2\/product_tag?post=20397"}],"curies":[{"name":"wp","href":"https:\/\/api.w.org\/{rel}","templated":true}]}}