{"id":20525,"date":"2025-05-18T22:33:15","date_gmt":"2025-05-18T19:33:15","guid":{"rendered":"https:\/\/www.kartes.lv\/?post_type=product&#038;p=20525"},"modified":"2026-02-11T10:27:18","modified_gmt":"2026-02-11T08:27:18","slug":"izdzivosanas-mugursoma-72-stundam","status":"publish","type":"product","link":"https:\/\/www.kartes.lv\/lv\/product\/izdzivosanas-mugursoma-72-stundam\/","title":{"rendered":"M-TAC \u0100rk\u0101rtas gad\u012bjumu soma"},"content":{"rendered":"<p>Sadarb\u012bb\u0101 ar Dabai.lv pied\u0101v\u0101jam \u0101rk\u0101rtas gad\u012bjuma somu:<\/p>\n<p>Vadoties p\u0113c Latvijas armijas izdot\u0101s inform\u0101cijas \u201cR\u012bc\u012bba pirmaj\u0101s 72 stund\u0101s\/3 diennakt\u012bs\u201d, ir sakomplekt\u0113ta \u201cDabai.lv \u0101rk\u0101rtas gad\u012bjumu soma\u201d.<\/p>\n<p>Somas komplekt\u0101cij\u0101 ietilpst viss nepiecie\u0161amais kr\u012bzes gad\u012bjum\u0101, k\u0101 to rekomend\u0113jusi LATVIJAS REPUBLIKAS AIZSARDZ\u012aBAS MINISTRIJA 2022. gada izdevum\u0101 &#8220;K\u0100 R\u012aKOTIES KR\u012aZES GAD\u012aJUM\u0100&#8221;.<\/p>\n<p>Visas preces, kas ietilpst somas komplekt\u0101cij\u0101, ir specializ\u0113tas un ir no pasaul\u0113 atz\u012btiem ra\u017eot\u0101jiem, piem\u0113ram, \u201cTasmanian Tiger\u201d, \u201cKatadyn\u201d, \u201cPinguin\u201d, \u201cM-TAC\u201d, \u201cTatonka\u201d.<\/p>\n<p>Komplekt\u0101cij\u0101 ietilpst:<\/p>\n<p>1x mugursoma M-TAC assault pack<br \/>\n1x piln\u0101 aptieci\u0146a Tatonka komplekt\u0113ts pirm\u0101s pal\u012bdz\u012bbas komplekts<br \/>\n1x \u016bdens filtr\u0113\u0161anas sist\u0113ma KATADYN BeFree Filter AC 0.5L slate blue<br \/>\n1x magnija sakaus\u0113juma krams Pinguin Firestarter Box<br \/>\n1x M-Tac saliekamais instrumentu komplekts (7 instrumenti)<br \/>\n1x Lukturis M-Tac Flashlight P21<br \/>\n1x G\u0101zes deglis Pinguin Hiker<br \/>\n1x G\u0101zes baloni\u0146\u0161 110g Pinguin<br \/>\n1x V\u0101r\u0101mais M-TAC 1.2L<br \/>\n1x Alum\u012bnija kr\u016bze ar nolok\u0101mu rokturi M-TAC 0.45L<br \/>\n1x Latvija. Maz\u0101 autoce\u013cu karte. 2024. gada izdevums.<\/p>\n<p>Ja k\u0101da no komplekt\u0101cij\u0101 paredz\u0113taj\u0101m liet\u0101m nav pieejama, m\u0113s to aizst\u0101sim ar l\u012bdzv\u0113rt\u012bgu preci<\/p>\n<p><strong>Ieg\u0101d\u0101t\u0101s somas tiks pieg\u0101d\u0101tas no uz\u0146\u0113muma Dabai.lv<\/strong><\/p>","protected":false},"excerpt":{"rendered":"<p>M-TAC \u0100rk\u0101rtas gad\u012bjumu soma (Piln\u0101 komplekt\u0101cija)<\/p>\n<p>Pieejama p\u0113c iepriek\u0161\u0113ja pas\u016bt\u012bjuma.<\/p>\n<p><strong>Pieg\u0101des laiks 3 darba dienas!<\/strong><\/p>\n","protected":false},"featured_media":21594,"comment_status":"closed","ping_status":"closed","template":"","meta":[],"product_brand":[],"product_cat":[112,131,86],"product_tag":[],"class_list":{"0":"post-20525","1":"product","2":"type-product","3":"status-publish","4":"has-post-thumbnail","6":"product_cat-jaunumi","7":"product_cat-arkartas-gadijumu-soma","8":"product_cat-davanas","9":"product_shipping_class-free-shipping","11":"first","12":"instock","13":"taxable","14":"shipping-taxable","15":"purchasable","16":"product-type-simple"},"_links":{"self":[{"href":"https:\/\/www.kartes.lv\/lv\/wp-json\/wp\/v2\/product\/20525","targetHints":{"allow":["GET"]}}],"collection":[{"href":"https:\/\/www.kartes.lv\/lv\/wp-json\/wp\/v2\/product"}],"about":[{"href":"https:\/\/www.kartes.lv\/lv\/wp-json\/wp\/v2\/types\/product"}],"replies":[{"embeddable":true,"href":"https:\/\/www.kartes.lv\/lv\/wp-json\/wp\/v2\/comments?post=20525"}],"wp:featuredmedia":[{"embeddable":true,"href":"https:\/\/www.kartes.lv\/lv\/wp-json\/wp\/v2\/media\/21594"}],"wp:attachment":[{"href":"https:\/\/www.kartes.lv\/lv\/wp-json\/wp\/v2\/media?parent=20525"}],"wp:term":[{"taxonomy":"product_brand","embeddable":true,"href":"https:\/\/www.kartes.lv\/lv\/wp-json\/wp\/v2\/product_brand?post=20525"},{"taxonomy":"product_cat","embeddable":true,"href":"https:\/\/www.kartes.lv\/lv\/wp-json\/wp\/v2\/product_cat?post=20525"},{"taxonomy":"product_tag","embeddable":true,"href":"https:\/\/www.kartes.lv\/lv\/wp-json\/wp\/v2\/product_tag?post=20525"}],"curies":[{"name":"wp","href":"https:\/\/api.w.org\/{rel}","templated":true}]}}