{"id":20603,"date":"2025-06-06T14:23:26","date_gmt":"2025-06-06T11:23:26","guid":{"rendered":"https:\/\/www.kartes.lv\/?post_type=product&#038;p=20603"},"modified":"2026-01-13T11:20:10","modified_gmt":"2026-01-13T09:20:10","slug":"eiropas-fiziogeografiska-sienas-karte","status":"publish","type":"product","link":"https:\/\/www.kartes.lv\/lv\/product\/eiropas-fiziogeografiska-sienas-karte\/","title":{"rendered":"Eiropas fizio\u0123eogr\u0101fisk\u0101 sienas karte"},"content":{"rendered":"<p>\u0160aj\u0101 kart\u0113 doti vair\u0101k k\u0101 6000 vietu nosaukumu, kas atveidoti latvie\u0161u valod\u0101 atbilsto\u0161i jaun\u0101kaj\u0101m vadl\u012bnij\u0101m valodniec\u012bb\u0101. K\u0101 ar\u012b att\u0113loti nacion\u0101lie parki, ce\u013cu t\u012bkls un cita svar\u012bga inform\u0101cija.<\/p>\n<p><!--StartFragment --><\/p>\n<p class=\"pf0\"><em><span class=\"cf0\">Ja v\u0113laties \u0161o karti cit\u0101 izm\u0113r\u0101 vai uz cita veida materi\u0101la (abpus\u0113ji lamin\u0113tu, uzdruk\u0101tu uz plastik\u0101ta, ier\u0101m\u0113tu), papildu inform\u0101cijai l\u016bdzam zvan\u012bt pa t\u0101lruni\u00a0<\/span><strong><span class=\"cf1\">67317540<\/span><\/strong><span class=\"cf0\"><strong>\u00a0<\/strong>vai rakst\u012bt uz e-pastu:\u00a0<\/span><strong><span class=\"cf1\">kartes@kartes.lv<\/span><\/strong><span class=\"cf0\">.<\/span><\/em><\/p>\n<p><\/p>","protected":false},"excerpt":{"rendered":"<p>Atjaunota 2026. gad\u0101<\/p>\n<p>M\u0113rogs 1: 5 000 000<\/p>\n<p>Izdrukas izm\u0113rs 86,5 x 109 cm<\/p>\n<p><strong>Karte tiek izgatavota uz pas\u016bt\u012bjuma<\/strong>, 3 &#8211; 5 darbadienu laik\u0101.<\/p>\n","protected":false},"featured_media":5220,"comment_status":"closed","ping_status":"closed","template":"","meta":[],"product_brand":[],"product_cat":[13,113],"product_tag":[],"class_list":{"0":"post-20603","1":"product","2":"type-product","3":"status-publish","4":"has-post-thumbnail","6":"product_cat-sienas-kartes","7":"product_cat-skoleniem","8":"product_shipping_class-slug","10":"first","11":"instock","12":"taxable","13":"shipping-taxable","14":"purchasable","15":"product-type-simple"},"_links":{"self":[{"href":"https:\/\/www.kartes.lv\/lv\/wp-json\/wp\/v2\/product\/20603","targetHints":{"allow":["GET"]}}],"collection":[{"href":"https:\/\/www.kartes.lv\/lv\/wp-json\/wp\/v2\/product"}],"about":[{"href":"https:\/\/www.kartes.lv\/lv\/wp-json\/wp\/v2\/types\/product"}],"replies":[{"embeddable":true,"href":"https:\/\/www.kartes.lv\/lv\/wp-json\/wp\/v2\/comments?post=20603"}],"wp:featuredmedia":[{"embeddable":true,"href":"https:\/\/www.kartes.lv\/lv\/wp-json\/wp\/v2\/media\/5220"}],"wp:attachment":[{"href":"https:\/\/www.kartes.lv\/lv\/wp-json\/wp\/v2\/media?parent=20603"}],"wp:term":[{"taxonomy":"product_brand","embeddable":true,"href":"https:\/\/www.kartes.lv\/lv\/wp-json\/wp\/v2\/product_brand?post=20603"},{"taxonomy":"product_cat","embeddable":true,"href":"https:\/\/www.kartes.lv\/lv\/wp-json\/wp\/v2\/product_cat?post=20603"},{"taxonomy":"product_tag","embeddable":true,"href":"https:\/\/www.kartes.lv\/lv\/wp-json\/wp\/v2\/product_tag?post=20603"}],"curies":[{"name":"wp","href":"https:\/\/api.w.org\/{rel}","templated":true}]}}