{"id":20743,"date":"2025-07-22T14:38:56","date_gmt":"2025-07-22T11:38:56","guid":{"rendered":"https:\/\/www.kartes.lv\/?post_type=product&#038;p=20743"},"modified":"2025-08-26T18:30:13","modified_gmt":"2025-08-26T15:30:13","slug":"atjauninajums-latvijas-kartei-garmin-navigacijai","status":"publish","type":"product","link":"https:\/\/www.kartes.lv\/lv\/product\/atjauninajums-latvijas-kartei-garmin-navigacijai\/","title":{"rendered":"Atjaunin\u0101jums Latvijas kartei Garmin navig\u0101cijai"},"content":{"rendered":"<p>Lejupiel\u0101d\u0113jamais atjaunin\u0101jums ir paredz\u0113ts Latvijas kartei Garmin navig\u0101cijai un tiks lietots k\u0101 kar\u0161u datu atjaunin\u0101jums lietot\u0101ja r\u012bc\u012bb\u0101 eso\u0161aj\u0101 microSD karti\u0146\u0101, kas savulaik s\u0101kotn\u0113ji ir ieg\u0101d\u0101ta k\u0101 Latvijas karte Garmin navig\u0101cijai. Atjaunin\u0101jums ir piem\u0113rots tikai Garmin GPS ier\u012bc\u0113m.<br \/>\nPirms lejupiel\u0101des ieg\u0101des aicin\u0101m p\u0101rliecin\u0101ties, vai j\u016bsu Garmin GPS ier\u012bce sp\u0113j par\u0101d\u012bt kartes \u0161\u0101d\u0101 form\u0101t\u0101 (skatiet GPS ier\u012bces rokasgr\u0101matu un <a class=\"decorated-link\" href=\"http:\/\/www.garmin.com\" target=\"_new\" rel=\"noopener\" data-start=\"476\" data-end=\"490\">www.garmin.com<\/a>).<\/p>\n<p>L\u016bdzu, p\u0101rbaudiet, vai j\u016bsu microSD karti\u0146\u0101 jau ir pieejama Latvijas kartes Garmin navig\u0101cijai iepriek\u0161\u0113j\u0101 versija (s\u0101kot no v3.3) (gmapsupp.img), ieskaitot licences failus (gmapsupp.unl un gmapsupp.gma). Ja \u0161\u0101du failu nav, tad jums vispirms j\u0101ieg\u0101d\u0101jas pati Latvijas karte Garmin navig\u0101cijai, nevis atjaunin\u0101jums.<\/p>\n<p>Ieg\u0101des nosac\u012bjumi:<br \/>\n\u2022 Atjaunin\u0101jums nav atmaks\u0101jams.<br \/>\n\u2022 Atjaunin\u0101jums ir paredz\u0113ts lieto\u0161anai tikai vien\u0101 ier\u012bc\u0113.<\/p>\n<p><a href=\"https:\/\/www.kartes.lv\/wp-content\/uploads\/2025\/07\/Instrukcija_JS_Garmin_standarta_versijas_atjauninajumam.pdf\">Instrukcija Latvijas kartes Garmin navig\u0101cijai standarta versijas atjaunin\u0101jumam<\/a><\/p>","protected":false},"excerpt":{"rendered":"<p>Lejupiel\u0101d\u0113jams atjaunin\u0101jums Latvijas kartei Garmin navig\u0101cijas ier\u012bc\u0113m. Pieejama 2025. gada j\u016blija versija.<\/p>\n","protected":false},"featured_media":20744,"comment_status":"closed","ping_status":"closed","template":"","meta":[],"product_brand":[],"product_cat":[16],"product_tag":[],"class_list":{"0":"post-20743","1":"product","2":"type-product","3":"status-publish","4":"has-post-thumbnail","6":"product_cat-it-produkti","8":"first","9":"instock","10":"virtual","11":"taxable","12":"purchasable","13":"product-type-simple"},"_links":{"self":[{"href":"https:\/\/www.kartes.lv\/lv\/wp-json\/wp\/v2\/product\/20743","targetHints":{"allow":["GET"]}}],"collection":[{"href":"https:\/\/www.kartes.lv\/lv\/wp-json\/wp\/v2\/product"}],"about":[{"href":"https:\/\/www.kartes.lv\/lv\/wp-json\/wp\/v2\/types\/product"}],"replies":[{"embeddable":true,"href":"https:\/\/www.kartes.lv\/lv\/wp-json\/wp\/v2\/comments?post=20743"}],"wp:featuredmedia":[{"embeddable":true,"href":"https:\/\/www.kartes.lv\/lv\/wp-json\/wp\/v2\/media\/20744"}],"wp:attachment":[{"href":"https:\/\/www.kartes.lv\/lv\/wp-json\/wp\/v2\/media?parent=20743"}],"wp:term":[{"taxonomy":"product_brand","embeddable":true,"href":"https:\/\/www.kartes.lv\/lv\/wp-json\/wp\/v2\/product_brand?post=20743"},{"taxonomy":"product_cat","embeddable":true,"href":"https:\/\/www.kartes.lv\/lv\/wp-json\/wp\/v2\/product_cat?post=20743"},{"taxonomy":"product_tag","embeddable":true,"href":"https:\/\/www.kartes.lv\/lv\/wp-json\/wp\/v2\/product_tag?post=20743"}],"curies":[{"name":"wp","href":"https:\/\/api.w.org\/{rel}","templated":true}]}}