{"id":20806,"date":"2025-07-29T09:23:26","date_gmt":"2025-07-29T06:23:26","guid":{"rendered":"https:\/\/www.kartes.lv\/?post_type=product&#038;p=20806"},"modified":"2026-02-27T12:10:30","modified_gmt":"2026-02-27T10:10:30","slug":"konturkarsu-albums-skolam-nocenots","status":"publish","type":"product","link":"https:\/\/www.kartes.lv\/lv\/product\/konturkarsu-albums-skolam-nocenots\/","title":{"rendered":"Kont\u016brkar\u0161u albums skol\u0101m (nocenots)"},"content":{"rendered":"<p><\/p>\n<div id=\"primary\" class=\"content-area\">\n<p>Album\u0101 ietvertas 35 kont\u016brkartes, kuras, pateicoties iestr\u0101d\u0101tajai perfor\u0101cijai, var izmantot ar\u012b atsevi\u0161\u0137i. Kont\u016brkartes ir divkr\u0101su, kas \u013cauj uzskat\u0101m\u0101k par\u0101d\u012bt reljefu un citu inform\u0101ciju.<\/p>\n<p>&nbsp;<\/p>\n<\/div>\n<div id=\"secondary\" class=\"widget-area sidebar\" role=\"complementary\">\n<aside id=\"ysm_search_widget-2\" class=\"widget ysm_search_widget\">\n<div class=\"ysm-search-widget ysm-search-widget-1\"><\/div>\n<\/aside>\n<\/div>\n<p><\/p>","protected":false},"excerpt":{"rendered":"<p><strong>Burtn\u012bcas ar vizu\u0101liem defektiem!<\/strong><\/p>\n<p>2023. gada izdevums<br \/>\nIzm\u0113rs: 29.3 cm x 21 cm<br \/>\nSvars: 0.220 g<br \/>\n32 izpl\u0113\u0161amas lapas<br \/>\nM\u012bkstie v\u0101ki<\/p>\n<p>EAN: 9789984074177<\/p>\n","protected":false},"featured_media":5724,"comment_status":"closed","ping_status":"closed","template":"","meta":[],"product_brand":[],"product_cat":[111],"product_tag":[],"class_list":{"0":"post-20806","1":"product","2":"type-product","3":"status-publish","4":"has-post-thumbnail","6":"product_cat-nocenots","8":"first","9":"instock","10":"sale","11":"taxable","12":"shipping-taxable","13":"purchasable","14":"product-type-simple"},"_links":{"self":[{"href":"https:\/\/www.kartes.lv\/lv\/wp-json\/wp\/v2\/product\/20806","targetHints":{"allow":["GET"]}}],"collection":[{"href":"https:\/\/www.kartes.lv\/lv\/wp-json\/wp\/v2\/product"}],"about":[{"href":"https:\/\/www.kartes.lv\/lv\/wp-json\/wp\/v2\/types\/product"}],"replies":[{"embeddable":true,"href":"https:\/\/www.kartes.lv\/lv\/wp-json\/wp\/v2\/comments?post=20806"}],"wp:featuredmedia":[{"embeddable":true,"href":"https:\/\/www.kartes.lv\/lv\/wp-json\/wp\/v2\/media\/5724"}],"wp:attachment":[{"href":"https:\/\/www.kartes.lv\/lv\/wp-json\/wp\/v2\/media?parent=20806"}],"wp:term":[{"taxonomy":"product_brand","embeddable":true,"href":"https:\/\/www.kartes.lv\/lv\/wp-json\/wp\/v2\/product_brand?post=20806"},{"taxonomy":"product_cat","embeddable":true,"href":"https:\/\/www.kartes.lv\/lv\/wp-json\/wp\/v2\/product_cat?post=20806"},{"taxonomy":"product_tag","embeddable":true,"href":"https:\/\/www.kartes.lv\/lv\/wp-json\/wp\/v2\/product_tag?post=20806"}],"curies":[{"name":"wp","href":"https:\/\/api.w.org\/{rel}","templated":true}]}}