{"id":20808,"date":"2025-07-29T09:27:17","date_gmt":"2025-07-29T06:27:17","guid":{"rendered":"https:\/\/www.kartes.lv\/?post_type=product&#038;p=20808"},"modified":"2026-04-05T17:43:41","modified_gmt":"2026-04-05T14:43:41","slug":"putnu-noteicejs-2-papildinatais-izdevums-nocenots","status":"publish","type":"product","link":"https:\/\/www.kartes.lv\/lv\/product\/putnu-noteicejs-2-papildinatais-izdevums-nocenots\/","title":{"rendered":"Putnu noteic\u0113js. 2. papildin\u0101tais izdevums (nocenots)"},"content":{"rendered":"<p>Vispus\u012bgi ilustr\u0113t\u0101 Putnu noteic\u0113ja pan\u0101kumi ir iepriecin\u0101ju\u0161i gan autorus, gan izdev\u0113jus. Tas izdots 23 valod\u0101s un p\u0101rdots vair\u0101k nek\u0101 miljons eksempl\u0101ros. \u0160ie skait\u013ci liecina, ka noteic\u0113ja autoriem \u2013 zviedru ornitologam L\u0101\u0161am Svensonam, vi\u0146a tautietim, ilustratoram Danam Saterstremam un \u012bru ilustratoram Kilianam Malernijam izdevies rad\u012bt m\u016bsdien\u012bgu rokasgr\u0101matu putnu noteik\u0161anai dab\u0101, kas noder gan aizraut\u012bgiem putnot\u0101jiem un nopietniem ornitologiem, gan tiem, kurus vienk\u0101r\u0161i interes\u0113 putni.<br \/>\nPutnu noteic\u0113ja 2. izdevums latvie\u0161u valod\u0101 ir popul\u0101r\u0101 Eiropas putnu noteic\u0113ja jaun\u0101k\u0101, 2023. gad\u0101 klaj\u0101 laist\u0101, 3. p\u0101rstr\u0101d\u0101t\u0101 un papildin\u0101t\u0101 izdevuma tulkojums. \u0160aj\u0101 izdevum\u0101 ir saglab\u0101ta jau pierast\u0101 putnu k\u0101rtu un dzimtu sec\u012bba.<\/p>\n<p>32 papildu lappuses \u013cauj vair\u0101k\u0101m putnu grup\u0101m \u2013 taj\u0101 skait\u0101 vistveid\u012bgajiem, g\u0101rgal\u0113m, vair\u0101k\u0101m dienas pl\u0113s\u012bgo putnu grup\u0101m, z\u012bri\u0146iem, p\u016bc\u0113m, sv\u012br\u0113m, dze\u0146iem, bezdel\u012bg\u0101m, ericki\u0146iem un da\u017eiem citiem mu\u0161\u0137\u0113r\u0101ju radiniekiem, z\u012bl\u012bt\u0113m, da\u017e\u0101m \u017eub\u012bt\u0113m un st\u0113rst\u0113m \u2013 velt\u012bt vair\u0101k vietas un papildin\u0101t un pievienot jaunas ilustr\u0101ciju lappuses ar vair\u0101k detaliz\u0113ta teksta. Vair\u0101k nek\u0101 50 ilustr\u0101ciju lappu\u0161u ir vai nu jaunas, vai tiku\u0161as piln\u012bb\u0101 vai da\u013c\u0113ji p\u0101rz\u012bm\u0113tas. Pievienotas ar\u012b vair\u0101kas jaunas vinjetes. Reto viesu noda\u013ca papla\u0161in\u0101ta, da\u017e\u0101m sug\u0101m pievienojot vair\u0101k att\u0113lus un gar\u0101kus aprakstus. Un, protams, uzlabots viss gr\u0101matas teksts.<\/p>\n<p><strong>Izdevum\u0101 iek\u013cauts:<\/strong><\/p>\n<ul>\n<li>visas re\u0123ion\u0101 sastopam\u0101s sugas, ieskaitot jaun\u0101kos iece\u013cot\u0101jus un zin\u0101tniski jaunas sugas<\/li>\n<li>detaliz\u0113ti apraksti par 831 putnu sug\u0101m (raksturots katras sugas izm\u0113rs, biotops, are\u0101ls, noteik\u0161anas paz\u012bmes un balss)<\/li>\n<li>prec\u012bzas un kr\u0101sainas ilustr\u0101cijas<\/li>\n<li>putnu sugu izplat\u012bbas kartes ar aktu\u0101lo inform\u0101ciju par to vairo\u0161an\u0101s, migr\u0101cijas un ziemo\u0161anas viet\u0101m<\/li>\n<li>gr\u0101mata ne tikai tulkota, bet ar\u012b papildin\u0101ta ar inform\u0101ciju, kas aktu\u0101la Latvij\u0101.<\/li>\n<\/ul>\n<p><\/p>","protected":false},"excerpt":{"rendered":"<p><strong>Gr\u0101matas ar vizu\u0101liem defektiem!<\/strong><\/p>\n<p>2024. gada izdevums<br \/>\nIzm\u0113rs: 19.4cm x 13.5cm x 2.7cm<br \/>\n480 lpp.<br \/>\nM\u012bkstie v\u0101ki<\/p>\n<p>Autori: L\u0101\u0161s Svensons, Dans Seterstrems, Kilians Malernijs<br \/>\nTulkot\u0101ja: El\u012bna Gulbe<br \/>\nZin\u0101tniskais redaktors: Viesturs \u0136erus<br \/>\nLiter\u0101r\u0101 korektore: El\u012bna Kokarevi\u010da<br \/>\nNoform\u0113jums: L\u0101\u0161s Svensons<br \/>\nAtt\u0113ls uz v\u0101ka: Kilians Malernijs<br \/>\nV\u0101ka noform\u0113jums: L\u012bga Dubrovska<br \/>\nIzdev\u0113js Latvij\u0101: J\u0101\u0146a s\u0113ta<\/p>\n<p>EAN: 9789984077574<\/p>\n<p>&nbsp;<\/p>\n","protected":false},"featured_media":19331,"comment_status":"closed","ping_status":"closed","template":"","meta":[],"product_brand":[],"product_cat":[111],"product_tag":[],"class_list":{"0":"post-20808","1":"product","2":"type-product","3":"status-publish","4":"has-post-thumbnail","6":"product_cat-nocenots","8":"first","9":"outofstock","10":"sale","11":"taxable","12":"shipping-taxable","13":"purchasable","14":"product-type-simple"},"_links":{"self":[{"href":"https:\/\/www.kartes.lv\/lv\/wp-json\/wp\/v2\/product\/20808","targetHints":{"allow":["GET"]}}],"collection":[{"href":"https:\/\/www.kartes.lv\/lv\/wp-json\/wp\/v2\/product"}],"about":[{"href":"https:\/\/www.kartes.lv\/lv\/wp-json\/wp\/v2\/types\/product"}],"replies":[{"embeddable":true,"href":"https:\/\/www.kartes.lv\/lv\/wp-json\/wp\/v2\/comments?post=20808"}],"wp:featuredmedia":[{"embeddable":true,"href":"https:\/\/www.kartes.lv\/lv\/wp-json\/wp\/v2\/media\/19331"}],"wp:attachment":[{"href":"https:\/\/www.kartes.lv\/lv\/wp-json\/wp\/v2\/media?parent=20808"}],"wp:term":[{"taxonomy":"product_brand","embeddable":true,"href":"https:\/\/www.kartes.lv\/lv\/wp-json\/wp\/v2\/product_brand?post=20808"},{"taxonomy":"product_cat","embeddable":true,"href":"https:\/\/www.kartes.lv\/lv\/wp-json\/wp\/v2\/product_cat?post=20808"},{"taxonomy":"product_tag","embeddable":true,"href":"https:\/\/www.kartes.lv\/lv\/wp-json\/wp\/v2\/product_tag?post=20808"}],"curies":[{"name":"wp","href":"https:\/\/api.w.org\/{rel}","templated":true}]}}