{"id":20895,"date":"2025-08-27T09:21:05","date_gmt":"2025-08-27T06:21:05","guid":{"rendered":"https:\/\/www.kartes.lv\/?post_type=product&#038;p=20895"},"modified":"2026-02-02T11:16:41","modified_gmt":"2026-02-02T09:16:41","slug":"karsu-un-karogu-gramata","status":"publish","type":"product","link":"https:\/\/www.kartes.lv\/lv\/product\/karsu-un-karogu-gramata\/","title":{"rendered":"Kar\u0161u un karogu gr\u0101mata"},"content":{"rendered":"<p>Dodies aizraujo\u0161\u0101 ce\u013cojum\u0101 apk\u0101rt pasaulei, iepaz\u012bstot kartes un karogus!<\/p>\n<p>Uzzini, k\u0101 nosaka valstu robe\u017eas un z\u012bm\u0113 kartes! Izp\u0113ti visu valstu karogus un noskaidro, ko tie simboliz\u0113!<\/p>\n<p>Tu uzzin\u0101si daudz aizraujo\u0161u faktu par valstu plat\u012bbu un iedz\u012bvot\u0101ju skaitu, galvaspils\u0113t\u0101m un val\u016bt\u0101m.\u00a0 Un ne tikai to &#8211; var\u0113si iepaz\u012bt ar\u012b da\u017e\u0101du zemeslodes re\u0123ionu dz\u012bvniekus, pir\u0101tu karogus, laika joslas un v\u0113l daudz ko citu!<\/p>\n<p>Ang\u013cu valod\u0101 \u0161\u012b gr\u0101mata pirmo reizi izdota 2025. gada maij\u0101, un, pateicoties J\u0101\u0146a s\u0113tas komandai, t\u0101 \u0101tri vien non\u0101kusi ar\u012b l\u012bdz m\u016bsu gr\u0101matplauktiem.<\/p>\n<p>D\u017eo Fulmens ir b\u0113rnu un pieaugu\u0161o gr\u0101matu autors un redaktors ar vair\u0101k k\u0101 divdesmit gadu pieredzi. Vi\u0146\u0161 raksta par da\u017e\u0101d\u0101m t\u0113m\u0101m, s\u0101kot no dinozauriem, sen\u0101s v\u0113stures un kosmosa l\u012bdz pat m\u016bzikai. Ta\u010du \u012bpa\u0161u interesi vi\u0146am izraisa \u0123eogr\u0101fija \u2013 Fulmens ir piedal\u012bjies daudzu ce\u013cve\u017eu veido\u0161an\u0101 sadarb\u012bb\u0101 ar t\u0101diem izdev\u0113jiem k\u0101 Rough Guide, Frommer&#8217;s un Lonely Planet.<\/p>\n<p>&nbsp;<\/p>","protected":false},"excerpt":{"rendered":"<p>2025. gada izdevums<br \/>\nIzm\u0113rs: 28 x 21 cm<br \/>\nSvars: 0.850 kg<br \/>\n96 lpp.<br \/>\nM\u012bkstie v\u0101ki<br \/>\nTeksts: D\u017eo Fulmens<br \/>\nIlustr\u0101cijas: Endijs Roulends<br \/>\nTulkojums: El\u012bna Gulbe<br \/>\nRedaktors: J\u0101nis Barbans<\/p>\n<p>EAN: 9789984078052<\/p>\n<p>&nbsp;<\/p>\n","protected":false},"featured_media":20897,"comment_status":"closed","ping_status":"closed","template":"","meta":[],"product_brand":[],"product_cat":[112,12,113,14,86],"product_tag":[],"class_list":{"0":"post-20895","1":"product","2":"type-product","3":"status-publish","4":"has-post-thumbnail","6":"product_cat-jaunumi","7":"product_cat-gramatas","8":"product_cat-skoleniem","9":"product_cat-izglitojosie-izdevumi","10":"product_cat-davanas","11":"product_shipping_class-free-shipping","13":"first","14":"instock","15":"featured","16":"taxable","17":"shipping-taxable","18":"purchasable","19":"product-type-simple"},"_links":{"self":[{"href":"https:\/\/www.kartes.lv\/lv\/wp-json\/wp\/v2\/product\/20895","targetHints":{"allow":["GET"]}}],"collection":[{"href":"https:\/\/www.kartes.lv\/lv\/wp-json\/wp\/v2\/product"}],"about":[{"href":"https:\/\/www.kartes.lv\/lv\/wp-json\/wp\/v2\/types\/product"}],"replies":[{"embeddable":true,"href":"https:\/\/www.kartes.lv\/lv\/wp-json\/wp\/v2\/comments?post=20895"}],"wp:featuredmedia":[{"embeddable":true,"href":"https:\/\/www.kartes.lv\/lv\/wp-json\/wp\/v2\/media\/20897"}],"wp:attachment":[{"href":"https:\/\/www.kartes.lv\/lv\/wp-json\/wp\/v2\/media?parent=20895"}],"wp:term":[{"taxonomy":"product_brand","embeddable":true,"href":"https:\/\/www.kartes.lv\/lv\/wp-json\/wp\/v2\/product_brand?post=20895"},{"taxonomy":"product_cat","embeddable":true,"href":"https:\/\/www.kartes.lv\/lv\/wp-json\/wp\/v2\/product_cat?post=20895"},{"taxonomy":"product_tag","embeddable":true,"href":"https:\/\/www.kartes.lv\/lv\/wp-json\/wp\/v2\/product_tag?post=20895"}],"curies":[{"name":"wp","href":"https:\/\/api.w.org\/{rel}","templated":true}]}}