{"id":21032,"date":"2025-09-26T10:37:09","date_gmt":"2025-09-26T07:37:09","guid":{"rendered":"https:\/\/www.kartes.lv\/?post_type=product&#038;p=21032"},"modified":"2026-02-06T10:43:32","modified_gmt":"2026-02-06T08:43:32","slug":"gramatu-komplekts-rigas-ielas-labais-krasts-un-rigas-ielas-kreisais-krasts","status":"publish","type":"product","link":"https:\/\/www.kartes.lv\/lv\/product\/gramatu-komplekts-rigas-ielas-labais-krasts-un-rigas-ielas-kreisais-krasts\/","title":{"rendered":"Gr\u0101matu komplekts &#8220;R\u012bgas ielas. Labais krasts&#8221; un &#8220;R\u012bgas ielas. Kreisais krasts&#8221;"},"content":{"rendered":"<p><\/p>\n<p data-start=\"237\" data-end=\"749\">Gr\u0101matas pirmais s\u0113jums iepaz\u012bstina ar 1196 Daugavas lab\u0101 krasta iel\u0101m, laukumiem un tiltiem R\u012bg\u0101, to veido\u0161an\u0101s v\u0113sturi, nosaukumu izmai\u0146\u0101m un iev\u0113rojamiem objektiem, kas tur atrodas. T\u0101pat las\u012bt\u0101ji g\u016bs pla\u0161\u0101ku ieskatu da\u017e\u0101do R\u012bgas apkaimju un to ielu t\u012bkla ra\u0161an\u0101s v\u0113stur\u0113. Ielu aprakstus papildina st\u0101sti par interesantiem notikumiem, kas tur norisin\u0101ju\u0161ies, k\u0101 ar\u012b m\u016bsdienu un v\u0113sturisk\u0101s kartes. Savuk\u0101rt vizu\u0101lu ieskatu R\u012bgas ielu pag\u0101tn\u0113 un tagadn\u0113 sniedz ap 500 v\u0113sturisko un m\u016bsdienu fotogr\u0101fijas.<\/p>\n<p data-start=\"751\" data-end=\"1162\">Savuk\u0101rt gr\u0101matas otraj\u0101 s\u0113jum\u0101 aprakst\u012btas 685 P\u0101rdaugavas ielas un tilti R\u012bg\u0101. Ielu v\u0113stures st\u0101stus paspilgtina ap 250 v\u0113sturisk\u0101s un m\u016bsdienu fotogr\u0101fijas un kartes. Kop\u0161 R\u012bgas lab\u0101 krasta iel\u0101m velt\u012bt\u0101s gr\u0101matas izdo\u0161anas 2024. gada nogal\u0113 ir radu\u0161\u0101s vair\u0101kas jaunas ielas, kas ar\u012b ir apskat\u012btas \u0161aj\u0101 gr\u0101mat\u0101.<\/p>\n<p data-start=\"1164\" data-end=\"1596\">Gr\u0101matas autors Edgars Lecis st\u0101sta:<br data-start=\"1200\" data-end=\"1203\" \/><em data-start=\"1203\" data-end=\"1594\">\u201cIelas ir \u013coti svar\u012bga jebkuras pils\u0113tas k\u0101 vienotas strukt\u016bras sast\u0101vda\u013ca. Iel\u0101m nav tikai transporta art\u0113riju, bet ar\u012b soci\u0101la un reprezentat\u012bva funkcija. Ilgus gadsimtus pils\u0113tas ielas bija gandr\u012bz vien\u012bg\u0101 vieta, kur cilv\u0113ks atrad\u0101s \u0101rpus savas tuv\u0101kas soci\u0101l\u0101s vides \u2013 t\u0101s liel\u0101 m\u0113r\u0101 raksturoja pils\u0113tas ekonomisk\u0101s, demogr\u0101fisk\u0101s un nacion\u0101l\u0101s \u012bpatn\u012bbas attiec\u012bgaj\u0101 v\u0113stures period\u0101.\u201d<\/em><\/p>\n<p data-start=\"1598\" data-end=\"1714\">Paldies par sadarb\u012bbu gr\u0101matas tap\u0161an\u0101<a href=\"https:\/\/lnb.lv\/\"> Latvijas Nacion\u0101lajai bibliot\u0113kai<\/a> un <a href=\"https:\/\/www.arhivi.gov.lv\/lv\">Latvijas Nacion\u0101lajam arh\u012bvam<\/a>!<\/p>\n<p><\/p>","protected":false},"excerpt":{"rendered":"<p>2024. un 2025. gada izdevumi<br \/>\nIzm\u0113rs: 20,3 \u00d7 20,6 cm<br \/>\n376 lpp. + 220 lpp.<br \/>\nCietie v\u0101ki<\/p>\n<p>Autori: Edgars Lecis, Inese Grand\u0101ne<br \/>\nRedaktors: J\u0101nis Barbans<br \/>\nKorektori: Ilze Ant\u0113na, El\u012bna Kokarevi\u010da<br \/>\nKartogr\u0101fi: Ieva Ozoli\u0146a, Ing\u016bna P\u016bkaine<br \/>\nM\u0101ksliniece: L\u012bga Dubrovska<br \/>\nIzdev\u0113ji: J\u0101\u0146a s\u0113ta, Latvijas Nacion\u0101l\u0101 bibliot\u0113ka, Latvijas Nacion\u0101lais arh\u012bvs<\/p>\n<p>Pieg\u0101de bez maksas!<\/p>\n","protected":false},"featured_media":21595,"comment_status":"closed","ping_status":"closed","template":"","meta":[],"product_brand":[],"product_cat":[112,12,86],"product_tag":[],"class_list":{"0":"post-21032","1":"product","2":"type-product","3":"status-publish","4":"has-post-thumbnail","6":"product_cat-jaunumi","7":"product_cat-gramatas","8":"product_cat-davanas","10":"first","11":"instock","12":"taxable","13":"shipping-taxable","14":"purchasable","15":"product-type-simple"},"_links":{"self":[{"href":"https:\/\/www.kartes.lv\/lv\/wp-json\/wp\/v2\/product\/21032","targetHints":{"allow":["GET"]}}],"collection":[{"href":"https:\/\/www.kartes.lv\/lv\/wp-json\/wp\/v2\/product"}],"about":[{"href":"https:\/\/www.kartes.lv\/lv\/wp-json\/wp\/v2\/types\/product"}],"replies":[{"embeddable":true,"href":"https:\/\/www.kartes.lv\/lv\/wp-json\/wp\/v2\/comments?post=21032"}],"wp:featuredmedia":[{"embeddable":true,"href":"https:\/\/www.kartes.lv\/lv\/wp-json\/wp\/v2\/media\/21595"}],"wp:attachment":[{"href":"https:\/\/www.kartes.lv\/lv\/wp-json\/wp\/v2\/media?parent=21032"}],"wp:term":[{"taxonomy":"product_brand","embeddable":true,"href":"https:\/\/www.kartes.lv\/lv\/wp-json\/wp\/v2\/product_brand?post=21032"},{"taxonomy":"product_cat","embeddable":true,"href":"https:\/\/www.kartes.lv\/lv\/wp-json\/wp\/v2\/product_cat?post=21032"},{"taxonomy":"product_tag","embeddable":true,"href":"https:\/\/www.kartes.lv\/lv\/wp-json\/wp\/v2\/product_tag?post=21032"}],"curies":[{"name":"wp","href":"https:\/\/api.w.org\/{rel}","templated":true}]}}