{"id":21187,"date":"2025-10-17T09:04:41","date_gmt":"2025-10-17T06:04:41","guid":{"rendered":"https:\/\/www.kartes.lv\/?post_type=product&#038;p=21187"},"modified":"2026-03-11T09:27:52","modified_gmt":"2026-03-11T07:27:52","slug":"pasaules-karte-berniem-geografika-izpetiet-pasauli","status":"publish","type":"product","link":"https:\/\/www.kartes.lv\/lv\/product\/pasaules-karte-berniem-geografika-izpetiet-pasauli\/","title":{"rendered":"Pasaules karte b\u0113rniem. Geografika"},"content":{"rendered":"<p>Karte \u201cGeografika\u201d ir viegls veids, k\u0101 m\u0101c\u012bt b\u0113rniem par pasauli, kur\u0101 dz\u012bvojam, ar vair\u0101k k\u0101 280 z\u012bm\u0113tu ilustr\u0101ciju pal\u012bdz\u012bbu. Kart\u0113 iek\u013cautas valstu, upju, ezeru, oke\u0101nu, j\u016bru, z\u012bd\u012bt\u0101ju, r\u0101pu\u013cu, abinieku, putnu, j\u016bras dz\u012bvnieku, slavenu vietu, festiv\u0101lu, p\u0101rtikas produktu, sporta veidu u.c. ilustr\u0101cijas.<\/p>\n<p>Izdev\u0113js: UnikPlay International<\/p>","protected":false},"excerpt":{"rendered":"<p>Ilustr\u0113ta pasaules karte ar 288 ar roku z\u012bm\u0113t\u0101m ilustr\u0101cij\u0101m, \u016bdensiztur\u012bga un nesapl\u0113\u0161ama.<\/p>\n<p>Izm\u0113rs: karte 99 cm X 69 cm<br \/>\nValoda: Latvie\u0161u<br \/>\nRa\u017eot\u0101js: Unik Play<br \/>\nIzplat\u012bt\u0101js: Smart world<\/p>\n<p>EAN: 9786099641041<\/p>\n","protected":false},"featured_media":21592,"comment_status":"closed","ping_status":"closed","template":"","meta":[],"product_brand":[],"product_cat":[13,113,86],"product_tag":[],"class_list":{"0":"post-21187","1":"product","2":"type-product","3":"status-publish","4":"has-post-thumbnail","6":"product_cat-sienas-kartes","7":"product_cat-skoleniem","8":"product_cat-davanas","10":"first","11":"instock","12":"taxable","13":"shipping-taxable","14":"purchasable","15":"product-type-simple"},"_links":{"self":[{"href":"https:\/\/www.kartes.lv\/lv\/wp-json\/wp\/v2\/product\/21187","targetHints":{"allow":["GET"]}}],"collection":[{"href":"https:\/\/www.kartes.lv\/lv\/wp-json\/wp\/v2\/product"}],"about":[{"href":"https:\/\/www.kartes.lv\/lv\/wp-json\/wp\/v2\/types\/product"}],"replies":[{"embeddable":true,"href":"https:\/\/www.kartes.lv\/lv\/wp-json\/wp\/v2\/comments?post=21187"}],"wp:featuredmedia":[{"embeddable":true,"href":"https:\/\/www.kartes.lv\/lv\/wp-json\/wp\/v2\/media\/21592"}],"wp:attachment":[{"href":"https:\/\/www.kartes.lv\/lv\/wp-json\/wp\/v2\/media?parent=21187"}],"wp:term":[{"taxonomy":"product_brand","embeddable":true,"href":"https:\/\/www.kartes.lv\/lv\/wp-json\/wp\/v2\/product_brand?post=21187"},{"taxonomy":"product_cat","embeddable":true,"href":"https:\/\/www.kartes.lv\/lv\/wp-json\/wp\/v2\/product_cat?post=21187"},{"taxonomy":"product_tag","embeddable":true,"href":"https:\/\/www.kartes.lv\/lv\/wp-json\/wp\/v2\/product_tag?post=21187"}],"curies":[{"name":"wp","href":"https:\/\/api.w.org\/{rel}","templated":true}]}}