{"id":21192,"date":"2025-10-17T12:39:37","date_gmt":"2025-10-17T09:39:37","guid":{"rendered":"https:\/\/www.kartes.lv\/?post_type=product&#038;p=21192"},"modified":"2026-03-26T12:07:00","modified_gmt":"2026-03-26T10:07:00","slug":"pasaules-fiziogeografiska-sienas-karte-lamineta-ar-listem","status":"publish","type":"product","link":"https:\/\/www.kartes.lv\/lv\/product\/pasaules-fiziogeografiska-sienas-karte-lamineta-ar-listem\/","title":{"rendered":"Pasaules fizio\u0123eogr\u0101fisk\u0101 sienas karte. Lamin\u0113ta, ar l\u012bst\u0113m"},"content":{"rendered":"<p>\u0160o sienas karti papildina Arktikas un Antarkt\u012bdas re\u0123ionu kartes, dabas zonu p\u0101rskats un inform\u0101cija par pasaules \u0123eogr\u0101fiskajiem ekstr\u0113miem. Karte ir iepakota \u0113rt\u0101 un iztur\u012bg\u0101 plastmasas tubus\u0101, kas nodro\u0161ina dro\u0161u uzglab\u0101\u0161anu un \u0113rtu p\u0101rvieto\u0161anu.<\/p>\n<p><em>Ja v\u0113laties \u0161o karti cit\u0101 izm\u0113r\u0101 vai uz cita veida materi\u0101la (abpus\u0113ji lamin\u0113tu, uzdruk\u0101tu uz plastik\u0101ta, ier\u0101m\u0113tu), papildu inform\u0101cijai l\u016bdzam zvan\u012bt pa t\u0101lruni\u00a0<strong>67317540\u00a0<\/strong>vai rakst\u012bt uz e-pastu:\u00a0<strong>kartes@kartes.lv<\/strong>.<\/em><\/p>\n<p>&nbsp;<\/p>\n<div id=\"gtx-trans\"><\/div>\n<p><\/p>","protected":false},"excerpt":{"rendered":"<p><strong>Latvie\u0161u valod\u0101<\/strong><\/p>\n<p>M\u0113rogs 1: 32 000 000<\/p>\n<p>Izdrukas izm\u0113rs 110 x 85,8 cm<\/p>\n<p>EAN: 9789984077215<\/p>\n","protected":false},"featured_media":6188,"comment_status":"closed","ping_status":"closed","template":"","meta":[],"product_brand":[],"product_cat":[13,113],"product_tag":[],"class_list":{"0":"post-21192","1":"product","2":"type-product","3":"status-publish","4":"has-post-thumbnail","6":"product_cat-sienas-kartes","7":"product_cat-skoleniem","8":"product_shipping_class-slug","10":"first","11":"instock","12":"taxable","13":"shipping-taxable","14":"purchasable","15":"product-type-simple"},"_links":{"self":[{"href":"https:\/\/www.kartes.lv\/lv\/wp-json\/wp\/v2\/product\/21192","targetHints":{"allow":["GET"]}}],"collection":[{"href":"https:\/\/www.kartes.lv\/lv\/wp-json\/wp\/v2\/product"}],"about":[{"href":"https:\/\/www.kartes.lv\/lv\/wp-json\/wp\/v2\/types\/product"}],"replies":[{"embeddable":true,"href":"https:\/\/www.kartes.lv\/lv\/wp-json\/wp\/v2\/comments?post=21192"}],"wp:featuredmedia":[{"embeddable":true,"href":"https:\/\/www.kartes.lv\/lv\/wp-json\/wp\/v2\/media\/6188"}],"wp:attachment":[{"href":"https:\/\/www.kartes.lv\/lv\/wp-json\/wp\/v2\/media?parent=21192"}],"wp:term":[{"taxonomy":"product_brand","embeddable":true,"href":"https:\/\/www.kartes.lv\/lv\/wp-json\/wp\/v2\/product_brand?post=21192"},{"taxonomy":"product_cat","embeddable":true,"href":"https:\/\/www.kartes.lv\/lv\/wp-json\/wp\/v2\/product_cat?post=21192"},{"taxonomy":"product_tag","embeddable":true,"href":"https:\/\/www.kartes.lv\/lv\/wp-json\/wp\/v2\/product_tag?post=21192"}],"curies":[{"name":"wp","href":"https:\/\/api.w.org\/{rel}","templated":true}]}}