{"id":21452,"date":"2025-12-04T09:15:39","date_gmt":"2025-12-04T07:15:39","guid":{"rendered":"https:\/\/www.kartes.lv\/?post_type=product&#038;p=21452"},"modified":"2026-03-02T10:04:44","modified_gmt":"2026-03-02T08:04:44","slug":"planeta-zeme-puzle-globusa-anglu-valoda","status":"publish","type":"product","link":"https:\/\/www.kartes.lv\/lv\/product\/planeta-zeme-puzle-globusa-anglu-valoda\/","title":{"rendered":"Plan\u0113ta Zeme. Puzle globus\u0101 (ang\u013cu valod\u0101)"},"content":{"rendered":"<p><\/p>\n<p id=\"tw-target-text\" class=\"tw-data-text tw-text-large tw-ta\" dir=\"ltr\" role=\"text\" data-placeholder=\"Tulkojums\" data-ved=\"2ahUKEwj1ipOMsqORAxXaBxAIHfJiFf4Q3ewLegQICxAV\" aria-label=\"Tulkotais teksts: Iepaz\u012bsti m\u016bsu dzimt\u0101s plan\u0113tas skaistumu ar Eurographics Planet Earth Tin 550 gabalu puzli. \u0160\u012b satrieco\u0161\u0101 puzle iem\u016b\u017eina ko\u0161\u0101s Zemes kr\u0101sas un detaliz\u0113tos satel\u012btatt\u0113lus, \u013caujot salikt kop\u0101 kontinentus, oke\u0101nus un dabas br\u012bnumus, kas padara m\u016bsu pasauli unik\u0101lu. Kad t\u0101 ir salikta, t\u0101 veido skaistu globusu, sniedzot aizraujo\u0161u un izgl\u012btojo\u0161u pieredzi visu vecumu cilv\u0113kiem. Puzle ir ievietota reljef\u0101 sk\u0101rda k\u0101rb\u0101, kas veidota Zemes form\u0101, padarot to par lielisku kolekcion\u0113jamu priek\u0161metu vai d\u0101vanu kosmosa un \u0123eogr\u0101fijas entuziastiem.\"><span class=\"Y2IQFc\" lang=\"lv\">Iepaz\u012bsti m\u016bsu dzimt\u0101s plan\u0113tas skaistumu ar Eurographics Planet Earth Tin 550 gabali\u0146u puzli. <\/span><\/p>\n<p class=\"tw-data-text tw-text-large tw-ta\" dir=\"ltr\" role=\"text\" data-placeholder=\"Tulkojums\" data-ved=\"2ahUKEwj1ipOMsqORAxXaBxAIHfJiFf4Q3ewLegQICxAV\" aria-label=\"Tulkotais teksts: Iepaz\u012bsti m\u016bsu dzimt\u0101s plan\u0113tas skaistumu ar Eurographics Planet Earth Tin 550 gabalu puzli. \u0160\u012b satrieco\u0161\u0101 puzle iem\u016b\u017eina ko\u0161\u0101s Zemes kr\u0101sas un detaliz\u0113tos satel\u012btatt\u0113lus, \u013caujot salikt kop\u0101 kontinentus, oke\u0101nus un dabas br\u012bnumus, kas padara m\u016bsu pasauli unik\u0101lu. Kad t\u0101 ir salikta, t\u0101 veido skaistu globusu, sniedzot aizraujo\u0161u un izgl\u012btojo\u0161u pieredzi visu vecumu cilv\u0113kiem. Puzle ir ievietota reljef\u0101 sk\u0101rda k\u0101rb\u0101, kas veidota Zemes form\u0101, padarot to par lielisku kolekcion\u0113jamu priek\u0161metu vai d\u0101vanu kosmosa un \u0123eogr\u0101fijas entuziastiem.\"><span class=\"Y2IQFc\" lang=\"lv\">\u0160\u012b satrieco\u0161\u0101 puzle iem\u016b\u017eina ko\u0161\u0101s Zemes kr\u0101sas un detaliz\u0113tus satel\u012btatt\u0113lus, \u013caujot salikt kop\u0101 kontinentus, oke\u0101nus un dabas br\u012bnumus, kas padara m\u016bsu plan\u0113tu unik\u0101lu. Kad puzle ir salikta, t\u0101 k\u013c\u016bst par skaistu globusu, sniedzot aizraujo\u0161u un izgl\u012btojo\u0161u pieredzi visu vecumu cilv\u0113kiem. Puzle ir ievietota reljef\u0101 sk\u0101rda k\u0101rb\u0101, kas veidota Zemes form\u0101 un t\u0101d\u0113j\u0101di ir lielisks kolekcion\u0113jams priek\u0161mets vai d\u0101vana kosmosa un \u0123eogr\u0101fijas entuziastiem.<\/span><\/p>\n<p>&nbsp;<\/p>","protected":false},"excerpt":{"rendered":"<p><strong>Ang\u013cu valod\u0101<\/strong><\/p>\n<p>550 gabali\u0146i un plak\u0101ts<br \/>\nSaliktas puzles izm\u0113rs: 48 x 33 cm<br \/>\nKastes izm\u0113rs: 22.86 x 20.32 x 21.59 cm<br \/>\nRa\u017eot\u0101js: Eurographics Canada<br \/>\nImport\u0113t\u0101js: JSC Sumanus pasaulis<br \/>\nPiem\u0113rota no 12 gadu vecuma<\/p>\n<p>EAN: 628136658621<\/p>\n","protected":false},"featured_media":21591,"comment_status":"closed","ping_status":"closed","template":"","meta":[],"product_brand":[],"product_cat":[113,15,86],"product_tag":[],"class_list":{"0":"post-21452","1":"product","2":"type-product","3":"status-publish","4":"has-post-thumbnail","6":"product_cat-skoleniem","7":"product_cat-puzles-speles","8":"product_cat-davanas","10":"first","11":"instock","12":"taxable","13":"shipping-taxable","14":"purchasable","15":"product-type-simple"},"_links":{"self":[{"href":"https:\/\/www.kartes.lv\/lv\/wp-json\/wp\/v2\/product\/21452","targetHints":{"allow":["GET"]}}],"collection":[{"href":"https:\/\/www.kartes.lv\/lv\/wp-json\/wp\/v2\/product"}],"about":[{"href":"https:\/\/www.kartes.lv\/lv\/wp-json\/wp\/v2\/types\/product"}],"replies":[{"embeddable":true,"href":"https:\/\/www.kartes.lv\/lv\/wp-json\/wp\/v2\/comments?post=21452"}],"wp:featuredmedia":[{"embeddable":true,"href":"https:\/\/www.kartes.lv\/lv\/wp-json\/wp\/v2\/media\/21591"}],"wp:attachment":[{"href":"https:\/\/www.kartes.lv\/lv\/wp-json\/wp\/v2\/media?parent=21452"}],"wp:term":[{"taxonomy":"product_brand","embeddable":true,"href":"https:\/\/www.kartes.lv\/lv\/wp-json\/wp\/v2\/product_brand?post=21452"},{"taxonomy":"product_cat","embeddable":true,"href":"https:\/\/www.kartes.lv\/lv\/wp-json\/wp\/v2\/product_cat?post=21452"},{"taxonomy":"product_tag","embeddable":true,"href":"https:\/\/www.kartes.lv\/lv\/wp-json\/wp\/v2\/product_tag?post=21452"}],"curies":[{"name":"wp","href":"https:\/\/api.w.org\/{rel}","templated":true}]}}