{"id":21458,"date":"2025-12-04T09:55:47","date_gmt":"2025-12-04T07:55:47","guid":{"rendered":"https:\/\/www.kartes.lv\/?post_type=product&#038;p=21458"},"modified":"2026-04-08T17:06:21","modified_gmt":"2026-04-08T14:06:21","slug":"pasaules-karte-puzle-globusa-anglu-valoda","status":"publish","type":"product","link":"https:\/\/www.kartes.lv\/lv\/product\/pasaules-karte-puzle-globusa-anglu-valoda\/","title":{"rendered":"Pasaules karte. Puzle globus\u0101 (ang\u013cu valod\u0101)"},"content":{"rendered":"<p><\/p>\n<p id=\"tw-target-text\" class=\"tw-data-text tw-text-large tw-ta\" dir=\"ltr\" role=\"text\" data-placeholder=\"Tulkojums\" data-ved=\"2ahUKEwj1ipOMsqORAxXaBxAIHfJiFf4Q3ewLegQICxAV\" aria-label=\"Tulkotais teksts: Izp\u0113tiet pasauli pa gabali\u0146am ar \u0161o satrieco\u0161o Eurographics 550 gabalu puzli &quot;Pasaules karte&quot;. Ar \u013coti detaliz\u0113tu pasaules politisko karti \u0161\u012b puzle ir gan izgl\u012btojo\u0161a, gan izklaid\u0113jo\u0161a. T\u0101 ir ide\u0101li piem\u0113rota gan \u0123eogr\u0101fijas entuziastiem, gan studentiem, gan ce\u013cot\u0101jiem, un t\u0101 pied\u0101v\u0101 aizraujo\u0161u veidu, k\u0101 uzzin\u0101t par da\u017e\u0101d\u0101m valst\u012bm, kontinentiem un oke\u0101niem. Augstas kvalit\u0101tes puzles gabali\u0146i nodro\u0161ina prec\u012bzu salik\u0161anu un vienm\u0113r\u012bgu salik\u0161anas pieredzi. Kad puzle ir salikta, t\u0101 p\u0101rtop par skaistu m\u016bsu plan\u0113tas att\u0113lojumu, kas ir ide\u0101li piem\u0113rots izlik\u0161anai. Puzle ir ievietota elegant\u0101, reljef\u0101 sk\u0101rda iepakojum\u0101, padarot to par br\u012bni\u0161\u0137\u012bgu d\u0101vanu un kolekcion\u0113jamu priek\u0161metu puz\u013cu cien\u012bt\u0101jiem.\"><span class=\"Y2IQFc\" lang=\"lv\">Izp\u0113tiet pasauli pa gabali\u0146am ar \u0161o satrieco\u0161o Eurographics 550 gabalu puzli &#8220;Pasaules karte&#8221;. <\/span><\/p>\n<p class=\"tw-data-text tw-text-large tw-ta\" dir=\"ltr\" role=\"text\" data-placeholder=\"Tulkojums\" data-ved=\"2ahUKEwj1ipOMsqORAxXaBxAIHfJiFf4Q3ewLegQICxAV\" aria-label=\"Tulkotais teksts: Izp\u0113tiet pasauli pa gabali\u0146am ar \u0161o satrieco\u0161o Eurographics 550 gabalu puzli &quot;Pasaules karte&quot;. Ar \u013coti detaliz\u0113tu pasaules politisko karti \u0161\u012b puzle ir gan izgl\u012btojo\u0161a, gan izklaid\u0113jo\u0161a. T\u0101 ir ide\u0101li piem\u0113rota gan \u0123eogr\u0101fijas entuziastiem, gan studentiem, gan ce\u013cot\u0101jiem, un t\u0101 pied\u0101v\u0101 aizraujo\u0161u veidu, k\u0101 uzzin\u0101t par da\u017e\u0101d\u0101m valst\u012bm, kontinentiem un oke\u0101niem. Augstas kvalit\u0101tes puzles gabali\u0146i nodro\u0161ina prec\u012bzu salik\u0161anu un vienm\u0113r\u012bgu salik\u0161anas pieredzi. Kad puzle ir salikta, t\u0101 p\u0101rtop par skaistu m\u016bsu plan\u0113tas att\u0113lojumu, kas ir ide\u0101li piem\u0113rots izlik\u0161anai. Puzle ir ievietota elegant\u0101, reljef\u0101 sk\u0101rda iepakojum\u0101, padarot to par br\u012bni\u0161\u0137\u012bgu d\u0101vanu un kolekcion\u0113jamu priek\u0161metu puz\u013cu cien\u012bt\u0101jiem.\"><span class=\"Y2IQFc\" lang=\"lv\">Ar \u013coti detaliz\u0113tu pasaules politisko karti \u0161\u012b puzle ir gan izgl\u012btojo\u0161a, gan izklaid\u0113jo\u0161a. T\u0101 ir ide\u0101li piem\u0113rota gan \u0123eogr\u0101fijas entuziastiem, gan studentiem, gan ce\u013cot\u0101jiem, un t\u0101 pied\u0101v\u0101 aizraujo\u0161u veidu, k\u0101 uzzin\u0101t par da\u017e\u0101d\u0101m valst\u012bm, kontinentiem un oke\u0101niem. Augstas kvalit\u0101tes puzles gabali\u0146i nodro\u0161ina prec\u012bzu salik\u0161anu un vienm\u0113r\u012bgu salik\u0161anas pieredzi. Kad puzle ir salikta, t\u0101 p\u0101rtop par skaistu m\u016bsu plan\u0113tas att\u0113lojumu, kas ir ide\u0101li piem\u0113rots izlik\u0161anai. Puzle ir ievietota elegant\u0101, reljef\u0101 sk\u0101rda iepakojum\u0101, padarot to par br\u012bni\u0161\u0137\u012bgu d\u0101vanu un kolekcion\u0113jamu priek\u0161metu puz\u013cu cien\u012bt\u0101jiem.<\/span><\/p>\n<p><\/p>","protected":false},"excerpt":{"rendered":"<p><strong>Ang\u013cu valod\u0101<\/strong><\/p>\n<p>550 gabali\u0146i un plak\u0101ts<br \/>\nSaliktas puzles izm\u0113rs: 48 x 33 cm<br \/>\nKastes izm\u0113rs: 22.86 x 20.32 x 21.59 cm<br \/>\nRa\u017eot\u0101js: Eurographics Canada<br \/>\nImport\u0113t\u0101js: JSC Sumanus pasaulis<br \/>\nPiem\u0113rota no 12 gadu vecuma<\/p>\n<p>EAN: 628136658638<\/p>\n","protected":false},"featured_media":21590,"comment_status":"closed","ping_status":"closed","template":"","meta":[],"product_brand":[],"product_cat":[113,15,86],"product_tag":[],"class_list":{"0":"post-21458","1":"product","2":"type-product","3":"status-publish","4":"has-post-thumbnail","6":"product_cat-skoleniem","7":"product_cat-puzles-speles","8":"product_cat-davanas","10":"first","11":"outofstock","12":"taxable","13":"shipping-taxable","14":"purchasable","15":"product-type-simple"},"_links":{"self":[{"href":"https:\/\/www.kartes.lv\/lv\/wp-json\/wp\/v2\/product\/21458","targetHints":{"allow":["GET"]}}],"collection":[{"href":"https:\/\/www.kartes.lv\/lv\/wp-json\/wp\/v2\/product"}],"about":[{"href":"https:\/\/www.kartes.lv\/lv\/wp-json\/wp\/v2\/types\/product"}],"replies":[{"embeddable":true,"href":"https:\/\/www.kartes.lv\/lv\/wp-json\/wp\/v2\/comments?post=21458"}],"wp:featuredmedia":[{"embeddable":true,"href":"https:\/\/www.kartes.lv\/lv\/wp-json\/wp\/v2\/media\/21590"}],"wp:attachment":[{"href":"https:\/\/www.kartes.lv\/lv\/wp-json\/wp\/v2\/media?parent=21458"}],"wp:term":[{"taxonomy":"product_brand","embeddable":true,"href":"https:\/\/www.kartes.lv\/lv\/wp-json\/wp\/v2\/product_brand?post=21458"},{"taxonomy":"product_cat","embeddable":true,"href":"https:\/\/www.kartes.lv\/lv\/wp-json\/wp\/v2\/product_cat?post=21458"},{"taxonomy":"product_tag","embeddable":true,"href":"https:\/\/www.kartes.lv\/lv\/wp-json\/wp\/v2\/product_tag?post=21458"}],"curies":[{"name":"wp","href":"https:\/\/api.w.org\/{rel}","templated":true}]}}