{"id":21473,"date":"2025-12-04T11:13:24","date_gmt":"2025-12-04T09:13:24","guid":{"rendered":"https:\/\/www.kartes.lv\/?post_type=product&#038;p=21473"},"modified":"2025-12-18T09:29:57","modified_gmt":"2025-12-18T07:29:57","slug":"izpeti-saules-sistemu-anglu-valoda","status":"publish","type":"product","link":"https:\/\/www.kartes.lv\/lv\/product\/izpeti-saules-sistemu-anglu-valoda\/","title":{"rendered":"Izp\u0113ti Saules sist\u0113mu. Puzle (ang\u013cu valod\u0101)"},"content":{"rendered":"<p><\/p>\n<p class=\"tw-data-text tw-text-large tw-ta\" dir=\"ltr\" role=\"text\" data-placeholder=\"Tulkojums\" data-ved=\"2ahUKEwj1ipOMsqORAxXaBxAIHfJiFf4Q3ewLegQICxAV\" aria-label=\"Tulkotais teksts: Eurographics ilustr\u0113t\u0101 pasaules karte 100 gabalu puzle Atkl\u0101jiet m\u016bsu pasaules br\u012bnumus ar \u0161o aizraujo\u0161o 100 gabalu puzli! Dodieties ce\u013cojum\u0101 apk\u0101rt zemeslodei un salieciet kontinentus un oke\u0101nus kop\u0101, vienlaikus atkl\u0101jot aizraujo\u0161o dz\u012bvnieku kl\u0101stu, kas apdz\u012bvo katru pasaules da\u013cu. S\u0101kot ar Arktikas pol\u0101rl\u0101\u010diem un beidzot ar Antarkt\u012bdas pingv\u012bniem, salieciet spilgtu ilustr\u0101ciju, kas piepild\u012bta ar ikonisk\u0101m rad\u012bb\u0101m un atpaz\u012bstamiem orientieriem. \u0160\u012b Eurographics puzle pied\u0101v\u0101 aizraujo\u0161u veidu, k\u0101 uzzin\u0101t par \u0123eogr\u0101fiju un savva\u013cas dz\u012bvniekiem vis\u0101 pasaul\u0113.\"><span class=\"Y2IQFc\" lang=\"lv\">Atkl\u0101jiet saules sist\u0113mas br\u012bnumus ar \u0161o aizraujo\u0161o 200 gabalu puzli! <\/span><\/p>\n<p class=\"tw-data-text tw-text-large tw-ta\" dir=\"ltr\" role=\"text\" data-placeholder=\"Tulkojums\" data-ved=\"2ahUKEwj1ipOMsqORAxXaBxAIHfJiFf4Q3ewLegQICxAV\" aria-label=\"Tulkotais teksts: Eurographics ilustr\u0113t\u0101 pasaules karte 100 gabalu puzle Atkl\u0101jiet m\u016bsu pasaules br\u012bnumus ar \u0161o aizraujo\u0161o 100 gabalu puzli! Dodieties ce\u013cojum\u0101 apk\u0101rt zemeslodei un salieciet kontinentus un oke\u0101nus kop\u0101, vienlaikus atkl\u0101jot aizraujo\u0161o dz\u012bvnieku kl\u0101stu, kas apdz\u012bvo katru pasaules da\u013cu. S\u0101kot ar Arktikas pol\u0101rl\u0101\u010diem un beidzot ar Antarkt\u012bdas pingv\u012bniem, salieciet spilgtu ilustr\u0101ciju, kas piepild\u012bta ar ikonisk\u0101m rad\u012bb\u0101m un atpaz\u012bstamiem orientieriem. \u0160\u012b Eurographics puzle pied\u0101v\u0101 aizraujo\u0161u veidu, k\u0101 uzzin\u0101t par \u0123eogr\u0101fiju un savva\u013cas dz\u012bvniekiem vis\u0101 pasaul\u0113.\">\n<p><\/p>","protected":false},"excerpt":{"rendered":"<p><strong>Ang\u013cu valod\u0101<\/strong><\/p>\n<p>200 gabali\u0146i<br \/>\nSaliktas puzles izm\u0113rs: 33 x 48 cm<br \/>\nKastes izm\u0113rs: 20 x 20 x 6,4 cm<br \/>\nRa\u017eot\u0101js: Eurographics Canada<br \/>\nImport\u0113t\u0101js: JSC Sumanus pasaulis<br \/>\nPiem\u0113rota no 5 gadu vecuma<\/p>\n<p>EAN: 628136654869<\/p>\n","protected":false},"featured_media":21587,"comment_status":"closed","ping_status":"closed","template":"","meta":[],"product_brand":[],"product_cat":[15,86],"product_tag":[],"class_list":{"0":"post-21473","1":"product","2":"type-product","3":"status-publish","4":"has-post-thumbnail","6":"product_cat-puzles-speles","7":"product_cat-davanas","9":"first","10":"outofstock","11":"taxable","12":"shipping-taxable","13":"purchasable","14":"product-type-simple"},"_links":{"self":[{"href":"https:\/\/www.kartes.lv\/lv\/wp-json\/wp\/v2\/product\/21473","targetHints":{"allow":["GET"]}}],"collection":[{"href":"https:\/\/www.kartes.lv\/lv\/wp-json\/wp\/v2\/product"}],"about":[{"href":"https:\/\/www.kartes.lv\/lv\/wp-json\/wp\/v2\/types\/product"}],"replies":[{"embeddable":true,"href":"https:\/\/www.kartes.lv\/lv\/wp-json\/wp\/v2\/comments?post=21473"}],"wp:featuredmedia":[{"embeddable":true,"href":"https:\/\/www.kartes.lv\/lv\/wp-json\/wp\/v2\/media\/21587"}],"wp:attachment":[{"href":"https:\/\/www.kartes.lv\/lv\/wp-json\/wp\/v2\/media?parent=21473"}],"wp:term":[{"taxonomy":"product_brand","embeddable":true,"href":"https:\/\/www.kartes.lv\/lv\/wp-json\/wp\/v2\/product_brand?post=21473"},{"taxonomy":"product_cat","embeddable":true,"href":"https:\/\/www.kartes.lv\/lv\/wp-json\/wp\/v2\/product_cat?post=21473"},{"taxonomy":"product_tag","embeddable":true,"href":"https:\/\/www.kartes.lv\/lv\/wp-json\/wp\/v2\/product_tag?post=21473"}],"curies":[{"name":"wp","href":"https:\/\/api.w.org\/{rel}","templated":true}]}}