{"id":21479,"date":"2025-12-04T12:10:53","date_gmt":"2025-12-04T10:10:53","guid":{"rendered":"https:\/\/www.kartes.lv\/?post_type=product&#038;p=21479"},"modified":"2025-12-18T12:46:06","modified_gmt":"2025-12-18T10:46:06","slug":"saules-sistema-puzle-anglu-valoda","status":"publish","type":"product","link":"https:\/\/www.kartes.lv\/lv\/product\/saules-sistema-puzle-anglu-valoda\/","title":{"rendered":"Saules sist\u0113ma. Puzle (ang\u013cu valod\u0101)"},"content":{"rendered":"<p><\/p>\n<p id=\"tw-target-text\" class=\"tw-data-text tw-text-large tw-ta\" dir=\"ltr\" role=\"text\" data-placeholder=\"Tulkojums\" data-ved=\"2ahUKEwj1ipOMsqORAxXaBxAIHfJiFf4Q3ewLegQICxAV\" aria-label=\"Tulkotais teksts: Dodieties kosmisk\u0101 ce\u013cojum\u0101 ar Eurographics 100 deta\u013cu puzli &quot;Saules sist\u0113ma&quot;. \u0160\u012b spilgt\u0101 puzle skaisti ilustr\u0113 m\u016bsu debesu apk\u0101rtni, att\u0113lojot sauli un visas asto\u0146as plan\u0113tas to orb\u012bt\u0101s. Katra plan\u0113ta ir skaidri apz\u012bm\u0113ta, nodro\u0161inot saisto\u0161u un izgl\u012btojo\u0161u pieredzi, saliekot \u0161o satrieco\u0161o astronomisko att\u0113lojumu. \u0160\u012b augstas kvalit\u0101tes Eurographics puzle pied\u0101v\u0101 vizu\u0101li valdzino\u0161u veidu, k\u0101 uzzin\u0101t par kosmosu.\"><span class=\"Y2IQFc\" lang=\"lv\">Dodieties kosmisk\u0101 ce\u013cojum\u0101 ar Eurographics 100 deta\u013cu puzli &#8220;Saules sist\u0113ma&#8221;. <\/span><\/p>\n<p class=\"tw-data-text tw-text-large tw-ta\" dir=\"ltr\" role=\"text\" data-placeholder=\"Tulkojums\" data-ved=\"2ahUKEwj1ipOMsqORAxXaBxAIHfJiFf4Q3ewLegQICxAV\" aria-label=\"Tulkotais teksts: Dodieties kosmisk\u0101 ce\u013cojum\u0101 ar Eurographics 100 deta\u013cu puzli &quot;Saules sist\u0113ma&quot;. \u0160\u012b spilgt\u0101 puzle skaisti ilustr\u0113 m\u016bsu debesu apk\u0101rtni, att\u0113lojot sauli un visas asto\u0146as plan\u0113tas to orb\u012bt\u0101s. Katra plan\u0113ta ir skaidri apz\u012bm\u0113ta, nodro\u0161inot saisto\u0161u un izgl\u012btojo\u0161u pieredzi, saliekot \u0161o satrieco\u0161o astronomisko att\u0113lojumu. \u0160\u012b augstas kvalit\u0101tes Eurographics puzle pied\u0101v\u0101 vizu\u0101li valdzino\u0161u veidu, k\u0101 uzzin\u0101t par kosmosu.\"><span class=\"Y2IQFc\" lang=\"lv\">\u0160\u012b spilgt\u0101 puzle skaisti ilustr\u0113 m\u016bsu debesu apk\u0101rtni, att\u0113lojot sauli un visas asto\u0146as plan\u0113tas to orb\u012bt\u0101s. Katra plan\u0113ta ir skaidri apz\u012bm\u0113ta, nodro\u0161inot saisto\u0161u un izgl\u012btojo\u0161u pieredzi, saliekot \u0161o satrieco\u0161o astronomisko att\u0113lojumu. \u0160\u012b augstas kvalit\u0101tes Eurographics puzle pied\u0101v\u0101 vizu\u0101li valdzino\u0161u veidu, k\u0101 uzzin\u0101t par kosmosu.<\/span><\/p>\n<p><\/p>","protected":false},"excerpt":{"rendered":"<p><strong>Ang\u013cu valod\u0101<\/strong><\/p>\n<p>100 gabali\u0146i<br \/>\nSaliktas puzles izm\u0113rs: 33,9 x 48,2 cm<br \/>\nKastes izm\u0113rs: 20,3 x 20,3 x 6 cm<br \/>\nRa\u017eot\u0101js: Eurographics Canada<br \/>\nImport\u0113t\u0101js: JSC Sumanus pasaulis<br \/>\nPiem\u0113rota no 5 gadu vecuma<\/p>\n<p>EAN: 628136611091<\/p>\n","protected":false},"featured_media":21588,"comment_status":"closed","ping_status":"closed","template":"","meta":[],"product_brand":[],"product_cat":[15,86],"product_tag":[],"class_list":{"0":"post-21479","1":"product","2":"type-product","3":"status-publish","4":"has-post-thumbnail","6":"product_cat-puzles-speles","7":"product_cat-davanas","9":"first","10":"outofstock","11":"taxable","12":"shipping-taxable","13":"purchasable","14":"product-type-simple"},"_links":{"self":[{"href":"https:\/\/www.kartes.lv\/lv\/wp-json\/wp\/v2\/product\/21479","targetHints":{"allow":["GET"]}}],"collection":[{"href":"https:\/\/www.kartes.lv\/lv\/wp-json\/wp\/v2\/product"}],"about":[{"href":"https:\/\/www.kartes.lv\/lv\/wp-json\/wp\/v2\/types\/product"}],"replies":[{"embeddable":true,"href":"https:\/\/www.kartes.lv\/lv\/wp-json\/wp\/v2\/comments?post=21479"}],"wp:featuredmedia":[{"embeddable":true,"href":"https:\/\/www.kartes.lv\/lv\/wp-json\/wp\/v2\/media\/21588"}],"wp:attachment":[{"href":"https:\/\/www.kartes.lv\/lv\/wp-json\/wp\/v2\/media?parent=21479"}],"wp:term":[{"taxonomy":"product_brand","embeddable":true,"href":"https:\/\/www.kartes.lv\/lv\/wp-json\/wp\/v2\/product_brand?post=21479"},{"taxonomy":"product_cat","embeddable":true,"href":"https:\/\/www.kartes.lv\/lv\/wp-json\/wp\/v2\/product_cat?post=21479"},{"taxonomy":"product_tag","embeddable":true,"href":"https:\/\/www.kartes.lv\/lv\/wp-json\/wp\/v2\/product_tag?post=21479"}],"curies":[{"name":"wp","href":"https:\/\/api.w.org\/{rel}","templated":true}]}}