{"id":21523,"date":"2025-12-10T10:31:55","date_gmt":"2025-12-10T08:31:55","guid":{"rendered":"https:\/\/www.kartes.lv\/?post_type=product&#038;p=21523"},"modified":"2025-12-15T10:29:14","modified_gmt":"2025-12-15T08:29:14","slug":"nasa-saules-sistema-puzle-anglu-valoda","status":"publish","type":"product","link":"https:\/\/www.kartes.lv\/lv\/product\/nasa-saules-sistema-puzle-anglu-valoda\/","title":{"rendered":"NASA Saules sist\u0113ma. Puzle (ang\u013cu valod\u0101)"},"content":{"rendered":"<p>Eurographics NASA Saules sist\u0113mas 1000 gabalu puzle Saules sist\u0113ma liel\u0101koties ir tuk\u0161a telpa. Plan\u0113tas \u2013 Merkurs, Venera, Zeme, Marss, Jupiters, Saturns, Ur\u0101ns un Nept\u016bns \u2013 ir diezgan ierobe\u017eotas, sal\u012bdzinot ar telpu starp t\u0101m.<\/p>\n<p>Iztur\u012bgas, augstas kvalit\u0101tes puzles gabali\u0146i. Izgatavots no p\u0101rstr\u0101d\u0101ta kartona un apdruk\u0101ts ar augu izcelsmes tinti.<\/p>\n<p>&nbsp;<\/p>","protected":false},"excerpt":{"rendered":"<p><strong>Ang\u013cu valod\u0101<\/strong><\/p>\n<p>1000 gabali\u0146i<br \/>\nSaliktas puzles izm\u0113rs: 67.6 x 48.9 cm<br \/>\nKastes izm\u0113rs: 35.6 x 25.4 x 6 cm<br \/>\nRa\u017eot\u0101js: Eurographics Canada<br \/>\nImport\u0113t\u0101js: JSC Sumanus pasaulis<br \/>\nPiem\u0113rota no 12 gadu vecuma<\/p>\n<p>EAN: 628136601009<\/p>\n","protected":false},"featured_media":21582,"comment_status":"closed","ping_status":"closed","template":"","meta":[],"product_brand":[],"product_cat":[15,86],"product_tag":[],"class_list":{"0":"post-21523","1":"product","2":"type-product","3":"status-publish","4":"has-post-thumbnail","6":"product_cat-puzles-speles","7":"product_cat-davanas","9":"first","10":"instock","11":"taxable","12":"shipping-taxable","13":"purchasable","14":"product-type-simple"},"_links":{"self":[{"href":"https:\/\/www.kartes.lv\/lv\/wp-json\/wp\/v2\/product\/21523","targetHints":{"allow":["GET"]}}],"collection":[{"href":"https:\/\/www.kartes.lv\/lv\/wp-json\/wp\/v2\/product"}],"about":[{"href":"https:\/\/www.kartes.lv\/lv\/wp-json\/wp\/v2\/types\/product"}],"replies":[{"embeddable":true,"href":"https:\/\/www.kartes.lv\/lv\/wp-json\/wp\/v2\/comments?post=21523"}],"wp:featuredmedia":[{"embeddable":true,"href":"https:\/\/www.kartes.lv\/lv\/wp-json\/wp\/v2\/media\/21582"}],"wp:attachment":[{"href":"https:\/\/www.kartes.lv\/lv\/wp-json\/wp\/v2\/media?parent=21523"}],"wp:term":[{"taxonomy":"product_brand","embeddable":true,"href":"https:\/\/www.kartes.lv\/lv\/wp-json\/wp\/v2\/product_brand?post=21523"},{"taxonomy":"product_cat","embeddable":true,"href":"https:\/\/www.kartes.lv\/lv\/wp-json\/wp\/v2\/product_cat?post=21523"},{"taxonomy":"product_tag","embeddable":true,"href":"https:\/\/www.kartes.lv\/lv\/wp-json\/wp\/v2\/product_tag?post=21523"}],"curies":[{"name":"wp","href":"https:\/\/api.w.org\/{rel}","templated":true}]}}