{"id":21543,"date":"2025-12-10T11:08:25","date_gmt":"2025-12-10T09:08:25","guid":{"rendered":"https:\/\/www.kartes.lv\/?post_type=product&#038;p=21543"},"modified":"2025-12-10T12:45:21","modified_gmt":"2025-12-10T10:45:21","slug":"putni-puzle-anglu-valoda","status":"publish","type":"product","link":"https:\/\/www.kartes.lv\/lv\/product\/putni-puzle-anglu-valoda\/","title":{"rendered":"Putni. Puzle (ang\u013cu valod\u0101)"},"content":{"rendered":"<p><\/p>\n<p id=\"tw-target-text\" class=\"tw-data-text tw-text-large tw-ta\" dir=\"ltr\" role=\"text\" data-placeholder=\"Tulkojums\" data-ved=\"2ahUKEwjvvIeJzrKRAxX4ExAIHZG_GsgQ3ewLegQICxAW\" aria-label=\"Tulkotais teksts: Eurographics ant\u012bk\u0101s pasaules kartes 1000 gabalu puzle \u0160\u012bs kr\u0101sain\u0101s puzles izm\u0113ri ir 19,25 x 26,6 collas (48,89 x 67,56 cm). Kastes izm\u0113rs: 10 x 14 x 2,37 collas (25,4 x 35,36 x 6 cm). \u0160\u012b karte pirmo reizi tika izdota Merkatora-Hondija atlant\u0101 1630. gada izdevum\u0101, atbildot uz Vilema Bl\u0113 darbu. Dekorat\u012bv\u0101s robe\u017eas rot\u0101 J\u016blija C\u0113zara, Ptolemaja, Hondija un Merkatora portreti. Taj\u0101 att\u0113lots agr\u012bns Austr\u0101lijas zieme\u013cu piekrastes izskats. Paz\u012bstama k\u0101 viena no skaist\u0101kaj\u0101m pasaules kart\u0113m taj\u0101 laik\u0101. Iztur\u012bgi augstas kvalit\u0101tes puzles gabali\u0146i. Izgatavoti no p\u0101rstr\u0101d\u0101ta kartona un apdruk\u0101ti ar augu izcelsmes tinti.\"><span class=\"Y2IQFc\" lang=\"lv\">Eurographics putnu 1000 gabalu puzle <\/span><\/p>\n<p class=\"tw-data-text tw-text-large tw-ta\" dir=\"ltr\" role=\"text\" data-placeholder=\"Tulkojums\" data-ved=\"2ahUKEwjvvIeJzrKRAxX4ExAIHZG_GsgQ3ewLegQICxAW\" aria-label=\"Tulkotais teksts: \u0160o lielisko ant\u012bko pasaules karti rad\u012bja D\u017eons Sp\u012bds (1552\u20131629), v\u0113sturnieks, kur\u0161 m\u016bsdien\u0101s vislab\u0101k atceras k\u0101 kartogr\u0101fs. Iztur\u012bgas, augstas kvalit\u0101tes puzles deta\u013cas. Izgatavots no p\u0101rstr\u0101d\u0101ta kartona un apdruk\u0101ts ar augu izcelsmes tinti.\"><span class=\"Y2IQFc\" lang=\"lv\">Izgatavots no p\u0101rstr\u0101d\u0101ta kartona un apdruk\u0101ts ar augu izcelsmes tinti.<\/span><\/p>\n<p><\/p>","protected":false},"excerpt":{"rendered":"<p><strong>Ang\u013cu valod\u0101<\/strong><\/p>\n<p>1000 gabali\u0146i<br \/>\nSaliktas puzles izm\u0113rs: 67.6 x 48.9 cm<br \/>\nKastes izm\u0113rs: 35.6 x 25.4 x 6 cm<br \/>\nRa\u017eot\u0101js: Eurographics Canada<br \/>\nImport\u0113t\u0101js: JSC Sumanus pasaulis<br \/>\nPiem\u0113rota no 12 gadu vecuma<\/p>\n<p>EAN: 628136612593<\/p>\n","protected":false},"featured_media":21573,"comment_status":"closed","ping_status":"closed","template":"","meta":[],"product_brand":[],"product_cat":[15,86],"product_tag":[],"class_list":{"0":"post-21543","1":"product","2":"type-product","3":"status-publish","4":"has-post-thumbnail","6":"product_cat-puzles-speles","7":"product_cat-davanas","9":"first","10":"instock","11":"taxable","12":"shipping-taxable","13":"purchasable","14":"product-type-simple"},"_links":{"self":[{"href":"https:\/\/www.kartes.lv\/lv\/wp-json\/wp\/v2\/product\/21543","targetHints":{"allow":["GET"]}}],"collection":[{"href":"https:\/\/www.kartes.lv\/lv\/wp-json\/wp\/v2\/product"}],"about":[{"href":"https:\/\/www.kartes.lv\/lv\/wp-json\/wp\/v2\/types\/product"}],"replies":[{"embeddable":true,"href":"https:\/\/www.kartes.lv\/lv\/wp-json\/wp\/v2\/comments?post=21543"}],"wp:featuredmedia":[{"embeddable":true,"href":"https:\/\/www.kartes.lv\/lv\/wp-json\/wp\/v2\/media\/21573"}],"wp:attachment":[{"href":"https:\/\/www.kartes.lv\/lv\/wp-json\/wp\/v2\/media?parent=21543"}],"wp:term":[{"taxonomy":"product_brand","embeddable":true,"href":"https:\/\/www.kartes.lv\/lv\/wp-json\/wp\/v2\/product_brand?post=21543"},{"taxonomy":"product_cat","embeddable":true,"href":"https:\/\/www.kartes.lv\/lv\/wp-json\/wp\/v2\/product_cat?post=21543"},{"taxonomy":"product_tag","embeddable":true,"href":"https:\/\/www.kartes.lv\/lv\/wp-json\/wp\/v2\/product_tag?post=21543"}],"curies":[{"name":"wp","href":"https:\/\/api.w.org\/{rel}","templated":true}]}}