{"id":2920,"date":"2016-10-28T11:13:32","date_gmt":"2016-10-28T09:13:32","guid":{"rendered":"http:\/\/wp4.kartes.lv\/lv\/product\/karte-uz-magnetiskas-tafeles\/"},"modified":"2025-08-04T12:33:58","modified_gmt":"2025-08-04T09:33:58","slug":"karte-uz-magnetiskas-tafeles","status":"publish","type":"product","link":"https:\/\/www.kartes.lv\/lv\/product\/karte-uz-magnetiskas-tafeles\/","title":{"rendered":"Karte uz magn\u0113tisk\u0101s t\u0101feles. Izgatavojam p\u0113c individu\u0101la pas\u016bt\u012bjuma!"},"content":{"rendered":"<p><strong>Karte ar magn\u0113tisku pamatni:<\/strong><br \/>\n\u2022 Lamin\u0113ta virsma rakst\u012b\u0161anai ar mar\u0137ieriem kas paredz\u0113ti baltaj\u0101m t\u0101fel\u0113m un inform\u0101cijas atz\u012bm\u0113\u0161anai ar magn\u0113tiem<br \/>\n\u2022 Iztur\u012bgs alum\u012bnija r\u0101mis ar plastmasas st\u016br\u012b\u0161iem<br \/>\n\u2022 \u010cetri sl\u0113ptie stiprin\u0101jumi t\u0101feles st\u016bros piestiprin\u0101\u0161anai pie sienas<br \/>\n\u2022 Komplekts mont\u0101\u017eai<\/p>\n<p><strong>*Z\u012bm\u0113\u0161anai uz kartes dr\u012bkst izmantot tikai nepermanentos mar\u0137ierus!<\/strong><\/p>\n<p>Ar magn\u0113tisko pamatni izm\u0113r\u0101 150 x 100 cm m\u0113s pied\u0101v\u0101jam:<br \/>\n\u2022 Latvijas, Lietuvas, Igaunijas administrat\u012bv\u0101 iedal\u012bjuma vai autoce\u013cu kartes<br \/>\n\u2022 Tallinas pils\u0113tas pl\u0101nu<\/p>\n<p>Ar magn\u0113tisko pamatni izm\u0113r\u0101 150 x 120 cm m\u0113s pied\u0101v\u0101jam:<br \/>\n\u2022 R\u012bgas pils\u0113tas pl\u0101nu<br \/>\n\u2022 Vi\u013c\u0146as pils\u0113tas pl\u0101nu<\/p>\n<p>\u0160\u0101da veida kart\u0113m ir iesp\u0113jami ar\u012b citi, individu\u0101li pas\u016bt\u0101mi, risin\u0101jumi gan izm\u0113ra, gan satura zi\u0146\u0101 (piem\u0113ram, iesp\u0113jams pas\u016bt\u012bt savas pils\u0113tas vai novada karti).<\/p>\n<p><em>Pas\u016bt\u012bjumu veik\u0161anai l\u016bdzam sazin\u0101ties:<\/em><\/p>\n<p>E-pasts: <strong>kartes@kartes.lv<\/strong> vai t\u0101lrunis <strong>67317540<\/strong>.<\/p>\n<p>Par pieg\u0101des izmaks\u0101m j\u0101vienojas atsevi\u0161\u0137i!<\/p>","protected":false},"excerpt":{"rendered":"<p><strong>Pieejama p\u0113c pas\u016bt\u012bjuma<\/strong>, izgatavojam 3-7 darba dienu laik\u0101.<\/p>\n<p>Ar magn\u0113tisko pamatni izm\u0113r\u0101 150 x 100 cm m\u0113s pied\u0101v\u0101jam izgatavot:<br \/>\n\u2022 Latvijas, Lietuvas, Igaunijas administrat\u012bv\u0101 iedal\u012bjuma vai autoce\u013cu kartes<br \/>\n\u2022 Tallinas pils\u0113tas pl\u0101nu<\/p>\n<p>Ar magn\u0113tisko pamatni izm\u0113r\u0101 150 x 120 cm m\u0113s pied\u0101v\u0101jam izgatavot:<br \/>\n\u2022 R\u012bgas pils\u0113tas pl\u0101nu<br \/>\n\u2022 Vi\u013c\u0146as pils\u0113tas pl\u0101nu<\/p>\n","protected":false},"featured_media":5309,"comment_status":"closed","ping_status":"closed","template":"","meta":[],"product_brand":[],"product_cat":[13],"product_tag":[],"class_list":{"0":"post-2920","1":"product","2":"type-product","3":"status-publish","4":"has-post-thumbnail","6":"product_cat-sienas-kartes","8":"first","9":"instock","10":"taxable","11":"shipping-taxable","12":"purchasable","13":"product-type-simple"},"_links":{"self":[{"href":"https:\/\/www.kartes.lv\/lv\/wp-json\/wp\/v2\/product\/2920","targetHints":{"allow":["GET"]}}],"collection":[{"href":"https:\/\/www.kartes.lv\/lv\/wp-json\/wp\/v2\/product"}],"about":[{"href":"https:\/\/www.kartes.lv\/lv\/wp-json\/wp\/v2\/types\/product"}],"replies":[{"embeddable":true,"href":"https:\/\/www.kartes.lv\/lv\/wp-json\/wp\/v2\/comments?post=2920"}],"wp:featuredmedia":[{"embeddable":true,"href":"https:\/\/www.kartes.lv\/lv\/wp-json\/wp\/v2\/media\/5309"}],"wp:attachment":[{"href":"https:\/\/www.kartes.lv\/lv\/wp-json\/wp\/v2\/media?parent=2920"}],"wp:term":[{"taxonomy":"product_brand","embeddable":true,"href":"https:\/\/www.kartes.lv\/lv\/wp-json\/wp\/v2\/product_brand?post=2920"},{"taxonomy":"product_cat","embeddable":true,"href":"https:\/\/www.kartes.lv\/lv\/wp-json\/wp\/v2\/product_cat?post=2920"},{"taxonomy":"product_tag","embeddable":true,"href":"https:\/\/www.kartes.lv\/lv\/wp-json\/wp\/v2\/product_tag?post=2920"}],"curies":[{"name":"wp","href":"https:\/\/api.w.org\/{rel}","templated":true}]}}